{"id":8446,"date":"2020-08-07T10:59:29","date_gmt":"2020-08-07T07:59:29","guid":{"rendered":"https:\/\/extur.by\/?page_id=8446"},"modified":"2020-08-07T10:59:29","modified_gmt":"2020-08-07T07:59:29","slug":"wizyta-polskich-lesnikow-do-puszczy-bialowieskiej","status":"publish","type":"page","link":"https:\/\/extur.by\/pl\/albumy-wycieczek\/wizyta-polskich-lesnikow-do-puszczy-bialowieskiej\/","title":{"rendered":"Wizyta polskich le\u015bnik\u00f3w do Puszczy Bia\u0142owieskiej"},"content":{"rendered":"\n<figure class=\"wp-block-gallery columns-3 is-cropped\"><ul class=\"blocks-gallery-grid\"><li class=\"blocks-gallery-item\"><figure><img loading=\"lazy\" width=\"1200\" height=\"900\" src=\"https:\/\/extur.by\/wp-content\/uploads\/2020\/02\/5-4.jpg\" alt=\"\" data-id=\"6317\" data-full-url=\"https:\/\/extur.by\/wp-content\/uploads\/2020\/02\/5-4.jpg\" data-link=\"https:\/\/extur.by\/pl\/5-4-2\/\" class=\"wp-image-6317\" srcset=\"https:\/\/extur.by\/wp-content\/uploads\/2020\/02\/5-4.jpg 1200w, https:\/\/extur.by\/wp-content\/uploads\/2020\/02\/5-4-768x576.jpg 768w, https:\/\/extur.by\/wp-content\/uploads\/2020\/02\/5-4-500x375.jpg 500w\" sizes=\"(max-width: 1200px) 100vw, 1200px\" \/><\/figure><\/li><li class=\"blocks-gallery-item\"><figure><img loading=\"lazy\" width=\"1200\" height=\"900\" src=\"https:\/\/extur.by\/wp-content\/uploads\/2020\/02\/1-6.jpg\" alt=\"\" data-id=\"6313\" data-full-url=\"https:\/\/extur.by\/wp-content\/uploads\/2020\/02\/1-6.jpg\" data-link=\"https:\/\/extur.by\/pl\/1-6-2\/\" class=\"wp-image-6313\" srcset=\"https:\/\/extur.by\/wp-content\/uploads\/2020\/02\/1-6.jpg 1200w, https:\/\/extur.by\/wp-content\/uploads\/2020\/02\/1-6-768x576.jpg 768w, https:\/\/extur.by\/wp-content\/uploads\/2020\/02\/1-6-500x375.jpg 500w\" sizes=\"(max-width: 1200px) 100vw, 1200px\" \/><\/figure><\/li><li class=\"blocks-gallery-item\"><figure><img loading=\"lazy\" width=\"1200\" height=\"900\" src=\"https:\/\/extur.by\/wp-content\/uploads\/2020\/02\/4-4.jpg\" alt=\"\" data-id=\"6321\" data-full-url=\"https:\/\/extur.by\/wp-content\/uploads\/2020\/02\/4-4.jpg\" data-link=\"https:\/\/extur.by\/pl\/4-4-2\/\" class=\"wp-image-6321\" srcset=\"https:\/\/extur.by\/wp-content\/uploads\/2020\/02\/4-4.jpg 1200w, https:\/\/extur.by\/wp-content\/uploads\/2020\/02\/4-4-768x576.jpg 768w, https:\/\/extur.by\/wp-content\/uploads\/2020\/02\/4-4-500x375.jpg 500w\" sizes=\"(max-width: 1200px) 100vw, 1200px\" \/><\/figure><\/li><li class=\"blocks-gallery-item\"><figure><img loading=\"lazy\" width=\"1200\" height=\"900\" src=\"https:\/\/extur.by\/wp-content\/uploads\/2020\/02\/2-4.jpg\" alt=\"\" data-id=\"6309\" data-full-url=\"https:\/\/extur.by\/wp-content\/uploads\/2020\/02\/2-4.jpg\" data-link=\"https:\/\/extur.by\/pl\/2-4-2\/\" class=\"wp-image-6309\" srcset=\"https:\/\/extur.by\/wp-content\/uploads\/2020\/02\/2-4.jpg 1200w, https:\/\/extur.by\/wp-content\/uploads\/2020\/02\/2-4-768x576.jpg 768w, https:\/\/extur.by\/wp-content\/uploads\/2020\/02\/2-4-500x375.jpg 500w\" sizes=\"(max-width: 1200px) 100vw, 1200px\" \/><\/figure><\/li><li class=\"blocks-gallery-item\"><figure><img loading=\"lazy\" width=\"1200\" height=\"900\" src=\"https:\/\/extur.by\/wp-content\/uploads\/2020\/02\/3-5.jpg\" alt=\"\" data-id=\"6305\" data-full-url=\"https:\/\/extur.by\/wp-content\/uploads\/2020\/02\/3-5.jpg\" data-link=\"https:\/\/extur.by\/pl\/3-5-2\/\" class=\"wp-image-6305\" srcset=\"https:\/\/extur.by\/wp-content\/uploads\/2020\/02\/3-5.jpg 1200w, https:\/\/extur.by\/wp-content\/uploads\/2020\/02\/3-5-768x576.jpg 768w, https:\/\/extur.by\/wp-content\/uploads\/2020\/02\/3-5-500x375.jpg 500w\" sizes=\"(max-width: 1200px) 100vw, 1200px\" \/><\/figure><\/li><\/ul><\/figure>\n","protected":false},"excerpt":{"rendered":"","protected":false},"author":1,"featured_media":6321,"parent":4093,"menu_order":0,"comment_status":"closed","ping_status":"closed","template":"","meta":[],"_links":{"self":[{"href":"https:\/\/extur.by\/pl\/wp-json\/wp\/v2\/pages\/8446\/"}],"collection":[{"href":"https:\/\/extur.by\/pl\/wp-json\/wp\/v2\/pages\/"}],"about":[{"href":"https:\/\/extur.by\/pl\/wp-json\/wp\/v2\/types\/page\/"}],"author":[{"embeddable":true,"href":"https:\/\/extur.by\/pl\/wp-json\/wp\/v2\/users\/1\/"}],"replies":[{"embeddable":true,"href":"https:\/\/extur.by\/pl\/wp-json\/wp\/v2\/comments\/?post=8446"}],"version-history":[{"count":1,"href":"https:\/\/extur.by\/pl\/wp-json\/wp\/v2\/pages\/8446\/revisions\/"}],"predecessor-version":[{"id":8447,"href":"https:\/\/extur.by\/pl\/wp-json\/wp\/v2\/pages\/8446\/revisions\/8447\/"}],"up":[{"embeddable":true,"href":"https:\/\/extur.by\/pl\/wp-json\/wp\/v2\/pages\/4093\/"}],"wp:featuredmedia":[{"embeddable":true,"href":"https:\/\/extur.by\/pl\/wp-json\/wp\/v2\/media\/6321\/"}],"wp:attachment":[{"href":"https:\/\/extur.by\/pl\/wp-json\/wp\/v2\/media\/?parent=8446"}],"curies":[{"name":"wp","href":"https:\/\/api.w.org\/{rel}","templated":true}]}}