{"id":6690,"date":"2020-03-08T23:29:10","date_gmt":"2020-03-08T20:29:10","guid":{"rendered":"https:\/\/extur.by\/?page_id=6690"},"modified":"2020-03-08T23:32:42","modified_gmt":"2020-03-08T20:32:42","slug":"sanatorium-praleska-2","status":"publish","type":"page","link":"https:\/\/extur.by\/pl\/medyczne-turystyka\/sanatoria\/sanatorium-praleska-2\/","title":{"rendered":"Sanatorium RADON"},"content":{"rendered":"<p>[vc_row][vc_column][vc_empty_space][\/vc_column][\/vc_row][vc_row][vc_column width=&#8221;1\/2&#8243;][vc_images_carousel images=&#8221;6960,6956,7004,7020,7016,7000,6996,6984,6980,6972,6988,7012,6992,7076,7072,7008,6976,6968,6964,6952,6948,6944,6940,6936,6932,6928,6924,6920,6916,6912,6908,6904,6900,6896,7080,7084,7068,7064,7060,7056,7052,7048,7044,7040,7036,7032,7028,7024&#8243; img_size=&#8221;full&#8221;][\/vc_column][vc_column width=&#8221;1\/2&#8243;][vc_column_text]<\/p>\n<h2 style=\"text-align: center;\">Sanatorium RADON<\/h2>\n<h4 style=\"text-align: center;\"><span class=\"NormalTextRun SCXW197004127 BCX0\">Odleg\u0142o\u015b\u0107 od Grodna 130 km\u00a0<\/span><\/h4>\n<p style=\"text-align: center;\"><i class=\"fa fa-phone\"><\/i> <a href=\"tel:+375297821472\">+375 29 782 14 72<\/a><br \/>\n<i class=\"fa fa-phone\"><\/i> <a href=\"tel:+375445741472\">+375 44 574 14 72<\/a> (<i class=\"fab fa-viber\"><\/i> <i class=\"fab fa-whatsapp\"><\/i>)<br \/>\n<i class=\"fa fa-phone\"><\/i> <a href=\"tel:+375333518772\">+375 33 351 87 72<\/a> (<i class=\"fab fa-viber\"><\/i> <i class=\"fab fa-whatsapp\"><\/i>)<\/p>\n<p>[\/vc_column_text][tm_contact_form_7 id=&#8221;4246&#8243;][\/vc_column][\/vc_row][vc_row][vc_column][tm_heading custom_google_font=&#8221;&#8221; text=&#8221;Sanatorium RADON&#8221; typed_list=&#8221;%5B%7B%7D%5D&#8221;][vc_separator][vc_column_text]Znajduje si\u0119 na terytorium powiatu Zdzi\u0119cio\u0142, regionu Grodno w lesie sosnowym. Nowoczesny, wielofunkcjonalny leczniczo-zdrowotny kompleks posiada w\u0142asn\u0105 lecznicz\u0105 baz\u0119 i zapewnia pe\u0142en zakres sanatoryjno-uzdrowiskowych us\u0142ug. U\u017cywa do leczenia mineralne radonowe wody z w\u0142asnych studni oraz w\u0142asn\u0105 sapropelow\u0105 borowin\u0119 z jeziora Dzikie.<\/p>\n<p><strong>ZAKWATEROWANIE:<\/strong><br \/>\nW o\u015bmiopi\u0119trowym kompleksie s\u0105 komfortowo wyposa\u017cone jedno \u2013 i dwuosobowe pokoje, apartamenty luksusowe. W ka\u017cdym z pokoi jest \u0142azienka, WC, lod\u00f3wka, telefon,telewizor (TV-SAT),.<\/p>\n<p><strong>OBS\u0141UGIWANIE SCHORZENIA:<\/strong><br \/>\n-choroby uk\u0142adu nerwowego<br \/>\n-choroby uk\u0142adu mi\u0119\u015bniowo-szkieletowego i tkanki \u0142\u0105cznej<br \/>\n-choroby uk\u0142adu moczowo-p\u0142ciowego (w\u0142\u0105cznie z chorobami obejmuj\u0105cymi m\u0119skie narz\u0105dy p\u0142ciowe z zaburzeniami, kobiece narz\u0105dy)<br \/>\n-choroby ginekologiczne<\/p>\n<p><strong>RODZAJE ZABIEG\u00d3W:<\/strong><br \/>\n-leczenie balneo-borowinowe<br \/>\n-elektro\u015bwiat\u0142olecznictwo<br \/>\n-magnetoterapia<br \/>\n-mechaniczne i r\u0119czne masa\u017ce, stounterapia<br \/>\n-stomatologia estetyczna<br \/>\n-wyci\u0105g w wodzie radonowej (horyzontalny)<br \/>\n-kosmetologia laserowa<br \/>\n-tlenoterapia twarzy i cia\u0142a<br \/>\n-fizjoterapia<br \/>\n-leczenie ginekologiczne<br \/>\n-gimnastyka lecznicza<br \/>\n-hydromasa\u017c w wir\u00f3wce Akwaro\u0142\u0142<br \/>\n-terapia pr\u00f3\u017cniowa aparat (Vacumed)<br \/>\n-karboksyterapia<br \/>\n-ozonoterapia<br \/>\n-terapia sokiem<br \/>\n-basen oraz sauna<br \/>\n-centrum kosmetologiczne<br \/>\n-centrum m\u0119skiego zdrowia<br \/>\n-centrum medycyny wschodniej (refleksoterapia, girudoterapia, laseropunktura)<br \/>\n-centrum SPA<\/p>\n<p><strong>DODATKOWE US\u0141UGI:<\/strong><br \/>\nS\u0105 tu rower, wrotki, kije do nordic walkingu, tenis sto\u0142owy, badminton, rzutki, pi\u0142ka do siatk\u00f3wki, pi\u0142ka do pi\u0142ki no\u017cnej, katamarany, \u0142odzie, warcaby, szachy, domino, bilard.<\/p>\n<p><strong>REKREACJA, ROZRYWKA, SPORT:<\/strong><br \/>\nJe\u017celi Pa\u0144stwo b\u0119dzie mia\u0142o czas, mo\u017cna p\u00f3j\u015b\u0107 do biblioteki lub sali Koncertowej, w kt\u00f3rej odbywaj\u0105 si\u0119 imprezy kulturalne, regularnie wykonywane przez znanych bia\u0142oruskich i rosyjskich artyst\u00f3w.<br \/>\nTe\u017c s\u0105 sala taneczna (imprezy taneczna, programy do karaoke, gry), sala bilardowa, letni Amfiteatr (festiwale, koncerty i programy rozrywkowe), boisko do siatk\u00f3wki i koszyk\u00f3wki, pla\u017ca nad jeziorem.<\/p>\n<p>Dodatkowo p\u0142ac\u0105 op\u0142at\u0119 uzdrowiskow\u0105 w wysoko\u015bci 3% od warto\u015bci us\u0142ugi (na miejscu).<\/p>\n<p>Obs\u0142uga klienta w sanatorium rozpoczyna si\u0119 o 08: 00 w dniu przyjazdu, a ko\u0144czy o 21: 00 w dniu zako\u0144czenia podr\u00f3\u017cy.<\/p>\n<p><strong>W CENIE:<\/strong><br \/>\n\u00b7 zakwaterowanie w pokoju o wybranym standardzie;<br \/>\n\u00b7 wy\u017cywienie pi\u0119ciurazowe<br \/>\n\u00b7 kompleks zabieg\u00f3w uzdrowiskowych[\/vc_column_text][\/vc_column][\/vc_row][vc_row][vc_column][vc_raw_html]JTNDc2NyaXB0JTIwdHlwZSUzRCUyMnRleHQlMkZqYXZhc2NyaXB0JTIyJTIwY2hhcnNldCUzRCUyMnV0Zi04JTIyJTIwYXN5bmMlMjBzcmMlM0QlMjJodHRwcyUzQSUyRiUyRmFwaS1tYXBzLnlhbmRleC5ydSUyRnNlcnZpY2VzJTJGY29uc3RydWN0b3IlMkYxLjAlMkZqcyUyRiUzRnVtJTNEY29uc3RydWN0b3IlMjUzQTVkYjM2ZjJmZjkzMDg5MzJlZWU4OWZlOTA5MWQzMDA4MzY2MjBiODYxOTE1NDdkYzc4NmJhZGNiN2VlZTc2N2QlMjZhbXAlM0J3aWR0aCUzRDEwMCUyNTI1JTI2YW1wJTNCaGVpZ2h0JTNENDAwJTI2YW1wJTNCbGFuZyUzRHJ1X1JVJTI2YW1wJTNCc2Nyb2xsJTNEdHJ1ZSUyMiUzRSUzQyUyRnNjcmlwdCUzRQ==[\/vc_raw_html][\/vc_column][\/vc_row]<\/p>\n","protected":false},"excerpt":{"rendered":"[vc_row][vc_column][vc_empty_space][\/vc_column][\/vc_row][vc_row][vc_column width=&#8221;1\/2&#8243;][vc_images_carousel images=&#8221;6960,6956,7004,7020,7016,7000,6996,6984,6980,6972,6988,7012,6992,7076,7072,7008,6976,6968,6964,6952,6948,6944,6940,6936,6932,6928,6924,6920,6916,6912,6908,6904,6900,6896,7080,7084,7068,7064,7060,7056,7052,7048,7044,7040,7036,7032,7028,7024&#8243; img_size=&#8221;full&#8221;][\/vc_column][vc_column width=&#8221;1\/2&#8243;][vc_column_text] Sanatorium RADON Odleg\u0142o\u015b\u0107 od Grodna 130 km\u00a0 +375 29 782 14 72 +375 44 574 14 72 ( ) +375 33 351 87 72 ( ) [\/vc_column_text][tm_contact_form_7 id=&#8221;4246&#8243;][\/vc_column][\/vc_row][vc_row][vc_column][tm_heading custom_google_font=&#8221;&#8221; text=&#8221;Sanatorium RADON&#8221; typed_list=&#8221;%5B%7B%7D%5D&#8221;][vc_separator][vc_column_text]Znajduje si\u0119 na terytorium powiatu Zdzi\u0119cio\u0142, regionu Grodno w lesie sosnowym. Nowoczesny, wielofunkcjonalny leczniczo-zdrowotny kompleks posiada w\u0142asn\u0105 lecznicz\u0105 baz\u0119 i zapewnia pe\u0142en zakres sanatoryjno-uzdrowiskowych us\u0142ug. U\u017cywa do leczenia mineralne radonowe wody z w\u0142asnych studni oraz w\u0142asn\u0105 sapropelow\u0105 borowin\u0119 z jeziora Dzikie. ZAKWATEROWANIE: W o\u015bmiopi\u0119trowym kompleksie s\u0105 komfortowo wyposa\u017cone jedno \u2013 i dwuosobowe pokoje, apartamenty luksusowe. W ka\u017cdym z pokoi jest \u0142azienka, WC, lod\u00f3wka, telefon,telewizor (TV-SAT),. OBS\u0141UGIWANIE SCHORZENIA: -choroby uk\u0142adu nerwowego -choroby uk\u0142adu mi\u0119\u015bniowo-szkieletowego i tkanki \u0142\u0105cznej -choroby uk\u0142adu moczowo-p\u0142ciowego (w\u0142\u0105cznie z chorobami obejmuj\u0105cymi m\u0119skie narz\u0105dy p\u0142ciowe z zaburzeniami, kobiece narz\u0105dy) -choroby ginekologiczne RODZAJE ZABIEG\u00d3W: -leczenie balneo-borowinowe -elektro\u015bwiat\u0142olecznictwo -magnetoterapia -mechaniczne i r\u0119czne masa\u017ce, stounterapia -stomatologia estetyczna -wyci\u0105g w wodzie radonowej (horyzontalny) -kosmetologia laserowa -tlenoterapia twarzy i cia\u0142a -fizjoterapia -leczenie ginekologiczne -gimnastyka lecznicza -hydromasa\u017c w wir\u00f3wce Akwaro\u0142\u0142 -terapia pr\u00f3\u017cniowa aparat (Vacumed) -karboksyterapia -ozonoterapia -terapia sokiem -basen oraz sauna -centrum kosmetologiczne -centrum m\u0119skiego zdrowia -centrum medycyny wschodniej (refleksoterapia, girudoterapia, laseropunktura) -centrum SPA DODATKOWE US\u0141UGI: S\u0105 tu rower, wrotki, kije do nordic walkingu, tenis sto\u0142owy, badminton, rzutki, pi\u0142ka do siatk\u00f3wki, pi\u0142ka do pi\u0142ki no\u017cnej, katamarany, \u0142odzie, warcaby, szachy, domino, bilard. REKREACJA, ROZRYWKA, SPORT: Je\u017celi Pa\u0144stwo b\u0119dzie mia\u0142o czas, mo\u017cna p\u00f3j\u015b\u0107 do biblioteki lub sali Koncertowej, w kt\u00f3rej odbywaj\u0105 si\u0119 imprezy kulturalne, regularnie wykonywane przez znanych bia\u0142oruskich i rosyjskich artyst\u00f3w. Te\u017c s\u0105 sala taneczna (imprezy taneczna, programy do karaoke, gry), sala bilardowa, letni Amfiteatr (festiwale, koncerty i programy rozrywkowe), boisko do siatk\u00f3wki i koszyk\u00f3wki, pla\u017ca nad jeziorem. Dodatkowo p\u0142ac\u0105 op\u0142at\u0119 uzdrowiskow\u0105 w wysoko\u015bci 3% od warto\u015bci us\u0142ugi (na miejscu). Obs\u0142uga klienta w sanatorium rozpoczyna si\u0119 o 08: 00 w dniu przyjazdu, a ko\u0144czy o 21: 00 w dniu zako\u0144czenia podr\u00f3\u017cy. W CENIE: \u00b7 zakwaterowanie w pokoju o wybranym standardzie; \u00b7 wy\u017cywienie pi\u0119ciurazowe \u00b7 kompleks zabieg\u00f3w uzdrowiskowych[\/vc_column_text][\/vc_column][\/vc_row][vc_row][vc_column][vc_raw_html]JTNDc2NyaXB0JTIwdHlwZSUzRCUyMnRleHQlMkZqYXZhc2NyaXB0JTIyJTIwY2hhcnNldCUzRCUyMnV0Zi04JTIyJTIwYXN5bmMlMjBzcmMlM0QlMjJodHRwcyUzQSUyRiUyRmFwaS1tYXBzLnlhbmRleC5ydSUyRnNlcnZpY2VzJTJGY29uc3RydWN0b3IlMkYxLjAlMkZqcyUyRiUzRnVtJTNEY29uc3RydWN0b3IlMjUzQTVkYjM2ZjJmZjkzMDg5MzJlZWU4OWZlOTA5MWQzMDA4MzY2MjBiODYxOTE1NDdkYzc4NmJhZGNiN2VlZTc2N2QlMjZhbXAlM0J3aWR0aCUzRDEwMCUyNTI1JTI2YW1wJTNCaGVpZ2h0JTNENDAwJTI2YW1wJTNCbGFuZyUzRHJ1X1JVJTI2YW1wJTNCc2Nyb2xsJTNEdHJ1ZSUyMiUzRSUzQyUyRnNjcmlwdCUzRQ==[\/vc_raw_html][\/vc_column][\/vc_row]","protected":false},"author":1,"featured_media":6892,"parent":4095,"menu_order":0,"comment_status":"closed","ping_status":"closed","template":"","meta":[],"_links":{"self":[{"href":"https:\/\/extur.by\/pl\/wp-json\/wp\/v2\/pages\/6690\/"}],"collection":[{"href":"https:\/\/extur.by\/pl\/wp-json\/wp\/v2\/pages\/"}],"about":[{"href":"https:\/\/extur.by\/pl\/wp-json\/wp\/v2\/types\/page\/"}],"author":[{"embeddable":true,"href":"https:\/\/extur.by\/pl\/wp-json\/wp\/v2\/users\/1\/"}],"replies":[{"embeddable":true,"href":"https:\/\/extur.by\/pl\/wp-json\/wp\/v2\/comments\/?post=6690"}],"version-history":[{"count":3,"href":"https:\/\/extur.by\/pl\/wp-json\/wp\/v2\/pages\/6690\/revisions\/"}],"predecessor-version":[{"id":7089,"href":"https:\/\/extur.by\/pl\/wp-json\/wp\/v2\/pages\/6690\/revisions\/7089\/"}],"up":[{"embeddable":true,"href":"https:\/\/extur.by\/pl\/wp-json\/wp\/v2\/pages\/4095\/"}],"wp:featuredmedia":[{"embeddable":true,"href":"https:\/\/extur.by\/pl\/wp-json\/wp\/v2\/media\/6892\/"}],"wp:attachment":[{"href":"https:\/\/extur.by\/pl\/wp-json\/wp\/v2\/media\/?parent=6690"}],"curies":[{"name":"wp","href":"https:\/\/api.w.org\/{rel}","templated":true}]}}