{"id":6150,"date":"2020-02-11T23:04:28","date_gmt":"2020-02-11T20:04:28","guid":{"rendered":"https:\/\/extur.by\/?page_id=6150"},"modified":"2020-02-11T23:05:52","modified_gmt":"2020-02-11T20:05:52","slug":"sanatorium-praleska","status":"publish","type":"page","link":"https:\/\/extur.by\/pl\/medyczne-turystyka\/sanatoria\/sanatorium-praleska\/","title":{"rendered":"Sanatorium PRALESKA"},"content":{"rendered":"<p>[vc_row][vc_column][vc_empty_space][\/vc_column][\/vc_row][vc_row][vc_column width=&#8221;1\/2&#8243;][vc_images_carousel images=&#8221;6186,6166,6154,6210,6258,6266,6262,6246,6238,6230,6218,6226,6214,6206,6202,6194,6158,6162,6170,6174,6178,6182,6190,6198,6222,6234,6242,6250,6254,6270,6274,6278,6282&#8243; img_size=&#8221;full&#8221;][\/vc_column][vc_column width=&#8221;1\/2&#8243;][vc_column_text]<\/p>\n<h2 style=\"text-align: center;\">Sanatorium PRALESKA<\/h2>\n<h4 style=\"text-align: center;\"><span class=\"NormalTextRun SCXW197004127 BCX0\">Odleg\u0142o\u015b\u0107 od Grodna 75 km\u00a0<\/span><\/h4>\n<p style=\"text-align: center;\"><i class=\"fa fa-phone\"><\/i> <a href=\"tel:+375297821472\">+375 29 782 14 72<\/a><br \/>\n<i class=\"fa fa-phone\"><\/i> <a href=\"tel:+375445741472\">+375 44 574 14 72<\/a> (<i class=\"fab fa-viber\"><\/i> <i class=\"fab fa-whatsapp\"><\/i>)<br \/>\n<i class=\"fa fa-phone\"><\/i> <a href=\"tel:+375333518772\">+375 33 351 87 72<\/a> (<i class=\"fab fa-viber\"><\/i> <i class=\"fab fa-whatsapp\"><\/i>)<\/p>\n<p>[\/vc_column_text][tm_contact_form_7 id=&#8221;4246&#8243;][\/vc_column][\/vc_row][vc_row][vc_column][tm_heading custom_google_font=&#8221;&#8221; text=&#8221;Sanatorium PRALESKA&#8221; typed_list=&#8221;%5B%7B%7D%5D&#8221;][vc_separator][vc_column_text]Sanatorium Praleska rozci\u0105ga si\u0119 na 15 ha. Po\u0142o\u017cony jest w sosnowo-li\u015bciastym lesie w pobli\u017cu miasta Wo\u0142kowysk (8 km) i 80 km od regionalnego centrum Grodna. Ekologicznie czyste powietrze, w pobli\u017cu jezioro &#8220;Lazurowe&#8221; (200 m). W jeziorze miesza si\u0119 woda rzeczna z kryniczn\u0105 wod\u0105 krzemionkow\u0105, wychodz\u0105c\u0105 z pod ziemi.<\/p>\n<p><strong>ZAKWATEROWANIE:<\/strong><br \/>\nW sanatorium mo\u017cna znale\u017a\u0107 pokoi na r\u00f3\u017cn\u0105 liczb\u0119 os\u00f3b. 1-, 2-, 3-, 4-osobowe pokoje, apartamenty. Ka\u017cdy pok\u00f3j dysponuje pe\u0142nym w\u0119z\u0142em sanitarnym (prysznic, wc, umywalka).<\/p>\n<p><strong>OBSLUGIWANIE SCHORZENIA:<\/strong><br \/>\n&#8211; schorzenia uk\u0142adu kr\u0105\u017cenia<br \/>\n&#8211; choroby uk\u0142adu nerwowego<br \/>\n&#8211; choroby kardiologiczne<br \/>\n&#8211; dysfunkcja narz\u0105du ruchu<br \/>\n&#8211; schorzenia uk\u0142adu oddechowego<\/p>\n<p><strong>RODZAJE ZABIEG\u00d3W:<\/strong><br \/>\n&#8211; balneoterapia: ok\u0142ady parafinowo-ozokerytowe, sucha k\u0105piel kwasow\u0119glowa, ok\u0142ady borowinowe, ok\u0142ady elektro-borowinowe<br \/>\n&#8211; hydroterapia: leczenie wod\u0105 mineraln\u0105, k\u0105piele (mineralno-solankowe, zio\u0142owe, jodowo-bromowe, pere\u0142kowe, solne, terpentynowe)<br \/>\n&#8211; inhalacje: zio\u0142owe z wykorzystaniem olejk\u00f3w eterycznych oraz wody mineralnej<br \/>\n&#8211; elektroterapia: elektrofareza, leczenie ultrad\u017awi\u0119kiem, pr\u0105dem zmiennym, mikrofalowa terapia rezonansowa, darsonwalizacja<br \/>\n&#8211; \u015bwiat\u0142olecznictwo: lampa Sollux, bioptronterapia, laseroterapia<br \/>\n&#8211; haloterapia (jaskinia solna)<br \/>\n&#8211; magnetoterapia<br \/>\n&#8211; oksygenterapia: koktajle tlenowe, kapsu\u0142a tlenowa<br \/>\n&#8211; kapsu\u0142a SPA<br \/>\n&#8211; fitoterapia<br \/>\n&#8211; masa\u017ce: elektro-wibracyjne, podwodny, r\u0119czny klasyczny, mechaniczny<br \/>\n&#8211; aromaterapia<\/p>\n<p><strong>REKREACJ\u0104, ROZRYWKA, SPORT:<\/strong><br \/>\n&#8211; basen 72 m2, mini aquapark (wtorek-niedziela &#8211; 10:00-20:00)<br \/>\n&#8211; sauna dla 8 os.<br \/>\n&#8211; sala gimnastyczna (koszyk\u00f3wka, siatk\u00f3wka, pi\u0142ka no\u017cna)<br \/>\n&#8211; si\u0142ownia<br \/>\n&#8211; pla\u017ca<br \/>\n&#8211; grill, altanki<br \/>\n&#8211; plac zabaw dla dzieci<br \/>\n&#8211; bilard<br \/>\n&#8211; biblioteka<\/p>\n<p><strong>DODATKOWE US\u0141UGI:<\/strong><br \/>\n&#8211; salon kosmetyczny<br \/>\n&#8211; salon fryzjerski<br \/>\n&#8211; kawiarnia-bar (wtorek-niedziela &#8211; 15:00-23:00) Sobota, niedziela &#8211; muzyka na \u017cywo<br \/>\n&#8211; stomatologia<br \/>\n&#8211; parking<\/p>\n<p><span style=\"color: #3366ff;\">Cennik na sanatoryjno-uzdrowiskowe skierowanie<\/span>: 2020 rok<br \/>\n2-osobowy pok\u00f3j 2 kategorii (blok, 2+2) \u2013 22 EUR na noc\/Na osob\u0119<br \/>\n2-osobowy pok\u00f3j 1 kategorii \u2013 24 EUR na noc\/Na osob\u0119<br \/>\n1-osobowy pok\u00f3j w bloku \u2013 26 EUR na noc\/Na osob\u0119<br \/>\n2-osobowy dwupokojowy pok\u00f3j wy\u017cszej kategorii (LUX) \u2013 29 EUR na noc\/Na osob\u0119<br \/>\n2-osobowy apartament z dwoma sypialniami wy\u017cszej kategorii (z aneksem kuchennym) \u2013 33 EUR na noc\/Na osob\u0119<\/p>\n<p><span style=\"color: #3366ff;\">Cennik na uzdrowienie<\/span>: 2020 rok<br \/>\n2-osobowy pok\u00f3j 2 kategorii (blok, 2+2) \u2013 16 EUR na noc\/Na osob\u0119<br \/>\n2-osobowy pok\u00f3j 1 kategorii \u2013 18,3 EUR na noc\/Na osob\u0119<br \/>\n1-osobowy pok\u00f3j w bloku \u2013 20 EUR na noc\/Na osob\u0119<br \/>\n2-osobowy dwupokojowy pok\u00f3j wy\u017cszej kategorii (LUX) \u2013 22,3 EUR na noc\/Na osob\u0119<br \/>\n2-osobowy apartament z dwoma sypialniami wy\u017cszej kategorii (z aneksem kuchennym) \u2013 25,5 EUR na noc\/Na osob\u0119<\/p>\n<p><strong>Dodatkowo p\u0142ac\u0105 op\u0142at\u0119 uzdrowiskow\u0105 w wysoko\u015bci 3 % od warto\u015bci us\u0142ugi (na miejscu).<\/strong><\/p>\n<p>Przy zakwaterowaniu 3 osoby na dodatkowym miejscu-20% zni\u017cki.<br \/>\nObs\u0142uga klienta w sanatorium zaczyna si\u0119 o 08:00 w dniu rozpocz\u0119cia pobytu, a ko\u0144czy o 20:00 dnia zako\u0144czenia skierowania<br \/>\n&#8212;&#8212;&#8212;&#8212;&#8212;&#8212;&#8212;&#8212;&#8211;<br \/>\n<strong>W CENIE:<\/strong><br \/>\n\u00b7 zakwaterowanie w pokoju o wybranym standardzie;<br \/>\n\u00b7 wy\u017cywienie pi\u0119ciurazowe<br \/>\n\u00b7 kompleks zabieg\u00f3w uzdrowiskowyc[\/vc_column_text][\/vc_column][\/vc_row][vc_row][vc_column][vc_raw_html]JTNDc2NyaXB0JTIwdHlwZSUzRCUyMnRleHQlMkZqYXZhc2NyaXB0JTIyJTIwY2hhcnNldCUzRCUyMnV0Zi04JTIyJTIwYXN5bmMlMjBzcmMlM0QlMjJodHRwcyUzQSUyRiUyRmFwaS1tYXBzLnlhbmRleC5ydSUyRnNlcnZpY2VzJTJGY29uc3RydWN0b3IlMkYxLjAlMkZqcyUyRiUzRnVtJTNEY29uc3RydWN0b3IlMjUzQThkNTlkNjEyZjcyNzQ4OWZhNDE0NTUxYzZmYTY1M2Q1ZDA0ZjYwNTRjMWFhYmI1YWUyZDAxMTY0MWRhOTljMzQlMjZhbXAlM0J3aWR0aCUzRDEwMCUyNTI1JTI2YW1wJTNCaGVpZ2h0JTNENDAwJTI2YW1wJTNCbGFuZyUzRHJ1X1JVJTI2YW1wJTNCc2Nyb2xsJTNEdHJ1ZSUyMiUzRSUzQyUyRnNjcmlwdCUzRQ==[\/vc_raw_html][\/vc_column][\/vc_row]<\/p>\n","protected":false},"excerpt":{"rendered":"[vc_row][vc_column][vc_empty_space][\/vc_column][\/vc_row][vc_row][vc_column width=&#8221;1\/2&#8243;][vc_images_carousel images=&#8221;6186,6166,6154,6210,6258,6266,6262,6246,6238,6230,6218,6226,6214,6206,6202,6194,6158,6162,6170,6174,6178,6182,6190,6198,6222,6234,6242,6250,6254,6270,6274,6278,6282&#8243; img_size=&#8221;full&#8221;][\/vc_column][vc_column width=&#8221;1\/2&#8243;][vc_column_text] Sanatorium PRALESKA Odleg\u0142o\u015b\u0107 od Grodna 75 km\u00a0 +375 29 782 14 72 +375 44 574 14 72 ( ) +375 33 351 87 72 ( ) [\/vc_column_text][tm_contact_form_7 id=&#8221;4246&#8243;][\/vc_column][\/vc_row][vc_row][vc_column][tm_heading custom_google_font=&#8221;&#8221; text=&#8221;Sanatorium PRALESKA&#8221; typed_list=&#8221;%5B%7B%7D%5D&#8221;][vc_separator][vc_column_text]Sanatorium Praleska rozci\u0105ga si\u0119 na 15 ha. Po\u0142o\u017cony jest w sosnowo-li\u015bciastym lesie w pobli\u017cu miasta Wo\u0142kowysk (8 km) i 80 km od regionalnego centrum Grodna. Ekologicznie czyste powietrze, w pobli\u017cu jezioro &#8220;Lazurowe&#8221; (200 m). W jeziorze miesza si\u0119 woda rzeczna z kryniczn\u0105 wod\u0105 krzemionkow\u0105, wychodz\u0105c\u0105 z pod ziemi. ZAKWATEROWANIE: W sanatorium mo\u017cna znale\u017a\u0107 pokoi na r\u00f3\u017cn\u0105 liczb\u0119 os\u00f3b. 1-, 2-, 3-, 4-osobowe pokoje, apartamenty. Ka\u017cdy pok\u00f3j dysponuje pe\u0142nym w\u0119z\u0142em sanitarnym (prysznic, wc, umywalka). OBSLUGIWANIE SCHORZENIA: &#8211; schorzenia uk\u0142adu kr\u0105\u017cenia &#8211; choroby uk\u0142adu nerwowego &#8211; choroby kardiologiczne &#8211; dysfunkcja narz\u0105du ruchu &#8211; schorzenia uk\u0142adu oddechowego RODZAJE ZABIEG\u00d3W: &#8211; balneoterapia: ok\u0142ady parafinowo-ozokerytowe, sucha k\u0105piel kwasow\u0119glowa, ok\u0142ady borowinowe, ok\u0142ady elektro-borowinowe &#8211; hydroterapia: leczenie wod\u0105 mineraln\u0105, k\u0105piele (mineralno-solankowe, zio\u0142owe, jodowo-bromowe, pere\u0142kowe, solne, terpentynowe) &#8211; inhalacje: zio\u0142owe z wykorzystaniem olejk\u00f3w eterycznych oraz wody mineralnej &#8211; elektroterapia: elektrofareza, leczenie ultrad\u017awi\u0119kiem, pr\u0105dem zmiennym, mikrofalowa terapia rezonansowa, darsonwalizacja &#8211; \u015bwiat\u0142olecznictwo: lampa Sollux, bioptronterapia, laseroterapia &#8211; haloterapia (jaskinia solna) &#8211; magnetoterapia &#8211; oksygenterapia: koktajle tlenowe, kapsu\u0142a tlenowa &#8211; kapsu\u0142a SPA &#8211; fitoterapia &#8211; masa\u017ce: elektro-wibracyjne, podwodny, r\u0119czny klasyczny, mechaniczny &#8211; aromaterapia REKREACJ\u0104, ROZRYWKA, SPORT: &#8211; basen 72 m2, mini aquapark (wtorek-niedziela &#8211; 10:00-20:00) &#8211; sauna dla 8 os. &#8211; sala gimnastyczna (koszyk\u00f3wka, siatk\u00f3wka, pi\u0142ka no\u017cna) &#8211; si\u0142ownia &#8211; pla\u017ca &#8211; grill, altanki &#8211; plac zabaw dla dzieci &#8211; bilard &#8211; biblioteka DODATKOWE US\u0141UGI: &#8211; salon kosmetyczny &#8211; salon fryzjerski &#8211; kawiarnia-bar (wtorek-niedziela &#8211; 15:00-23:00) Sobota, niedziela &#8211; muzyka na \u017cywo &#8211; stomatologia &#8211; parking Cennik na sanatoryjno-uzdrowiskowe skierowanie: 2020 rok 2-osobowy pok\u00f3j 2 kategorii (blok, 2+2) \u2013 22 EUR na noc\/Na osob\u0119 2-osobowy pok\u00f3j 1 kategorii \u2013 24 EUR na noc\/Na osob\u0119 1-osobowy pok\u00f3j w bloku \u2013 26 EUR na noc\/Na osob\u0119 2-osobowy dwupokojowy pok\u00f3j wy\u017cszej kategorii (LUX) \u2013 29 EUR na noc\/Na osob\u0119 2-osobowy apartament z dwoma sypialniami wy\u017cszej kategorii (z aneksem kuchennym) \u2013 33 EUR na noc\/Na osob\u0119 Cennik na uzdrowienie: 2020 rok 2-osobowy pok\u00f3j 2 kategorii (blok, 2+2) \u2013 16 EUR na noc\/Na osob\u0119 2-osobowy pok\u00f3j 1 kategorii \u2013 18,3 EUR na noc\/Na osob\u0119 1-osobowy pok\u00f3j w bloku \u2013 20 EUR na noc\/Na osob\u0119 2-osobowy dwupokojowy pok\u00f3j wy\u017cszej kategorii (LUX) \u2013 22,3 EUR na noc\/Na osob\u0119 2-osobowy apartament z dwoma sypialniami wy\u017cszej kategorii (z aneksem kuchennym) \u2013 25,5 EUR na noc\/Na osob\u0119 Dodatkowo p\u0142ac\u0105 op\u0142at\u0119 uzdrowiskow\u0105 w wysoko\u015bci 3 % od warto\u015bci us\u0142ugi (na miejscu). Przy zakwaterowaniu 3 osoby na dodatkowym miejscu-20% zni\u017cki. Obs\u0142uga klienta w sanatorium zaczyna si\u0119 o 08:00 w dniu rozpocz\u0119cia pobytu, a ko\u0144czy o 20:00 dnia zako\u0144czenia skierowania &#8212;&#8212;&#8212;&#8212;&#8212;&#8212;&#8212;&#8212;&#8211; W CENIE: \u00b7 zakwaterowanie w pokoju o wybranym standardzie; \u00b7 wy\u017cywienie pi\u0119ciurazowe \u00b7 kompleks zabieg\u00f3w uzdrowiskowyc[\/vc_column_text][\/vc_column][\/vc_row][vc_row][vc_column][vc_raw_html]JTNDc2NyaXB0JTIwdHlwZSUzRCUyMnRleHQlMkZqYXZhc2NyaXB0JTIyJTIwY2hhcnNldCUzRCUyMnV0Zi04JTIyJTIwYXN5bmMlMjBzcmMlM0QlMjJodHRwcyUzQSUyRiUyRmFwaS1tYXBzLnlhbmRleC5ydSUyRnNlcnZpY2VzJTJGY29uc3RydWN0b3IlMkYxLjAlMkZqcyUyRiUzRnVtJTNEY29uc3RydWN0b3IlMjUzQThkNTlkNjEyZjcyNzQ4OWZhNDE0NTUxYzZmYTY1M2Q1ZDA0ZjYwNTRjMWFhYmI1YWUyZDAxMTY0MWRhOTljMzQlMjZhbXAlM0J3aWR0aCUzRDEwMCUyNTI1JTI2YW1wJTNCaGVpZ2h0JTNENDAwJTI2YW1wJTNCbGFuZyUzRHJ1X1JVJTI2YW1wJTNCc2Nyb2xsJTNEdHJ1ZSUyMiUzRSUzQyUyRnNjcmlwdCUzRQ==[\/vc_raw_html][\/vc_column][\/vc_row]","protected":false},"author":1,"featured_media":6286,"parent":4095,"menu_order":0,"comment_status":"closed","ping_status":"closed","template":"","meta":[],"_links":{"self":[{"href":"https:\/\/extur.by\/pl\/wp-json\/wp\/v2\/pages\/6150\/"}],"collection":[{"href":"https:\/\/extur.by\/pl\/wp-json\/wp\/v2\/pages\/"}],"about":[{"href":"https:\/\/extur.by\/pl\/wp-json\/wp\/v2\/types\/page\/"}],"author":[{"embeddable":true,"href":"https:\/\/extur.by\/pl\/wp-json\/wp\/v2\/users\/1\/"}],"replies":[{"embeddable":true,"href":"https:\/\/extur.by\/pl\/wp-json\/wp\/v2\/comments\/?post=6150"}],"version-history":[{"count":2,"href":"https:\/\/extur.by\/pl\/wp-json\/wp\/v2\/pages\/6150\/revisions\/"}],"predecessor-version":[{"id":6292,"href":"https:\/\/extur.by\/pl\/wp-json\/wp\/v2\/pages\/6150\/revisions\/6292\/"}],"up":[{"embeddable":true,"href":"https:\/\/extur.by\/pl\/wp-json\/wp\/v2\/pages\/4095\/"}],"wp:featuredmedia":[{"embeddable":true,"href":"https:\/\/extur.by\/pl\/wp-json\/wp\/v2\/media\/6286\/"}],"wp:attachment":[{"href":"https:\/\/extur.by\/pl\/wp-json\/wp\/v2\/media\/?parent=6150"}],"curies":[{"name":"wp","href":"https:\/\/api.w.org\/{rel}","templated":true}]}}