{"id":5573,"date":"2019-03-02T05:17:51","date_gmt":"2019-03-02T02:17:51","guid":{"rendered":"https:\/\/extur.by\/o-kompanii\/"},"modified":"2020-02-10T11:22:52","modified_gmt":"2020-02-10T08:22:52","slug":"o-kompanii","status":"publish","type":"page","link":"https:\/\/extur.by\/pl\/o-kompanii\/","title":{"rendered":"O firmie"},"content":{"rendered":"<p>[vc_row lg_spacing=&#8221;padding_top:60&#8243;][vc_column][vc_column_text]<strong>NAJLEPSZE TRASY<\/strong><\/p>\n<p>Oferujemy organizowanie ciekawych tur\u00f3w i wycieczek po historycznych i kulturalnych miejscach miasta Grodna i obwodu grodzie\u0144skiego, tur\u00f3w po Bia\u0142orusi, w tym wielodniowe tury do innych kraj\u00f3w. Bior\u0105c pod uwag\u0119 pro\u015bby i \u017cyczenia klienta Sp. z o. o. &#8220;EkspertTur&#8221; mo\u017ce zorganizowa\u0107 jednodniowe lub wielodniowe tury, tury weekendowe i wakacyjne, wycieczki dla uczni\u00f3w lub wyjazdy firmowe, wyjazdy nad morze z zakwaterowaniem lub bez niego, podr\u00f3\u017ce lecznicze i wiele innych.<\/p>\n<p><strong>TRANSFER Z\/DO DWORCA\/LOTNISKA<\/strong><\/p>\n<p>Na \u017cyczenie Sp. z o. o. &#8220;EkspertTur&#8221; oferuje transfer zorganizowanej grupy do\/z dworca kolejowego lub lotniska z przedstawicielem biura podr\u00f3\u017cy.<\/p>\n<p><strong>NAJLEPSI PRZEWODNIKI<\/strong><\/p>\n<p>Wybieraj\u0105c Sp. z o. o. &#8220;EkspertTur&#8221; znajd\u0105 si\u0119 Pa\u0144stwo w dobrych r\u0119kach profesjonalnego przewodnika, kt\u00f3ry poprowadzi dla Pa\u0144stwa ciekawe wycieczki, zapozna z pi\u0119knym \u015bwiatem tajemnic i zdarze\u0144 zagadkowych.<\/p>\n<p><strong>REZERWACJA HOTELU<\/strong><\/p>\n<p>Dla wszystkich obcokrajowc\u00f3w i go\u015bci zagranicznych oferowane s\u0105 wycieczki do Grodna i obwodu grodzie\u0144skiego z zakwaterowaniem w najlepszych hotelach miasta z wy\u017cywieniem w restauracji, kawiarni lub jadalni i r\u00f3\u017cnorodnym programem wycieczki, kt\u00f3ra obejmuje najbardziej atrakcyjne obiekty turystyczne.<\/p>\n<p><strong>WYCIECZKI PREMIUM<\/strong><\/p>\n<p>Przyjmujemy turyst\u00f3w z r\u00f3\u017cnych kategorii i oferujemy najwi\u0119kszy wyb\u00f3r us\u0142ug turystyczno-krajoznawczych. Wsp\u00f3\u0142pracujemy nie tylko z du\u017cymi grupami turyst\u00f3w (30-40 os\u00f3b), ale i z grupami nietypowymi, a tak\u017ce z jednym turyst\u0105. Sporz\u0105dzamy indywidualne programy, w kt\u00f3rych zostan\u0105 uwzgl\u0119dnione wszystkie \u017cyczenia Pa\u0144stwa.<\/p>\n<p><strong>KLIENTOM<\/strong><\/p>\n<p>Jeste\u015bmy zawsze otwarci i dobroczynni na \u017cyczenia klienta. Cenimy &#8220;odwrotny czynnik&#8221;, dlatego wielu z tych, kt\u00f3rzy zwr\u00f3cili si\u0119 do nas pewnego dnia, staj\u0105 si\u0119 naszymi sta\u0142ymi klientami!&#8221;<\/p>\n<p><strong>POMOC TECHNICZNA<\/strong><\/p>\n<p>Nasze do\u015bwiadczenie w po\u0142\u0105czeniu z nowoczesnymi technologiami pozwala wybra\u0107 dla klienta z wielkiej ilo\u015bci propozycji produkty tych touroperator\u00f3w, kt\u00f3rych niezawodno\u015b\u0107 i jako\u015b\u0107 us\u0142ug \u00a0nie budzi w\u0105tpliwo\u015bci.[\/vc_column_text][\/vc_column][\/vc_row]<\/p>\n","protected":false},"excerpt":{"rendered":"[vc_row lg_spacing=&#8221;padding_top:60&#8243;][vc_column][vc_column_text]NAJLEPSZE TRASY Oferujemy organizowanie ciekawych tur\u00f3w i wycieczek po historycznych i kulturalnych miejscach miasta Grodna i obwodu grodzie\u0144skiego, tur\u00f3w po Bia\u0142orusi, w tym wielodniowe tury do innych kraj\u00f3w. Bior\u0105c pod uwag\u0119 pro\u015bby i \u017cyczenia klienta Sp. z o. o. &#8220;EkspertTur&#8221; mo\u017ce zorganizowa\u0107 jednodniowe lub wielodniowe tury, tury weekendowe i wakacyjne, wycieczki dla uczni\u00f3w lub wyjazdy firmowe, wyjazdy nad morze z zakwaterowaniem lub bez niego, podr\u00f3\u017ce lecznicze i wiele innych. TRANSFER Z\/DO DWORCA\/LOTNISKA Na \u017cyczenie Sp. z o. o. &#8220;EkspertTur&#8221; oferuje transfer zorganizowanej grupy do\/z dworca kolejowego lub lotniska z przedstawicielem biura podr\u00f3\u017cy. NAJLEPSI PRZEWODNIKI Wybieraj\u0105c Sp. z o. o. &#8220;EkspertTur&#8221; znajd\u0105 si\u0119 Pa\u0144stwo w dobrych r\u0119kach profesjonalnego przewodnika, kt\u00f3ry poprowadzi dla Pa\u0144stwa ciekawe wycieczki, zapozna z pi\u0119knym \u015bwiatem tajemnic i zdarze\u0144 zagadkowych. REZERWACJA HOTELU Dla wszystkich obcokrajowc\u00f3w i go\u015bci zagranicznych oferowane s\u0105 wycieczki do Grodna i obwodu grodzie\u0144skiego z zakwaterowaniem w najlepszych hotelach miasta z wy\u017cywieniem w restauracji, kawiarni lub jadalni i r\u00f3\u017cnorodnym programem wycieczki, kt\u00f3ra obejmuje najbardziej atrakcyjne obiekty turystyczne. WYCIECZKI PREMIUM Przyjmujemy turyst\u00f3w z r\u00f3\u017cnych kategorii i oferujemy najwi\u0119kszy wyb\u00f3r us\u0142ug turystyczno-krajoznawczych. Wsp\u00f3\u0142pracujemy nie tylko z du\u017cymi grupami turyst\u00f3w (30-40 os\u00f3b), ale i z grupami nietypowymi, a tak\u017ce z jednym turyst\u0105. Sporz\u0105dzamy indywidualne programy, w kt\u00f3rych zostan\u0105 uwzgl\u0119dnione wszystkie \u017cyczenia Pa\u0144stwa. KLIENTOM Jeste\u015bmy zawsze otwarci i dobroczynni na \u017cyczenia klienta. Cenimy &#8220;odwrotny czynnik&#8221;, dlatego wielu z tych, kt\u00f3rzy zwr\u00f3cili si\u0119 do nas pewnego dnia, staj\u0105 si\u0119 naszymi sta\u0142ymi klientami!&#8221; POMOC TECHNICZNA Nasze do\u015bwiadczenie w po\u0142\u0105czeniu z nowoczesnymi technologiami pozwala wybra\u0107 dla klienta z wielkiej ilo\u015bci propozycji produkty tych touroperator\u00f3w, kt\u00f3rych niezawodno\u015b\u0107 i jako\u015b\u0107 us\u0142ug \u00a0nie budzi w\u0105tpliwo\u015bci.[\/vc_column_text][\/vc_column][\/vc_row]","protected":false},"author":1,"featured_media":0,"parent":0,"menu_order":0,"comment_status":"closed","ping_status":"closed","template":"","meta":[],"_links":{"self":[{"href":"https:\/\/extur.by\/pl\/wp-json\/wp\/v2\/pages\/5573\/"}],"collection":[{"href":"https:\/\/extur.by\/pl\/wp-json\/wp\/v2\/pages\/"}],"about":[{"href":"https:\/\/extur.by\/pl\/wp-json\/wp\/v2\/types\/page\/"}],"author":[{"embeddable":true,"href":"https:\/\/extur.by\/pl\/wp-json\/wp\/v2\/users\/1\/"}],"replies":[{"embeddable":true,"href":"https:\/\/extur.by\/pl\/wp-json\/wp\/v2\/comments\/?post=5573"}],"version-history":[{"count":4,"href":"https:\/\/extur.by\/pl\/wp-json\/wp\/v2\/pages\/5573\/revisions\/"}],"predecessor-version":[{"id":6032,"href":"https:\/\/extur.by\/pl\/wp-json\/wp\/v2\/pages\/5573\/revisions\/6032\/"}],"wp:attachment":[{"href":"https:\/\/extur.by\/pl\/wp-json\/wp\/v2\/media\/?parent=5573"}],"curies":[{"name":"wp","href":"https:\/\/api.w.org\/{rel}","templated":true}]}}