{"id":5542,"date":"2020-03-09T01:59:46","date_gmt":"2020-03-08T22:59:46","guid":{"rendered":"https:\/\/extur.by\/?page_id=5542"},"modified":"2020-03-09T01:59:46","modified_gmt":"2020-03-08T22:59:46","slug":"sanatorium-zemczuzyna","status":"publish","type":"page","link":"https:\/\/extur.by\/pl\/medyczne-turystyka\/sanatoria\/sanatorium-zemczuzyna\/","title":{"rendered":"Sanatorium \u201e\u017bemczu\u017cyna\u201d"},"content":{"rendered":"<p>[vc_row][vc_column][vc_empty_space][\/vc_column][\/vc_row][vc_row][vc_column width=&#8221;1\/2&#8243;][vc_images_carousel images=&#8221;7107,7127,7135,7223,7295,7303,7195,7323,7283,7255,7231,7115,7319,7247,7139,7311,7187,7171,7167,7143,7095,7343,7339,7307,7279,7227,7215,7211,7207,7203,7199,7191,7175,7159,7103,7099,7335,7331,7327,7315,7299,7291,7287,7275,7271,7267,7259,7251,7243,7239,7235,7219,7183,7179,7163,7155,7151,7147,7131,7123,7119,7111&#8243; img_size=&#8221;full&#8221;][\/vc_column][vc_column width=&#8221;1\/2&#8243;][vc_column_text]<\/p>\n<h2 style=\"text-align: center;\">Sanatorium \u201e\u017bemczu\u017cyna\u201d<\/h2>\n<h4 style=\"text-align: center;\">Odleg\u0142o\u015b\u0107 od Grodna: 4 km<\/h4>\n<p style=\"text-align: center;\"><i class=\"fa fa-phone\"><\/i> <a href=\"tel:+375297821472\">+375 29 782 14 72<\/a><br \/>\n<i class=\"fa fa-phone\"><\/i> <a href=\"tel:+375445741472\">+375 44 574 14 72<\/a> (<i class=\"fab fa-viber\"><\/i> <i class=\"fab fa-whatsapp\"><\/i>)<br \/>\n<i class=\"fa fa-phone\"><\/i> <a href=\"tel:+375333518772\">+375 33 351 87 72<\/a> (<i class=\"fab fa-viber\"><\/i> <i class=\"fab fa-whatsapp\"><\/i>)<\/p>\n<p>[\/vc_column_text][tm_contact_form_7 id=&#8221;4246&#8243; el_class=&#8221;sanat_form&#8221;][\/vc_column][\/vc_row][vc_row][vc_column][tm_heading custom_google_font=&#8221;&#8221; text=&#8221;Sanatorium \u201e\u017bemczu\u017cyna\u201d&#8221; typed_list=&#8221;%5B%7B%7D%5D&#8221;][vc_separator][vc_column_text]Sanatorium \u017bemczu\u017cyna jest po\u0142o\u017cone w powiecie grodzie\u0144skim w d\u0119bowym gaju nad brzegiem Niemna. Zosta\u0142o wybudowane w 1969 r., a w 2009 r. zosta\u0142o ca\u0142kowicie przebudowane i zmodernizowane.<\/p>\n<p><strong>ZAKWATEROWANIE:<\/strong><br \/>\nSanatorium oferuje 1-, 2-, 3 i 4-osobowe pokoje oraz apartamenty z pe\u0142nym w\u0119z\u0142em sanitarnym, suszark\u0105 do w\u0142os\u00f3w, telewizorem, czajnikiem bezprzewodowym, lod\u00f3wk\u0105, sejfem.<\/p>\n<p><strong>OBS\u0141UGIWANE SCHORZENIA:<\/strong><br \/>\n-chor\u00f3b uk\u0142adu sercowo-naczyniowego<br \/>\n-chor\u00f3b uk\u0142adu nerwowego;<br \/>\n-chor\u00f3b uk\u0142adu \u017co\u0142\u0105dkowo-jelitowego;<br \/>\n-chor\u00f3b uk\u0142adu oporowo-ruchowego, w tym chor\u00f3b staw\u00f3w;<br \/>\n-chor\u00f3b narz\u0105d\u00f3w uk\u0142adu oddychania, w tym i pochodzenia alergicznego.<\/p>\n<p><strong>RODZAJE ZABIEG\u00d3W:<\/strong><br \/>\n-fizykoterapia,<br \/>\n-hydroterapia,<br \/>\n-ciep\u0142olecznictwo,<br \/>\n-magnetoterapia,<br \/>\n-\u015bwiat\u0142olecznictwo,<br \/>\n-laseroterapia,<br \/>\n-krioterapia,<br \/>\n-borowinoterapia,<br \/>\n-inhalacje,<br \/>\n-masa\u017ce,<br \/>\n-\u0107wiczenia usprawniaj\u0105ce,<br \/>\n-gimnastyka.<br \/>\n&#8212;&#8212;&#8212;&#8212;&#8212;&#8212;&#8212;&#8212;&#8212;<br \/>\nDodatkowo p\u0142ac\u0105 op\u0142at\u0119 uzdrowiskow\u0105 w wysoko\u015bci 5% od warto\u015bci us\u0142ugi (na miejscu).<\/p>\n<p>Obs\u0142uga klienta w sanatorium rozpoczyna si\u0119 o 09: 00 w dniu przyjazdu, a ko\u0144czy o 19: 00 w dniu zako\u0144czenia podr\u00f3\u017cy.<br \/>\n&#8212;&#8212;&#8212;&#8212;&#8212;&#8212;&#8212;&#8212;&#8211;<br \/>\n<strong>W CENIE:<\/strong><br \/>\n\u2022 zakwaterowanie w pokoju o wybranym standardzie;<br \/>\n\u2022wy\u017cywienie \u2013 4 posi\u0142ki dziennie<br \/>\n\u2022 kompleks zabieg\u00f3w uzdrowiskowych;<br \/>\n\u2022 korzystanie z sauny, basenu, si\u0142owni[\/vc_column_text][\/vc_column][\/vc_row][vc_row][vc_column][vc_raw_html]JTNDc2NyaXB0JTIwdHlwZSUzRCUyMnRleHQlMkZqYXZhc2NyaXB0JTIyJTIwY2hhcnNldCUzRCUyMnV0Zi04JTIyJTIwYXN5bmMlMjBzcmMlM0QlMjJodHRwcyUzQSUyRiUyRmFwaS1tYXBzLnlhbmRleC5ydSUyRnNlcnZpY2VzJTJGY29uc3RydWN0b3IlMkYxLjAlMkZqcyUyRiUzRnVtJTNEY29uc3RydWN0b3IlMjUzQWRkNTVhMmM4Y2Y1NjAzZjkxNjNkNmY3YWUxM2M5NzNkMWI1OTZjZWU0NDc3ZGYzNWNmYTkyZTFlNTA5Njg2OWYlMjZhbXAlM0J3aWR0aCUzRDEwMCUyNTI1JTI2YW1wJTNCaGVpZ2h0JTNEMzgzJTI2YW1wJTNCbGFuZyUzRHJ1X1JVJTI2YW1wJTNCc2Nyb2xsJTNEdHJ1ZSUyMiUzRSUzQyUyRnNjcmlwdCUzRQ==[\/vc_raw_html][\/vc_column][\/vc_row]<\/p>\n","protected":false},"excerpt":{"rendered":"[vc_row][vc_column][vc_empty_space][\/vc_column][\/vc_row][vc_row][vc_column width=&#8221;1\/2&#8243;][vc_images_carousel images=&#8221;7107,7127,7135,7223,7295,7303,7195,7323,7283,7255,7231,7115,7319,7247,7139,7311,7187,7171,7167,7143,7095,7343,7339,7307,7279,7227,7215,7211,7207,7203,7199,7191,7175,7159,7103,7099,7335,7331,7327,7315,7299,7291,7287,7275,7271,7267,7259,7251,7243,7239,7235,7219,7183,7179,7163,7155,7151,7147,7131,7123,7119,7111&#8243; img_size=&#8221;full&#8221;][\/vc_column][vc_column width=&#8221;1\/2&#8243;][vc_column_text] Sanatorium \u201e\u017bemczu\u017cyna\u201d Odleg\u0142o\u015b\u0107 od Grodna: 4 km +375 29 782 14 72 +375 44 574 14 72 ( ) +375 33 351 87 72 ( ) [\/vc_column_text][tm_contact_form_7 id=&#8221;4246&#8243; el_class=&#8221;sanat_form&#8221;][\/vc_column][\/vc_row][vc_row][vc_column][tm_heading custom_google_font=&#8221;&#8221; text=&#8221;Sanatorium \u201e\u017bemczu\u017cyna\u201d&#8221; typed_list=&#8221;%5B%7B%7D%5D&#8221;][vc_separator][vc_column_text]Sanatorium \u017bemczu\u017cyna jest po\u0142o\u017cone w powiecie grodzie\u0144skim w d\u0119bowym gaju nad brzegiem Niemna. Zosta\u0142o wybudowane w 1969 r., a w 2009 r. zosta\u0142o ca\u0142kowicie przebudowane i zmodernizowane. ZAKWATEROWANIE: Sanatorium oferuje 1-, 2-, 3 i 4-osobowe pokoje oraz apartamenty z pe\u0142nym w\u0119z\u0142em sanitarnym, suszark\u0105 do w\u0142os\u00f3w, telewizorem, czajnikiem bezprzewodowym, lod\u00f3wk\u0105, sejfem. OBS\u0141UGIWANE SCHORZENIA: -chor\u00f3b uk\u0142adu sercowo-naczyniowego -chor\u00f3b uk\u0142adu nerwowego; -chor\u00f3b uk\u0142adu \u017co\u0142\u0105dkowo-jelitowego; -chor\u00f3b uk\u0142adu oporowo-ruchowego, w tym chor\u00f3b staw\u00f3w; -chor\u00f3b narz\u0105d\u00f3w uk\u0142adu oddychania, w tym i pochodzenia alergicznego. RODZAJE ZABIEG\u00d3W: -fizykoterapia, -hydroterapia, -ciep\u0142olecznictwo, -magnetoterapia, -\u015bwiat\u0142olecznictwo, -laseroterapia, -krioterapia, -borowinoterapia, -inhalacje, -masa\u017ce, -\u0107wiczenia usprawniaj\u0105ce, -gimnastyka. &#8212;&#8212;&#8212;&#8212;&#8212;&#8212;&#8212;&#8212;&#8212; Dodatkowo p\u0142ac\u0105 op\u0142at\u0119 uzdrowiskow\u0105 w wysoko\u015bci 5% od warto\u015bci us\u0142ugi (na miejscu). Obs\u0142uga klienta w sanatorium rozpoczyna si\u0119 o 09: 00 w dniu przyjazdu, a ko\u0144czy o 19: 00 w dniu zako\u0144czenia podr\u00f3\u017cy. &#8212;&#8212;&#8212;&#8212;&#8212;&#8212;&#8212;&#8212;&#8211; W CENIE: \u2022 zakwaterowanie w pokoju o wybranym standardzie; \u2022wy\u017cywienie \u2013 4 posi\u0142ki dziennie \u2022 kompleks zabieg\u00f3w uzdrowiskowych; \u2022 korzystanie z sauny, basenu, si\u0142owni[\/vc_column_text][\/vc_column][\/vc_row][vc_row][vc_column][vc_raw_html]JTNDc2NyaXB0JTIwdHlwZSUzRCUyMnRleHQlMkZqYXZhc2NyaXB0JTIyJTIwY2hhcnNldCUzRCUyMnV0Zi04JTIyJTIwYXN5bmMlMjBzcmMlM0QlMjJodHRwcyUzQSUyRiUyRmFwaS1tYXBzLnlhbmRleC5ydSUyRnNlcnZpY2VzJTJGY29uc3RydWN0b3IlMkYxLjAlMkZqcyUyRiUzRnVtJTNEY29uc3RydWN0b3IlMjUzQWRkNTVhMmM4Y2Y1NjAzZjkxNjNkNmY3YWUxM2M5NzNkMWI1OTZjZWU0NDc3ZGYzNWNmYTkyZTFlNTA5Njg2OWYlMjZhbXAlM0J3aWR0aCUzRDEwMCUyNTI1JTI2YW1wJTNCaGVpZ2h0JTNEMzgzJTI2YW1wJTNCbGFuZyUzRHJ1X1JVJTI2YW1wJTNCc2Nyb2xsJTNEdHJ1ZSUyMiUzRSUzQyUyRnNjcmlwdCUzRQ==[\/vc_raw_html][\/vc_column][\/vc_row]","protected":false},"author":1,"featured_media":7135,"parent":4095,"menu_order":0,"comment_status":"closed","ping_status":"closed","template":"","meta":[],"_links":{"self":[{"href":"https:\/\/extur.by\/pl\/wp-json\/wp\/v2\/pages\/5542\/"}],"collection":[{"href":"https:\/\/extur.by\/pl\/wp-json\/wp\/v2\/pages\/"}],"about":[{"href":"https:\/\/extur.by\/pl\/wp-json\/wp\/v2\/types\/page\/"}],"author":[{"embeddable":true,"href":"https:\/\/extur.by\/pl\/wp-json\/wp\/v2\/users\/1\/"}],"replies":[{"embeddable":true,"href":"https:\/\/extur.by\/pl\/wp-json\/wp\/v2\/comments\/?post=5542"}],"version-history":[{"count":3,"href":"https:\/\/extur.by\/pl\/wp-json\/wp\/v2\/pages\/5542\/revisions\/"}],"predecessor-version":[{"id":7347,"href":"https:\/\/extur.by\/pl\/wp-json\/wp\/v2\/pages\/5542\/revisions\/7347\/"}],"up":[{"embeddable":true,"href":"https:\/\/extur.by\/pl\/wp-json\/wp\/v2\/pages\/4095\/"}],"wp:featuredmedia":[{"embeddable":true,"href":"https:\/\/extur.by\/pl\/wp-json\/wp\/v2\/media\/7135\/"}],"wp:attachment":[{"href":"https:\/\/extur.by\/pl\/wp-json\/wp\/v2\/media\/?parent=5542"}],"curies":[{"name":"wp","href":"https:\/\/api.w.org\/{rel}","templated":true}]}}