{"id":5518,"date":"2020-01-26T22:05:18","date_gmt":"2020-01-26T19:05:18","guid":{"rendered":"https:\/\/extur.by\/sanatoria\/sanatorij-bereste\/"},"modified":"2020-02-10T02:21:32","modified_gmt":"2020-02-09T23:21:32","slug":"sanatorij-bereste","status":"publish","type":"page","link":"https:\/\/extur.by\/pl\/medyczne-turystyka\/sanatoria\/sanatorij-bereste\/","title":{"rendered":"Sanatorium Berestie"},"content":{"rendered":"<p>[vc_row][vc_column][vc_empty_space][\/vc_column][\/vc_row][vc_row][vc_column width=&#8221;1\/2&#8243;][vc_images_carousel images=&#8221;5244,5248,5252,5268,5272,5276,5280,5284,5288,5292,5296,5300,5304,5308,5312,5320,5324,5328,5332,5336,5348,5352,5356,5360,5368,5372,5376,5380,5384,5392,5396,5408,5412,5416,5420,5424,5428,5432,5436,5440,5448,5452,5456,5460,5464,5468,5472,5476,5480,5484,5492,5496,5388,5700&#8243; img_size=&#8221;full&#8221; wrap=&#8221;yes&#8221;][\/vc_column][vc_column width=&#8221;1\/2&#8243;][vc_column_text]<\/p>\n<h2 style=\"text-align: center;\">Sanatorium Berestie<\/h2>\n<h2 style=\"text-align: center;\">Odleg\u0142o\u015b\u0107 od Brze\u015bcia: 41 km<\/h2>\n<p style=\"text-align: center;\"><i class=\"fa fa-phone\"><\/i> <a href=\"tel:+375297821472\">+375 29 782 14 72<\/a><br \/>\n<i class=\"fa fa-phone\"><\/i> <a href=\"tel:+375445741472\">+375 44 574 14 72<\/a> (<i class=\"fab fa-viber\"><\/i> <i class=\"fab fa-whatsapp\"><\/i>)<br \/>\n<i class=\"fa fa-phone\"><\/i> <a href=\"tel:+375333518772\">+375 33 351 87 72<\/a> (<i class=\"fab fa-viber\"><\/i> <i class=\"fab fa-whatsapp\"><\/i>)<\/p>\n<p>[\/vc_column_text][tm_contact_form_7 id=&#8221;4246&#8243; el_class=&#8221;sanat_form&#8221;][\/vc_column][\/vc_row][vc_row][vc_column][tm_heading custom_google_font=&#8221;&#8221; text=&#8221;Sanatorium Berestie&#8221; typed_list=&#8221;%5B%7B%7D%5D&#8221;][vc_separator][vc_column_text]Sanatorium Berestie po\u0142o\u017cony jest w odleg\u0142o\u015bci 40 km od Brze\u015bcia. Po\u0142o\u017cony jest w ekologicznie czystej okolicy, na terenie Parku Narodowego i Rezerwatu Biosfery &#8220;Pribu\u017cskoje Polesie&#8221;, na malowniczym brzegu jeziora Rogozia\u0144skie.<\/p>\n<p><strong>NOCLEGI:<\/strong><br \/>\nSanatorium Berestie mie\u015bci si\u0119 w dw\u00f3ch komfortowych budynkach. Budynki mieszkalne, basen, gabinety zabiegowe s\u0105 po\u0142\u0105czone mi\u0119dzy sob\u0105 przej\u015bciowymi galeriami. Dla turyst\u00f3w oferowane s\u0105 pokoje dwuosobowe z \u0142azienk\u0105. Pokoje &#8220;Lux&#8221; nie gorzej, ni\u017c w dobrych hotelach. We wszystkich kategoriach pokoi znajduje si\u0119: tv, lod\u00f3wka, czajnik, zestaw naczy\u0144 (szklanki, talerze, widelce, \u0142y\u017cki), zestaw 3 r\u0119cznik\u00f3w. Suszarki do w\u0142os\u00f3w w pokojach o podwy\u017cszonym standardzie, &#8220;Double&#8221; i &#8220;Lux&#8221;.<\/p>\n<p><strong>PROFIL MEDYCZNY SANATORIUM:<\/strong><br \/>\n&#8211; choroby uk\u0142adu sercowo-naczyniowego<br \/>\n&#8211; choroby uk\u0142adu nerwowego<br \/>\n&#8211; choroby uk\u0142adu mi\u0119\u015bniowo-szkieletowego i tkanki \u0142\u0105cznej<br \/>\n&#8211; choroby uk\u0142adu moczowo-p\u0142ciowego (okaleczania \u017ce\u0144skich narz\u0105d\u00f3w p\u0142ciowych)<br \/>\n&#8211; choroby uk\u0142adu oddechowego<\/p>\n<p><strong>RODZAJE ZABIEG\u00d3W:<\/strong><br \/>\n&#8211; lecznicze i mineralne k\u0105piele<br \/>\n&#8211; basen z wod\u0105 mineraln\u0105<br \/>\n&#8211; masa\u017c r\u0119czny i mechaniczny<br \/>\n&#8211; terapia kompresyjna<br \/>\n&#8211; terapia b\u0142otem, aplikacje z parafiny, wosku<br \/>\n&#8211; aromaterapia, inhalacje, haloterapia, sauna<br \/>\n&#8211; stomatologia profilaktyczna<br \/>\n&#8211; biotronterapia, terapia ciep\u0142em, psychoterapia, elektrofototerapia<br \/>\n&#8211; us\u0142ugi kosmetyczne<br \/>\n&#8211; karboksyterapia, krioterapia, refleksologia, terapia trakcyjna, hirudotherapy<br \/>\n&#8211; diagnostyka ultrad\u017awi\u0119kowy, diagnostyka laboratoryjna, monitorowanie EKG, dro\u017cno\u015b\u0107 naczy\u0144 krwiono\u015bnych, diagnostyka dr\u00f3g oddechowych.<\/p>\n<p><strong>WYPOCZYNEK, ROZRYWKA, SPORT I US\u0141UGI DODATKOWE:<\/strong><br \/>\n&#8211; sklep<br \/>\n&#8211; apteka<br \/>\n&#8211; si\u0142ownia<br \/>\n&#8211; basen<br \/>\n&#8211; si\u0142ownia<br \/>\n&#8211; poczta<br \/>\n&#8211; tenis sto\u0142owy<br \/>\n&#8211; sala taneczna<br \/>\n&#8211; bilard<br \/>\n&#8211; biblioteka<br \/>\n&#8211; salon fryzjerski<br \/>\n&#8211; bank<br \/>\n&#8211; gabinet stomatologiczny<br \/>\n&#8211; parking<\/p>\n<p><strong>Cennik na sanatoryjno-uzdrowiskowe skierowanie (dostosowane menu od trzeciego dnia, pierwsze dwa dni menu sanatorium)<\/strong><\/p>\n<p><span style=\"color: #ff0000;\"><strong>CENY z-od 08.01.2020 do 31.05.2020<\/strong><\/span><br \/>\n<strong>1-osobowy pok\u00f3j budynek nr 1 (po przebudowie)<\/strong> &#8211; \u0142\u00f3\u017cko pojedyncze, szafa, stolik kawowy, szafka nocna, stolik nocny, fotel, krzes\u0142o, lod\u00f3wka, czajnik elektryczny, telewizor z p\u0142askim ekranem, prysznic <strong>\u2013 32 EUR dzie\u0144 \/za osob\u0119<\/strong><\/p>\n<p><strong>2-osobowy pok\u00f3j budynek nr 2 (po przebudowie)<\/strong> &#8211; 2 \u0142\u00f3\u017cka pojedyncze, szafa, stolik kawowy, 2, stoliki nocne, 2 fotele ( lub krzes\u0142a), lod\u00f3wka, czajnik elektryczny, telewizor z p\u0142askim ekranem, prysznic<br \/>\nprzy zakwaterowaniu dw\u00f3ch os\u00f3b<strong> \u2013 28 euro dzie\u0144\/za osob\u0119<\/strong><br \/>\nprzy zakwaterowaniu jednej osoby<strong> \u2013 euro dzie\u0144\/za osob\u0119<\/strong><\/p>\n<p><strong>2-osobowy pok\u00f3j &#8220;Double&#8221; (&#8220;Twin&#8221;)<\/strong> &#8211; jedno podw\u00f3jne lub dwa pojedyncze \u0142\u00f3\u017cka, szafa, stolik kawowy( lub komoda), 2 fotele (lub krzes\u0142a), lod\u00f3wka, czajnik elektryczny, telewizor z p\u0142askim ekranem, suszarka do w\u0142os\u00f3w, prysznic<br \/>\nprzy zakwaterowaniu dw\u00f3ch os\u00f3b <strong>\u2013 29 euro dzie\u0144\/za osob\u0119<\/strong><br \/>\nprzy zakwaterowaniu jednej osoby <strong>\u2013 35 euro dzie\u0144\/za osob\u0119<\/strong><\/p>\n<p><strong>3-osobowy 2-pokojowy<\/strong> &#8211; trzy pojedyncze \u0142\u00f3\u017cka, dwa przestronne balkony, szafa, stolik kawowy, szafka nocna, komoda, lustro, 2 krzes\u0142a, lod\u00f3wka, czajnik elektryczny, telewizor z p\u0142askim ekranem, prysznic, toaleta<br \/>\nprzy zakwaterowaniu trzech os\u00f3b <strong>\u2013 29 euro dzie\u0144\/za osob\u0119<\/strong><br \/>\nprzy zakwaterowaniu dw\u00f3ch os\u00f3b <strong>\u2013 31 euro dzie\u0144\/za osob\u0119<\/strong><br \/>\nprzy zakwaterowaniu jednej osoby <strong>\u2013 39 euro dzie\u0144\/za osob\u0119<\/strong><\/p>\n<p><strong>1-osobowy 1-pokojowy (podwyszony komfort)<\/strong> &#8211; \u0142\u00f3\u017cko pojedyncze, szafa, stolik kawowy, stolik nocny, stolik nocny, fotel, krzes\u0142o, lod\u00f3wka, czajnik elektryczny, telewizor z p\u0142askim ekranem, klimatyzacja, kabina prysznicowa<br \/>\nprzy zakwaterowaniu jednej osoby <strong>\u2013 34 euro dzie\u0144\/za osob\u0119<\/strong><\/p>\n<p><strong>2-osobowy 2-pokojowy (podwyszony komfort)<\/strong> &#8211; 2 \u0142\u00f3\u017cka pojedyncze, szafa, stolik kawowy, szafka nocna, 2 stoliki nocne, komoda, lustro, 2 krzes\u0142a (lub 2 fotele), sofa, lod\u00f3wka, czajnik elektryczny, telewizor z p\u0142askim ekranem, kabina prysznicowa,bidet, toaleta<br \/>\nprzy zakwaterowaniu dw\u00f3ch os\u00f3b <strong>\u2013 35 euro dzie\u0144\/za osob\u0119<\/strong><br \/>\nprzy zakwaterowaniu jednej osoby <strong>\u2013 43 euro dzie\u0144\/za osob\u0119<\/strong><\/p>\n<p><strong>2-osobowy 2-pokojowy &#8220;Lux&#8221;<\/strong> &#8211; podw\u00f3jne \u0142\u00f3\u017cko, 2 szafy, stolik kawowy, szafka nocna, 2 stoliki nocne, komoda, lustro, 2 krzes\u0142a( lub 2 fotele), sofa, lod\u00f3wka, czajnik elektryczny, telewizor z p\u0142askim ekranem, kabina prysznicowa, bidet, toaleta<br \/>\nprzy zakwaterowaniu dw\u00f3ch os\u00f3b <strong>\u2013 39 euro dzie\u0144\/za osob\u0119<\/strong><br \/>\nprzy zakwaterowaniu jednej osoby <strong>\u2013 49 euro dzie\u0144\/za osob\u0119<\/strong><\/p>\n<p>&nbsp;<\/p>\n<p><span style=\"color: #ff0000;\"><strong>CENY od 01.06.2020 do 31.08.2020<\/strong><\/span><br \/>\n<strong>1-osobowy pok\u00f3j budynek nr 1 (po przebudowie)<\/strong> &#8211; \u0142\u00f3\u017cko pojedyncze, szafa, stolik kawowy, szafka nocna, stolik nocny, fotel, krzes\u0142o, lod\u00f3wka, czajnik elektryczny, telewizor z p\u0142askim ekranem, prysznic<strong> \u2013 35 EUR dzie\u0144 \/za osob\u0119<\/strong><\/p>\n<p><strong>2-osobowy pok\u00f3j budynek nr 2 (po przebudowie)<\/strong> &#8211; 2 \u0142\u00f3\u017cka pojedyncze, szafa, stolik kawowy, 2, stoliki nocne, 2 fotele ( lub krzes\u0142a), lod\u00f3wka, czajnik elektryczny, telewizor z p\u0142askim ekranem, prysznic<br \/>\nprzy zakwaterowaniu dw\u00f3ch os\u00f3b<strong> \u2013 31 euro dzie\u0144\/za osob\u0119<\/strong><br \/>\nprzy zakwaterowaniu jednej osoby<strong> \u2013 euro dzie\u0144\/za osob\u0119<\/strong><\/p>\n<p><strong>2-osobowy pok\u00f3j &#8220;Double&#8221; (&#8220;Twin&#8221;)<\/strong> &#8211; jedno podw\u00f3jne lub dwa pojedyncze \u0142\u00f3\u017cka, szafa, stolik kawowy( lub komoda), 2 fotele (lub krzes\u0142a), lod\u00f3wka, czajnik elektryczny, telewizor z p\u0142askim ekranem, suszarka do w\u0142os\u00f3w, prysznic<br \/>\nprzy zakwaterowaniu dw\u00f3ch os\u00f3b <strong>\u2013 32 euro dzie\u0144\/za osob\u0119<\/strong><br \/>\nprzy zakwaterowaniu jednej osoby<strong> \u2013 39 euro dzie\u0144\/za osob\u0119<\/strong><\/p>\n<p><strong>3-osobowy 2-pokojowy<\/strong> &#8211; trzy pojedyncze \u0142\u00f3\u017cka, dwa przestronne balkony, szafa, stolik kawowy, szafka nocna, komoda, lustro, 2 krzes\u0142a, lod\u00f3wka, czajnik elektryczny, telewizor z p\u0142askim ekranem, prysznic, toaleta<br \/>\nprzy zakwaterowaniu trzech os\u00f3b <strong>\u2013 32 euro dzie\u0144\/za osob\u0119<\/strong><br \/>\nprzy zakwaterowaniu dw\u00f3ch os\u00f3b <strong>\u2013 34 euro dzie\u0144\/za osob\u0119<\/strong><br \/>\nprzy zakwaterowaniu jednej osoby<strong> \u2013 43 euro dzie\u0144\/za osob\u0119<\/strong><\/p>\n<p><strong>1-osobowy 1-pokojowy (podwyszony komfort)<\/strong> &#8211; \u0142\u00f3\u017cko pojedyncze, szafa, stolik kawowy, stolik nocny, stolik nocny, fotel, krzes\u0142o, lod\u00f3wka, czajnik elektryczny, telewizor z p\u0142askim ekranem, klimatyzacja, kabina prysznicowa<br \/>\nprzy zakwaterowaniu jednej osoby <strong>\u2013 37 euro dzie\u0144\/za osob\u0119<\/strong><\/p>\n<p><strong>2-osobowy 2-pokojowy (podwyszony komfort)<\/strong> &#8211; 2 \u0142\u00f3\u017cka pojedyncze, szafa, stolik kawowy, szafka nocna, 2 stoliki nocne, komoda, lustro, 2 krzes\u0142a (lub 2 fotele), sofa, lod\u00f3wka, czajnik elektryczny, telewizor z p\u0142askim ekranem, kabina prysznicowa,bidet, toaleta<br \/>\nprzy zakwaterowaniu dw\u00f3ch os\u00f3b <strong>\u2013 39 euro dzie\u0144\/za osob\u0119<\/strong><br \/>\nprzy zakwaterowaniu jednej osoby <strong>\u2013 48 euro dzie\u0144\/za osob\u0119<\/strong><\/p>\n<p><strong>2-osobowy 2-pokojowy &#8220;Lux&#8221;<\/strong> &#8211; podw\u00f3jne \u0142\u00f3\u017cko, 2 szafy, stolik kawowy, szafka nocna, 2 stoliki nocne, komoda, lustro, 2 krzes\u0142a( lub 2 fotele), sofa, lod\u00f3wka, czajnik elektryczny, telewizor z p\u0142askim ekranem, kabina prysznicowa, bidet, toaleta<br \/>\nprzy zakwaterowaniu dw\u00f3ch os\u00f3b<strong> \u2013 43 euro dzie\u0144\/za osob\u0119<\/strong><br \/>\nprzy zakwaterowaniu jednej osoby <strong>\u2013 54 euro dzie\u0144\/za osob\u0119<\/strong><\/p>\n<p>&nbsp;<\/p>\n<p><span style=\"color: #ff0000;\"><strong>CENY od 01.09.2020 do 24.12.2020<\/strong><\/span><br \/>\n1-osobowy pok\u00f3j budynek nr 1 (po przebudowie) &#8211; \u0142\u00f3\u017cko pojedyncze, szafa, stolik kawowy, szafka nocna, stolik nocny, fotel, krzes\u0142o, lod\u00f3wka, czajnik elektryczny, telewizor z p\u0142askim ekranem, prysznic <strong>\u2013 33 EUR dzie\u0144 \/za osob\u0119<\/strong><\/p>\n<p><strong>2-osobowy pok\u00f3j budynek nr 2 (po przebudowie)<\/strong> &#8211; 2 \u0142\u00f3\u017cka pojedyncze, szafa, stolik kawowy, 2, stoliki nocne, 2 fotele ( lub krzes\u0142a), lod\u00f3wka, czajnik elektryczny, telewizor z p\u0142askim ekranem, prysznic<br \/>\nprzy zakwaterowaniu dw\u00f3ch os\u00f3b <strong>\u2013 29 euro dzie\u0144\/za osob\u0119<\/strong><br \/>\nprzy zakwaterowaniu jednej osoby <strong>\u2013 euro dzie\u0144\/za osob\u0119<\/strong><\/p>\n<p>2-osobowy pok\u00f3j &#8220;Double&#8221; (&#8220;Twin&#8221;) &#8211; jedno podw\u00f3jne lub dwa pojedyncze \u0142\u00f3\u017cka, szafa, stolik kawowy( lub komoda), 2 fotele (lub krzes\u0142a), lod\u00f3wka, czajnik elektryczny, telewizor z p\u0142askim ekranem, suszarka do w\u0142os\u00f3w, prysznic<br \/>\nprzy zakwaterowaniu dw\u00f3ch os\u00f3b<strong> \u2013 30 euro dzie\u0144\/za osob\u0119<\/strong><br \/>\nprzy zakwaterowaniu jednej osoby <strong>\u2013 36 euro dzie\u0144\/za osob\u0119<\/strong><\/p>\n<p><strong>3-osobowy 2-pokojowy<\/strong> &#8211; trzy pojedyncze \u0142\u00f3\u017cka, dwa przestronne balkony, szafa, stolik kawowy, szafka nocna, komoda, lustro, 2 krzes\u0142a, lod\u00f3wka, czajnik elektryczny, telewizor z p\u0142askim ekranem, prysznic, toaleta<br \/>\nprzy zakwaterowaniu trzech os\u00f3b<strong> \u2013 30 euro dzie\u0144\/za osob\u0119<\/strong><br \/>\nprzy zakwaterowaniu dw\u00f3ch os\u00f3b <strong>\u2013 32 euro dzie\u0144\/za osob\u0119<\/strong><br \/>\nprzy zakwaterowaniu jednej osoby <strong>\u2013 41 euro dzie\u0144\/za osob\u0119<\/strong><\/p>\n<p><strong>1-osobowy 1-pokojowy (podwyszony komfort)<\/strong> &#8211; \u0142\u00f3\u017cko pojedyncze, szafa, stolik kawowy, stolik nocny, stolik nocny, fotel, krzes\u0142o, lod\u00f3wka, czajnik elektryczny, telewizor z p\u0142askim ekranem, klimatyzacja, kabina prysznicowa<br \/>\nprzy zakwaterowaniu jednej osoby <strong>\u2013 35 euro dzie\u0144\/za osob\u0119<\/strong><\/p>\n<p><strong>2-osobowy 2-pokojowy (podwyszony komfort)<\/strong> &#8211; 2 \u0142\u00f3\u017cka pojedyncze, szafa, stolik kawowy, szafka nocna, 2 stoliki nocne, komoda, lustro, 2 krzes\u0142a (lub 2 fotele), sofa, lod\u00f3wka, czajnik elektryczny, telewizor z p\u0142askim ekranem, kabina prysznicowa,bidet, toaleta<br \/>\nprzy zakwaterowaniu dw\u00f3ch os\u00f3b <strong>\u2013 37 euro dzie\u0144\/za osob\u0119<\/strong><br \/>\nprzy zakwaterowaniu jednej osoby<strong> \u2013 45 euro dzie\u0144\/za osob\u0119<\/strong><\/p>\n<p><strong>2-osobowy 2-pokojowy &#8220;Lux&#8221;<\/strong> &#8211; podw\u00f3jne \u0142\u00f3\u017cko, 2 szafy, stolik kawowy, szafka nocna, 2 stoliki nocne, komoda, lustro, 2 krzes\u0142a( lub 2 fotele), sofa, lod\u00f3wka, czajnik elektryczny, telewizor z p\u0142askim ekranem, kabina prysznicowa, bidet, toaleta<br \/>\nprzy zakwaterowaniu dw\u00f3ch os\u00f3b <strong>\u2013 40 euro dzie\u0144\/za osob\u0119<\/strong><br \/>\nprzy zakwaterowaniu jednej osoby <strong>\u2013 50 euro dzie\u0144\/za osob\u0119<\/strong><\/p>\n<p>Rabat w wysoko\u015bci 15 % dla dzieci w wieku od 3 do 14 lat<br \/>\nRabat w wysoko\u015bci 20 % dla dzieci w wieku od 3 do 14 lat na dodatkowe miejsce<br \/>\nRabat w wysoko\u015bci 20% dla doros\u0142ych i dzieci w wieku powy\u017cej 14 lat na dostawce w czasie pobytu w 2-osobowych 2-pokojowych apartamentach<\/p>\n<p><strong>Dodatkowo p\u0142ac\u0105 op\u0142at\u0119 uzdrowiskow\u0105 w wysoko\u015bci 4% od warto\u015bci us\u0142ugi (na miejscu).<\/strong><\/p>\n<p>Obs\u0142uga klienta w sanatorium zaczyna si\u0119 o 08:00 w dniu przyjazdu i ko\u0144czy si\u0119 o 20:00 w dniu zako\u0144czenia wycieczki<br \/>\n&#8212;&#8212;&#8212;&#8212;&#8212;&#8212;&#8212;&#8212;&#8211;<br \/>\n<strong>W CENIE:<\/strong><br \/>\n\u2022 noclegi w pokoju wybranego standardu<br \/>\n\u2022 4 posi\u0142ki dziennie<br \/>\n\u2022 kompleks sanatoryjno-uzdrowiskowych zabieg\u00f3w[\/vc_column_text][\/vc_column][\/vc_row][vc_row][vc_column][vc_raw_html]PHNjcmlwdCB0eXBlPSJ0ZXh0L2phdmFzY3JpcHQiIGNoYXJzZXQ9InV0Zi04IiBhc3luYyBzcmM9Imh0dHBzOi8vYXBpLW1hcHMueWFuZGV4LnJ1L3NlcnZpY2VzL2NvbnN0cnVjdG9yLzEuMC9qcy8\/dW09Y29uc3RydWN0b3IlM0FmMDI0MGRlZTBjYzg4NmQwMzkzYmU3MGZmMDhmZWIzMGExNzNlMWUwMzQ5NjFhMjk2OThiNmYxNDVhMWQ5YWNiJndpZHRoPTEwMCUyNSZoZWlnaHQ9NTE0Jmxhbmc9cnVfUlUmc2Nyb2xsPXRydWUiPjwvc2NyaXB0Pg==[\/vc_raw_html][\/vc_column][\/vc_row]<\/p>\n","protected":false},"excerpt":{"rendered":"[vc_row][vc_column][vc_empty_space][\/vc_column][\/vc_row][vc_row][vc_column width=&#8221;1\/2&#8243;][vc_images_carousel images=&#8221;5244,5248,5252,5268,5272,5276,5280,5284,5288,5292,5296,5300,5304,5308,5312,5320,5324,5328,5332,5336,5348,5352,5356,5360,5368,5372,5376,5380,5384,5392,5396,5408,5412,5416,5420,5424,5428,5432,5436,5440,5448,5452,5456,5460,5464,5468,5472,5476,5480,5484,5492,5496,5388,5700&#8243; img_size=&#8221;full&#8221; wrap=&#8221;yes&#8221;][\/vc_column][vc_column width=&#8221;1\/2&#8243;][vc_column_text] Sanatorium Berestie Odleg\u0142o\u015b\u0107 od Brze\u015bcia: 41 km +375 29 782 14 72 +375 44 574 14 72 ( ) +375 33 351 87 72 ( ) [\/vc_column_text][tm_contact_form_7 id=&#8221;4246&#8243; el_class=&#8221;sanat_form&#8221;][\/vc_column][\/vc_row][vc_row][vc_column][tm_heading custom_google_font=&#8221;&#8221; text=&#8221;Sanatorium Berestie&#8221; typed_list=&#8221;%5B%7B%7D%5D&#8221;][vc_separator][vc_column_text]Sanatorium Berestie po\u0142o\u017cony jest w odleg\u0142o\u015bci 40 km od Brze\u015bcia. Po\u0142o\u017cony jest w ekologicznie czystej okolicy, na terenie Parku Narodowego i Rezerwatu Biosfery &#8220;Pribu\u017cskoje Polesie&#8221;, na malowniczym brzegu jeziora Rogozia\u0144skie. NOCLEGI: Sanatorium Berestie mie\u015bci si\u0119 w dw\u00f3ch komfortowych budynkach. Budynki mieszkalne, basen, gabinety zabiegowe s\u0105 po\u0142\u0105czone mi\u0119dzy sob\u0105 przej\u015bciowymi galeriami. Dla turyst\u00f3w oferowane s\u0105 pokoje dwuosobowe z \u0142azienk\u0105. Pokoje &#8220;Lux&#8221; nie gorzej, ni\u017c w dobrych hotelach. We wszystkich kategoriach pokoi znajduje si\u0119: tv, lod\u00f3wka, czajnik, zestaw naczy\u0144 (szklanki, talerze, widelce, \u0142y\u017cki), zestaw 3 r\u0119cznik\u00f3w. Suszarki do w\u0142os\u00f3w w pokojach o podwy\u017cszonym standardzie, &#8220;Double&#8221; i &#8220;Lux&#8221;. PROFIL MEDYCZNY SANATORIUM: &#8211; choroby uk\u0142adu sercowo-naczyniowego &#8211; choroby uk\u0142adu nerwowego &#8211; choroby uk\u0142adu mi\u0119\u015bniowo-szkieletowego i tkanki \u0142\u0105cznej &#8211; choroby uk\u0142adu moczowo-p\u0142ciowego (okaleczania \u017ce\u0144skich narz\u0105d\u00f3w p\u0142ciowych) &#8211; choroby uk\u0142adu oddechowego RODZAJE ZABIEG\u00d3W: &#8211; lecznicze i mineralne k\u0105piele &#8211; basen z wod\u0105 mineraln\u0105 &#8211; masa\u017c r\u0119czny i mechaniczny &#8211; terapia kompresyjna &#8211; terapia b\u0142otem, aplikacje z parafiny, wosku &#8211; aromaterapia, inhalacje, haloterapia, sauna &#8211; stomatologia profilaktyczna &#8211; biotronterapia, terapia ciep\u0142em, psychoterapia, elektrofototerapia &#8211; us\u0142ugi kosmetyczne &#8211; karboksyterapia, krioterapia, refleksologia, terapia trakcyjna, hirudotherapy &#8211; diagnostyka ultrad\u017awi\u0119kowy, diagnostyka laboratoryjna, monitorowanie EKG, dro\u017cno\u015b\u0107 naczy\u0144 krwiono\u015bnych, diagnostyka dr\u00f3g oddechowych. WYPOCZYNEK, ROZRYWKA, SPORT I US\u0141UGI DODATKOWE: &#8211; sklep &#8211; apteka &#8211; si\u0142ownia &#8211; basen &#8211; si\u0142ownia &#8211; poczta &#8211; tenis sto\u0142owy &#8211; sala taneczna &#8211; bilard &#8211; biblioteka &#8211; salon fryzjerski &#8211; bank &#8211; gabinet stomatologiczny &#8211; parking Cennik na sanatoryjno-uzdrowiskowe skierowanie (dostosowane menu od trzeciego dnia, pierwsze dwa dni menu sanatorium) CENY z-od 08.01.2020 do 31.05.2020 1-osobowy pok\u00f3j budynek nr 1 (po przebudowie) &#8211; \u0142\u00f3\u017cko pojedyncze, szafa, stolik kawowy, szafka nocna, stolik nocny, fotel, krzes\u0142o, lod\u00f3wka, czajnik elektryczny, telewizor z p\u0142askim ekranem, prysznic \u2013 32 EUR dzie\u0144 \/za osob\u0119 2-osobowy pok\u00f3j budynek nr 2 (po przebudowie) &#8211; 2 \u0142\u00f3\u017cka pojedyncze, szafa, stolik kawowy, 2, stoliki nocne, 2 fotele ( lub krzes\u0142a), lod\u00f3wka, czajnik elektryczny, telewizor z p\u0142askim ekranem, prysznic przy zakwaterowaniu dw\u00f3ch os\u00f3b \u2013 28 euro dzie\u0144\/za osob\u0119 przy zakwaterowaniu jednej osoby \u2013 euro dzie\u0144\/za osob\u0119 2-osobowy pok\u00f3j &#8220;Double&#8221; (&#8220;Twin&#8221;) &#8211; jedno podw\u00f3jne lub dwa pojedyncze \u0142\u00f3\u017cka, szafa, stolik kawowy( lub komoda), 2 fotele (lub krzes\u0142a), lod\u00f3wka, czajnik elektryczny, telewizor z p\u0142askim ekranem, suszarka do w\u0142os\u00f3w, prysznic przy zakwaterowaniu dw\u00f3ch os\u00f3b \u2013 29 euro dzie\u0144\/za osob\u0119 przy zakwaterowaniu jednej osoby \u2013 35 euro dzie\u0144\/za osob\u0119 3-osobowy 2-pokojowy &#8211; trzy pojedyncze \u0142\u00f3\u017cka, dwa przestronne balkony, szafa, stolik kawowy, szafka nocna, komoda, lustro, 2 krzes\u0142a, lod\u00f3wka, czajnik elektryczny, telewizor z p\u0142askim ekranem, prysznic, toaleta przy zakwaterowaniu trzech os\u00f3b \u2013 29 euro dzie\u0144\/za osob\u0119 przy zakwaterowaniu dw\u00f3ch os\u00f3b \u2013 31 euro dzie\u0144\/za osob\u0119 przy zakwaterowaniu jednej osoby \u2013 39 euro dzie\u0144\/za osob\u0119 1-osobowy 1-pokojowy (podwyszony komfort) &#8211; \u0142\u00f3\u017cko pojedyncze, szafa, stolik kawowy, stolik nocny, stolik nocny, fotel, krzes\u0142o, lod\u00f3wka, czajnik elektryczny, telewizor z p\u0142askim ekranem, klimatyzacja, kabina prysznicowa przy zakwaterowaniu jednej osoby \u2013 34 euro dzie\u0144\/za osob\u0119 2-osobowy 2-pokojowy (podwyszony komfort) &#8211; 2 \u0142\u00f3\u017cka pojedyncze, szafa, stolik kawowy, szafka nocna, 2 stoliki nocne, komoda, lustro, 2 krzes\u0142a (lub 2 fotele), sofa, lod\u00f3wka, czajnik elektryczny, telewizor z p\u0142askim ekranem, kabina prysznicowa,bidet, toaleta przy zakwaterowaniu dw\u00f3ch os\u00f3b \u2013 35 euro dzie\u0144\/za osob\u0119 przy zakwaterowaniu jednej osoby \u2013 43 euro dzie\u0144\/za osob\u0119 2-osobowy 2-pokojowy &#8220;Lux&#8221; &#8211; podw\u00f3jne \u0142\u00f3\u017cko, 2 szafy, stolik kawowy, szafka nocna, 2 stoliki nocne, komoda, lustro, 2 krzes\u0142a( lub 2 fotele), sofa, lod\u00f3wka, czajnik elektryczny, telewizor z p\u0142askim ekranem, kabina prysznicowa, bidet, toaleta przy zakwaterowaniu dw\u00f3ch os\u00f3b \u2013 39 euro dzie\u0144\/za osob\u0119 przy zakwaterowaniu jednej osoby \u2013 49 euro dzie\u0144\/za osob\u0119 &nbsp; CENY od 01.06.2020 do 31.08.2020 1-osobowy pok\u00f3j budynek nr 1 (po przebudowie) &#8211; \u0142\u00f3\u017cko pojedyncze, szafa, stolik kawowy, szafka nocna, stolik nocny, fotel, krzes\u0142o, lod\u00f3wka, czajnik elektryczny, telewizor z p\u0142askim ekranem, prysznic \u2013 35 EUR dzie\u0144 \/za osob\u0119 2-osobowy pok\u00f3j budynek nr 2 (po przebudowie) &#8211; 2 \u0142\u00f3\u017cka pojedyncze, szafa, stolik kawowy, 2, stoliki nocne, 2 fotele ( lub krzes\u0142a), lod\u00f3wka, czajnik elektryczny, telewizor z p\u0142askim ekranem, prysznic przy zakwaterowaniu dw\u00f3ch os\u00f3b \u2013 31 euro dzie\u0144\/za osob\u0119 przy zakwaterowaniu jednej osoby \u2013 euro dzie\u0144\/za osob\u0119 2-osobowy pok\u00f3j &#8220;Double&#8221; (&#8220;Twin&#8221;) &#8211; jedno podw\u00f3jne lub dwa pojedyncze \u0142\u00f3\u017cka, szafa, stolik kawowy( lub komoda), 2 fotele (lub krzes\u0142a), lod\u00f3wka, czajnik elektryczny, telewizor z p\u0142askim ekranem, suszarka do w\u0142os\u00f3w, prysznic przy zakwaterowaniu dw\u00f3ch os\u00f3b \u2013 32 euro dzie\u0144\/za osob\u0119 przy zakwaterowaniu jednej osoby \u2013 39 euro dzie\u0144\/za osob\u0119 3-osobowy 2-pokojowy &#8211; trzy pojedyncze \u0142\u00f3\u017cka, dwa przestronne balkony, szafa, stolik kawowy, szafka nocna, komoda, lustro, 2 krzes\u0142a, lod\u00f3wka, czajnik elektryczny, telewizor z p\u0142askim ekranem, prysznic, toaleta przy zakwaterowaniu trzech os\u00f3b \u2013 32 euro dzie\u0144\/za osob\u0119 przy zakwaterowaniu dw\u00f3ch os\u00f3b \u2013 34 euro dzie\u0144\/za osob\u0119 przy zakwaterowaniu jednej osoby \u2013 43 euro dzie\u0144\/za osob\u0119 1-osobowy 1-pokojowy (podwyszony komfort) &#8211; \u0142\u00f3\u017cko pojedyncze, szafa, stolik kawowy, stolik nocny, stolik nocny, fotel, krzes\u0142o, lod\u00f3wka, czajnik elektryczny, telewizor z p\u0142askim ekranem, klimatyzacja, kabina prysznicowa przy zakwaterowaniu jednej osoby \u2013 37 euro dzie\u0144\/za osob\u0119 2-osobowy 2-pokojowy (podwyszony komfort) &#8211; 2 \u0142\u00f3\u017cka pojedyncze, szafa, stolik kawowy, szafka nocna, 2 stoliki nocne, komoda, lustro, 2 krzes\u0142a (lub 2 fotele), sofa, lod\u00f3wka, czajnik elektryczny, telewizor z p\u0142askim ekranem, kabina prysznicowa,bidet, toaleta przy zakwaterowaniu dw\u00f3ch os\u00f3b \u2013 39 euro dzie\u0144\/za osob\u0119 przy zakwaterowaniu jednej osoby \u2013 48 euro dzie\u0144\/za osob\u0119 2-osobowy 2-pokojowy &#8220;Lux&#8221; &#8211; podw\u00f3jne \u0142\u00f3\u017cko, 2 szafy, stolik kawowy, szafka nocna, 2 stoliki nocne, komoda, lustro, 2 krzes\u0142a( lub 2 fotele), sofa, lod\u00f3wka, czajnik elektryczny, telewizor z p\u0142askim ekranem, kabina prysznicowa, bidet, toaleta przy zakwaterowaniu dw\u00f3ch os\u00f3b \u2013 43 euro dzie\u0144\/za osob\u0119 przy zakwaterowaniu jednej osoby \u2013 54 euro dzie\u0144\/za osob\u0119 &nbsp; CENY od 01.09.2020 do 24.12.2020 1-osobowy pok\u00f3j budynek nr 1 (po przebudowie) &#8211; \u0142\u00f3\u017cko pojedyncze, szafa, stolik kawowy, szafka nocna, stolik nocny, fotel, krzes\u0142o, lod\u00f3wka, czajnik elektryczny, telewizor z p\u0142askim ekranem, prysznic \u2013 33 EUR dzie\u0144 \/za osob\u0119 2-osobowy pok\u00f3j budynek nr 2 (po przebudowie) &#8211; 2 \u0142\u00f3\u017cka pojedyncze, szafa, stolik kawowy, 2, stoliki nocne, 2 fotele ( lub krzes\u0142a), lod\u00f3wka, czajnik elektryczny, telewizor [&hellip;]","protected":false},"author":1,"featured_media":5697,"parent":4095,"menu_order":0,"comment_status":"closed","ping_status":"closed","template":"","meta":[],"_links":{"self":[{"href":"https:\/\/extur.by\/pl\/wp-json\/wp\/v2\/pages\/5518\/"}],"collection":[{"href":"https:\/\/extur.by\/pl\/wp-json\/wp\/v2\/pages\/"}],"about":[{"href":"https:\/\/extur.by\/pl\/wp-json\/wp\/v2\/types\/page\/"}],"author":[{"embeddable":true,"href":"https:\/\/extur.by\/pl\/wp-json\/wp\/v2\/users\/1\/"}],"replies":[{"embeddable":true,"href":"https:\/\/extur.by\/pl\/wp-json\/wp\/v2\/comments\/?post=5518"}],"version-history":[{"count":21,"href":"https:\/\/extur.by\/pl\/wp-json\/wp\/v2\/pages\/5518\/revisions\/"}],"predecessor-version":[{"id":5730,"href":"https:\/\/extur.by\/pl\/wp-json\/wp\/v2\/pages\/5518\/revisions\/5730\/"}],"up":[{"embeddable":true,"href":"https:\/\/extur.by\/pl\/wp-json\/wp\/v2\/pages\/4095\/"}],"wp:featuredmedia":[{"embeddable":true,"href":"https:\/\/extur.by\/pl\/wp-json\/wp\/v2\/media\/5697\/"}],"wp:attachment":[{"href":"https:\/\/extur.by\/pl\/wp-json\/wp\/v2\/media\/?parent=5518"}],"curies":[{"name":"wp","href":"https:\/\/api.w.org\/{rel}","templated":true}]}}