{"id":4321,"date":"2019-10-28T23:30:10","date_gmt":"2019-10-28T20:30:10","guid":{"rendered":"https:\/\/extur.by\/?page_id=4321"},"modified":"2019-10-31T22:09:08","modified_gmt":"2019-10-31T19:09:08","slug":"sanatorium-bug","status":"publish","type":"page","link":"https:\/\/extur.by\/pl\/medyczne-turystyka\/sanatoria\/sanatorium-bug\/","title":{"rendered":"Sanatorium \u201cBUG\u201d"},"content":{"rendered":"<p>[vc_row][vc_column][vc_empty_space][\/vc_column][\/vc_row][vc_row][vc_column width=&#8221;1\/2&#8243;][vc_images_carousel images=&#8221;4421,4453,4405,4389,4385,4357,4449,4457,4433,4437,4409,4353,4345,4445,4465,4461,4441,4429,4425,4417,4413,4349,4341,4337,4401,4397,4377,4373,4369,4381,4365,4361&#8243; img_size=&#8221;full&#8221; wrap=&#8221;yes&#8221;][\/vc_column][vc_column width=&#8221;1\/2&#8243;][vc_column_text]<\/p>\n<h2 style=\"text-align: center;\">Sanatorium \u201cBUG\u201d<\/h2>\n<h4 style=\"text-align: center;\"><span class=\"NormalTextRun SCXW197004127 BCX0\">W\u00a0<\/span><span class=\"SpellingError SCXW197004127 BCX0\">odleg\u0142o\u015bci<\/span><span class=\"NormalTextRun SCXW197004127 BCX0\">\u00a030 km od\u00a0<\/span><span class=\"SpellingError SCXW197004127 BCX0\">Brze\u015bcia<\/span><span class=\"NormalTextRun SCXW197004127 BCX0\">\u00a0<\/span><span class=\"SpellingError SCXW197004127 BCX0\">i<\/span><span class=\"NormalTextRun SCXW197004127 BCX0\">\u00a015 km od\u00a0<\/span><span class=\"SpellingError SCXW197004127 BCX0\">Kobrynia<\/span><span class=\"NormalTextRun SCXW197004127 BCX0\">\u00a0<\/span><span class=\"SpellingError SCXW197004127 BCX0\">i<\/span><span class=\"NormalTextRun SCXW197004127 BCX0\">\u00a0<\/span><span class=\"SpellingError SCXW197004127 BCX0\">\u017babinki<\/span><\/h4>\n<p style=\"text-align: center;\"><i class=\"fa fa-phone\"><\/i> <a href=\"tel:+375297821472\">+375 29 782 14 72<\/a><br \/>\n<i class=\"fa fa-phone\"><\/i> <a href=\"tel:+375445741472\">+375 44 574 14 72<\/a> (<i class=\"fab fa-viber\"><\/i> <i class=\"fab fa-whatsapp\"><\/i>)<br \/>\n<i class=\"fa fa-phone\"><\/i> <a href=\"tel:+375333518772\">+375 33 351 87 72<\/a> (<i class=\"fab fa-viber\"><\/i> <i class=\"fab fa-whatsapp\"><\/i>)<\/p>\n<p>[\/vc_column_text][tm_contact_form_7 id=&#8221;4246&#8243;][\/vc_column][\/vc_row][vc_row][vc_column][tm_heading custom_google_font=&#8221;&#8221; text=&#8221;Sanatorium \u201cBUG\u201d&#8221; typed_list=&#8221;%5B%7B%7D%5D&#8221;][vc_separator][vc_column_text]Po\u0142o\u017cone jest w ekologicznie czystym rejonie nad malowniczym brzegiem rzeki Muchawiec. Sanatorium BUG jest zaliczane do grona najlepszych. W odleg\u0142o\u015bci 30 km od Brze\u015bcia i 15 km od Kobrynia i \u017babinki. Bogaty zakres i jako\u015b\u0107 us\u0142ug medycznych, dobrze wyposa\u017cone medyczne bloki. Sanatorium znajduje si\u0119 na li\u015bcie najlepszych w Bia\u0142orusi.<\/p>\n<p><strong>ZAKWATEROWANIE:<\/strong><br \/>\nS\u0105 tu jedno \u2013 i dwuosobowe pokoje, apartamenty luksusowe. W ka\u017cdym z tych pokoi jest \u0142azienka, WC, TV.<\/p>\n<p><strong>OBS\u0141UGIWANE SCHORZENIA:<\/strong><br \/>\n&#8211; choroby uk\u0142adu kr\u0105\u017cenia<br \/>\n&#8211; choroby tkanki \u0142\u0105cznej<br \/>\n&#8211; choroby narz\u0105d\u00f3w ruchu<br \/>\n&#8211; choroby uk\u0142adu oddechowego<\/p>\n<p><strong>RODZAJE ZABIEG\u00d3W:<\/strong><br \/>\n&#8211; wanny lecznicze i mineralne<br \/>\n&#8211; beczka cedrowa<br \/>\n&#8211; r\u00f3\u017cne rodzaje leczenia \u015bwiat\u0142em<br \/>\n&#8211; leczenie ciep\u0142em i zabiegi z zakresu: galwanoborowiny, ok\u0142ady parafinowo-ozokerytowe<br \/>\n&#8211; terapia kompresyjna aparatem \u201eLimfa-mat\u201d<br \/>\n&#8211; krioterapia aparatem \u201eKriotur\u201d<br \/>\n&#8211; suche k\u0105piele w\u0119glanowe<br \/>\n&#8211; k\u0105piele ozonowe<br \/>\n&#8211; bie\u017cnia pr\u00f3\u017cniowa<br \/>\n&#8211; pr\u00f3\u017cniowo-kompresyjna terapia aparatem \u201eWakumed\u201d<br \/>\n&#8211; inhalacja<br \/>\n&#8211; sauna fi\u0144ska, infrared, kriosauna<br \/>\n&#8211; masa\u017c r\u0119czny i mechaniczny: pr\u00f3\u017cniowy, wibracyjny, aparatem \u201eRelaks\u201d, fotel relaksacyjny<br \/>\n&#8211; hydromasa\u017c<br \/>\n&#8211; koktajle tlenowe<br \/>\n&#8211; zabiegi SPA (og\u00f3lne i miejscowe)<br \/>\n&#8211; badania lekarskie<br \/>\n&#8211; zio\u0142olecznictwo<br \/>\n&#8211; niekonwencjonalne leczenie<br \/>\n&#8211; zabiegi kosmetyczne: kosmetyczny piel\u0119gnacja twarz, miastymulacja, radiolifting,wilgotne owijanie glin\u0105 morsk\u0105 oraz wodorostami morskimi<\/p>\n<p><strong>INFRASTRUKTURA:<\/strong><br \/>\nSanatorium jest przeznaczony na 500 miejsc.<br \/>\nDo pa\u0144stwa dyspozycji cztery zagospodarowanych obudowy: jedno-i dwuosobowe pokoje ze wszystkimi udogodnieniami, pokoje dwuosobowe, dwa pokoje.<br \/>\n&#8211; spo\u017cywczy sklepy<br \/>\n&#8211; apteka<br \/>\n&#8211; fryzjer<br \/>\n&#8211; bankomat<br \/>\n&#8211; Wi-Fi w holu<br \/>\n&#8211; telefon dla mi\u0119dzymiastowych i mi\u0119dzynarodowych po\u0142\u0105cze\u0144 telefonicznych<br \/>\n&#8211; \u0142a\u017ania<br \/>\n&#8211; sauna<br \/>\n&#8211; si\u0142ownia<br \/>\n&#8211; plac zabaw dla dzieci<br \/>\n&#8211; wypo\u017cyczalnia sprz\u0119tu sportowego<br \/>\n&#8211; parking strze\u017cony<\/p>\n<p><strong>ZAKRES US\u0141UG WCHODZ\u0104CYCH W CEN\u0118:<\/strong><br \/>\n&#8211; zakwaterowanie w pokoju o wybranym standardzie<br \/>\n&#8211; wy\u017cywienie pi\u0119ciurazowe<br \/>\n&#8211; kompleks zabieg\u00f3w uzdrowiskowych<\/p>\n<p><strong>Dodatkowo p\u0142ac\u0105 op\u0142at\u0119 uzdrowiskow\u0105 w wysoko\u015bci 5% od warto\u015bci us\u0142ugi (Na miejscu).<\/strong><\/p>\n<p>Termin pobytu: od 6:00 pierwszego dnia do godziny 22:00 ostatniego dnia przyjazdu;<br \/>\nAkceptujemy dzieci od trzeciego roku \u017cycia.<\/p>\n<p><strong>Cennik na sanatoryjno-uzdrowiskowe skierowanie (w FORMIE BUFETU)<\/strong><\/p>\n<p><strong>CENY: z 04.11.2019 do 24.12.2019<\/strong><br \/>\n2-osobowy z tv (twin), obudowa 1,3,4 \u2013 <strong>23,8 EUR na noc\/Na osob\u0119<\/strong><br \/>\n2-osobowy z tv i lod\u00f3wk\u0105 (twin), obudowa 1,3,4 \u2013 <strong>24,7 EUR na noc\/Na osob\u0119<\/strong><br \/>\n2-osobowy 2-pokojowy z tv i lod\u00f3wk\u0105 (LUX), obudowa 2 \u2013 <strong>28,7 EUR na noc\/Na osob\u0119<\/strong><br \/>\n1-osobowy z tv i lod\u00f3wk\u0105 (singiel) \u2013 <strong>30,5 EUR na noc\/Na osob\u0119<\/strong><br \/>\n2-osobowy 2-pokojowy z tv i lod\u00f3wk\u0105 na 1 osob\u0119 (LUX), obudowa 2 \u2013 <strong>39 EUR na noc\/Na osob\u0119<\/strong><\/p>\n<p><strong>CENY: z 25.12.2019 do 07.01.2020<\/strong><br \/>\n2-osobowy z tv (twin), obudowa 1,3,4 \u2013 <strong>25 EUR na noc\/Na osob\u0119<\/strong><br \/>\n2-osobowy z tv i lod\u00f3wk\u0105 (twin), obudowa 1,3,4 \u2013 <strong>26,5 EUR na noc\/Na osob\u0119<\/strong><br \/>\n2-osobowy 2-pokojowy z tv i lod\u00f3wk\u0105 (LUX), obudowa 2 \u2013 <strong>29,6 EUR na noc\/Na osob\u0119<\/strong><br \/>\n1-osobowy z tv i lod\u00f3wk\u0105 (singiel) \u2013 32,7 EUR na noc\/Na osob\u0119<br \/>\n2-osobowy 2-pokojowy z tv i lod\u00f3wk\u0105 na 1 osob\u0119 (LUX), obudowa 2 \u2013 <strong>40,4 EUR na noc\/Na osob\u0119<\/strong><\/p>\n<p>CENY: z 08.01.2020 do 30.04.2020<br \/>\n2-osobowy z tv (twin), obudowa 1,3,4 \u2013 <strong>24,2 EUR na noc\/Na osob\u0119<\/strong><br \/>\n2-osobowy z tv i lod\u00f3wk\u0105 (twin), obudowa 1,3,4 \u2013 <strong>25,1 EUR na noc\/Na osob\u0119<\/strong><br \/>\n2-osobowy 2-pokojowy z tv i lod\u00f3wk\u0105 (LUX), obudowa 2 \u2013 <strong>27 EUR na noc\/Na osob\u0119<\/strong><br \/>\n1-osobowy z tv i lod\u00f3wk\u0105 (singiel) \u2013 <strong>30,9 EUR na noc\/Na osob\u0119<\/strong><br \/>\n2-osobowy 2-pokojowy z tv i lod\u00f3wk\u0105 na 1 osob\u0119 (LUX), obudowa 2 \u2013 <strong>39,9 EUR na noc\/Na osob\u0119<\/strong><\/p>\n<p><strong>CENY: z 01.05.2020 do 15.06.2020<\/strong><br \/>\n2-osobowy z tv (twin), obudowa 1,3,4 \u2013 <strong>24,7 EUR na noc\/Na osob\u0119<\/strong><br \/>\n2-osobowy z tv i lod\u00f3wk\u0105 (twin), obudowa 1,3,4 \u2013 <strong>26 EUR na noc\/Na osob\u0119<\/strong><br \/>\n2-osobowy 2-pokojowy z tv i lod\u00f3wk\u0105 (LUX), obudowa 2 \u2013 <strong>30 EUR na noc\/Na osob\u0119<\/strong><br \/>\n1-osobowy z tv i lod\u00f3wk\u0105 (singiel) \u2013 <strong>31,8 EUR na noc\/Na osob\u0119<\/strong><br \/>\n2-osobowy 2-pokojowy z tv i lod\u00f3wk\u0105 na 1 osob\u0119 (LUX), obudowa 2 \u2013 <strong>40,8 EUR na noc\/Na osob\u0119<\/strong><\/p>\n<p><strong>CENY: z 16.06.2020 do 20.08.2020<\/strong><br \/>\n2-osobowy z tv (twin), obudowa 1,3,4 \u2013 <strong>27,4 EUR na noc\/Na osob\u0119<\/strong><br \/>\n2-osobowy z tv i lod\u00f3wk\u0105 (twin), obudowa 1,3,4 \u2013 <strong>29,1 EUR na noc\/Na osob\u0119<\/strong><br \/>\n2-osobowy 2-pokojowy z tv i lod\u00f3wk\u0105 (LUX), obudowa 2 \u2013 <strong>31,8 EUR na noc\/Na osob\u0119<\/strong><br \/>\n1-osobowy z tv i lod\u00f3wk\u0105 (singiel) \u2013 <strong>35,4 EUR na noc\/Na osob\u0119<\/strong><br \/>\n2-osobowy 2-pokojowy z tv i lod\u00f3wk\u0105 na 1 osob\u0119 (LUX), obudowa 2 \u2013 <strong>39,7 EUR na noc\/Na osob\u0119<\/strong><\/p>\n<p><strong>CENY: z 21.08.2020 do 30.09.2020<\/strong><br \/>\n2-osobowy z tv (twin), obudowa 1,3,4 \u2013 <strong>25,6 EUR na noc\/Na osob\u0119<\/strong><br \/>\n2-osobowy z tv i lod\u00f3wk\u0105 (twin), obudowa 1,3,4 \u2013 <strong>26,9 EUR na noc\/Na osob\u0119<\/strong><br \/>\n2-osobowy 2-pokojowy z tv i lod\u00f3wk\u0105 (LUX), obudowa 2 \u2013 <strong>30,5 EUR na noc\/Na osob\u0119<\/strong><br \/>\n1-osobowy z tv i lod\u00f3wk\u0105 (singiel) \u2013 <strong>32,7 EUR na noc\/Na osob\u0119<\/strong><br \/>\n2-osobowy 2-pokojowy z tv i lod\u00f3wk\u0105 na 1 osob\u0119 (LUX), obudowa 2 \u2013 <strong>42,2 EUR na noc\/Na osob\u0119<\/strong><\/p>\n<p><strong>CENY: z 01.10.2020 do 24.12.2020<\/strong><br \/>\n2-osobowy z tv (twin), obudowa 1,3,4 \u2013 <strong>24,7 EUR na noc\/Na osob\u0119<\/strong><br \/>\n2-osobowy z tv i lod\u00f3wk\u0105 (twin), obudowa 1,3,4 \u2013 <strong>26 EUR na noc\/Na osob\u0119<\/strong><br \/>\n2-osobowy 2-pokojowy z tv i lod\u00f3wk\u0105 (LUX), obudowa 2 \u2013 <strong>29,6 EUR na noc\/Na osob\u0119<\/strong><br \/>\n1-osobowy z tv i lod\u00f3wk\u0105 (singiel) \u2013 <strong>32,1 EUR na noc\/Na osob\u0119<\/strong><br \/>\n2-osobowy 2-pokojowy z tv i lod\u00f3wk\u0105 na 1 osob\u0119 (LUX), obudowa 2 \u2013 <strong>40,8 EUR na noc\/Na osob\u0119<\/strong>[\/vc_column_text][\/vc_column][\/vc_row][vc_row][vc_column][vc_raw_html]JTNDc2NyaXB0JTIwdHlwZSUzRCUyMnRleHQlMkZqYXZhc2NyaXB0JTIyJTIwY2hhcnNldCUzRCUyMnV0Zi04JTIyJTIwYXN5bmMlMjBzcmMlM0QlMjJodHRwcyUzQSUyRiUyRmFwaS1tYXBzLnlhbmRleC5ydSUyRnNlcnZpY2VzJTJGY29uc3RydWN0b3IlMkYxLjAlMkZqcyUyRiUzRnVtJTNEY29uc3RydWN0b3IlMjUzQTgzNGVlYTViMjU3NzRjMzg4ZDAxMWUwZTY2MmMwMWVhZjI2ZmI1Y2IzNDA5M2I0NDBjZjFiMzI3ZDc0ZjAxMmUlMjZhbXAlM0J3aWR0aCUzRDEwMCUyNTI1JTI2YW1wJTNCaGVpZ2h0JTNENDAwJTI2YW1wJTNCbGFuZyUzRHJ1X1JVJTI2YW1wJTNCc2Nyb2xsJTNEdHJ1ZSUyMiUzRSUzQyUyRnNjcmlwdCUzRQ==[\/vc_raw_html][\/vc_column][\/vc_row]<\/p>\n","protected":false},"excerpt":{"rendered":"[vc_row][vc_column][vc_empty_space][\/vc_column][\/vc_row][vc_row][vc_column width=&#8221;1\/2&#8243;][vc_images_carousel images=&#8221;4421,4453,4405,4389,4385,4357,4449,4457,4433,4437,4409,4353,4345,4445,4465,4461,4441,4429,4425,4417,4413,4349,4341,4337,4401,4397,4377,4373,4369,4381,4365,4361&#8243; img_size=&#8221;full&#8221; wrap=&#8221;yes&#8221;][\/vc_column][vc_column width=&#8221;1\/2&#8243;][vc_column_text] Sanatorium \u201cBUG\u201d W\u00a0odleg\u0142o\u015bci\u00a030 km od\u00a0Brze\u015bcia\u00a0i\u00a015 km od\u00a0Kobrynia\u00a0i\u00a0\u017babinki +375 29 782 14 72 +375 44 574 14 72 ( ) +375 33 351 87 72 ( ) [\/vc_column_text][tm_contact_form_7 id=&#8221;4246&#8243;][\/vc_column][\/vc_row][vc_row][vc_column][tm_heading custom_google_font=&#8221;&#8221; text=&#8221;Sanatorium \u201cBUG\u201d&#8221; typed_list=&#8221;%5B%7B%7D%5D&#8221;][vc_separator][vc_column_text]Po\u0142o\u017cone jest w ekologicznie czystym rejonie nad malowniczym brzegiem rzeki Muchawiec. Sanatorium BUG jest zaliczane do grona najlepszych. W odleg\u0142o\u015bci 30 km od Brze\u015bcia i 15 km od Kobrynia i \u017babinki. Bogaty zakres i jako\u015b\u0107 us\u0142ug medycznych, dobrze wyposa\u017cone medyczne bloki. Sanatorium znajduje si\u0119 na li\u015bcie najlepszych w Bia\u0142orusi. ZAKWATEROWANIE: S\u0105 tu jedno \u2013 i dwuosobowe pokoje, apartamenty luksusowe. W ka\u017cdym z tych pokoi jest \u0142azienka, WC, TV. OBS\u0141UGIWANE SCHORZENIA: &#8211; choroby uk\u0142adu kr\u0105\u017cenia &#8211; choroby tkanki \u0142\u0105cznej &#8211; choroby narz\u0105d\u00f3w ruchu &#8211; choroby uk\u0142adu oddechowego RODZAJE ZABIEG\u00d3W: &#8211; wanny lecznicze i mineralne &#8211; beczka cedrowa &#8211; r\u00f3\u017cne rodzaje leczenia \u015bwiat\u0142em &#8211; leczenie ciep\u0142em i zabiegi z zakresu: galwanoborowiny, ok\u0142ady parafinowo-ozokerytowe &#8211; terapia kompresyjna aparatem \u201eLimfa-mat\u201d &#8211; krioterapia aparatem \u201eKriotur\u201d &#8211; suche k\u0105piele w\u0119glanowe &#8211; k\u0105piele ozonowe &#8211; bie\u017cnia pr\u00f3\u017cniowa &#8211; pr\u00f3\u017cniowo-kompresyjna terapia aparatem \u201eWakumed\u201d &#8211; inhalacja &#8211; sauna fi\u0144ska, infrared, kriosauna &#8211; masa\u017c r\u0119czny i mechaniczny: pr\u00f3\u017cniowy, wibracyjny, aparatem \u201eRelaks\u201d, fotel relaksacyjny &#8211; hydromasa\u017c &#8211; koktajle tlenowe &#8211; zabiegi SPA (og\u00f3lne i miejscowe) &#8211; badania lekarskie &#8211; zio\u0142olecznictwo &#8211; niekonwencjonalne leczenie &#8211; zabiegi kosmetyczne: kosmetyczny piel\u0119gnacja twarz, miastymulacja, radiolifting,wilgotne owijanie glin\u0105 morsk\u0105 oraz wodorostami morskimi INFRASTRUKTURA: Sanatorium jest przeznaczony na 500 miejsc. Do pa\u0144stwa dyspozycji cztery zagospodarowanych obudowy: jedno-i dwuosobowe pokoje ze wszystkimi udogodnieniami, pokoje dwuosobowe, dwa pokoje. &#8211; spo\u017cywczy sklepy &#8211; apteka &#8211; fryzjer &#8211; bankomat &#8211; Wi-Fi w holu &#8211; telefon dla mi\u0119dzymiastowych i mi\u0119dzynarodowych po\u0142\u0105cze\u0144 telefonicznych &#8211; \u0142a\u017ania &#8211; sauna &#8211; si\u0142ownia &#8211; plac zabaw dla dzieci &#8211; wypo\u017cyczalnia sprz\u0119tu sportowego &#8211; parking strze\u017cony ZAKRES US\u0141UG WCHODZ\u0104CYCH W CEN\u0118: &#8211; zakwaterowanie w pokoju o wybranym standardzie &#8211; wy\u017cywienie pi\u0119ciurazowe &#8211; kompleks zabieg\u00f3w uzdrowiskowych Dodatkowo p\u0142ac\u0105 op\u0142at\u0119 uzdrowiskow\u0105 w wysoko\u015bci 5% od warto\u015bci us\u0142ugi (Na miejscu). Termin pobytu: od 6:00 pierwszego dnia do godziny 22:00 ostatniego dnia przyjazdu; Akceptujemy dzieci od trzeciego roku \u017cycia. Cennik na sanatoryjno-uzdrowiskowe skierowanie (w FORMIE BUFETU) CENY: z 04.11.2019 do 24.12.2019 2-osobowy z tv (twin), obudowa 1,3,4 \u2013 23,8 EUR na noc\/Na osob\u0119 2-osobowy z tv i lod\u00f3wk\u0105 (twin), obudowa 1,3,4 \u2013 24,7 EUR na noc\/Na osob\u0119 2-osobowy 2-pokojowy z tv i lod\u00f3wk\u0105 (LUX), obudowa 2 \u2013 28,7 EUR na noc\/Na osob\u0119 1-osobowy z tv i lod\u00f3wk\u0105 (singiel) \u2013 30,5 EUR na noc\/Na osob\u0119 2-osobowy 2-pokojowy z tv i lod\u00f3wk\u0105 na 1 osob\u0119 (LUX), obudowa 2 \u2013 39 EUR na noc\/Na osob\u0119 CENY: z 25.12.2019 do 07.01.2020 2-osobowy z tv (twin), obudowa 1,3,4 \u2013 25 EUR na noc\/Na osob\u0119 2-osobowy z tv i lod\u00f3wk\u0105 (twin), obudowa 1,3,4 \u2013 26,5 EUR na noc\/Na osob\u0119 2-osobowy 2-pokojowy z tv i lod\u00f3wk\u0105 (LUX), obudowa 2 \u2013 29,6 EUR na noc\/Na osob\u0119 1-osobowy z tv i lod\u00f3wk\u0105 (singiel) \u2013 32,7 EUR na noc\/Na osob\u0119 2-osobowy 2-pokojowy z tv i lod\u00f3wk\u0105 na 1 osob\u0119 (LUX), obudowa 2 \u2013 40,4 EUR na noc\/Na osob\u0119 CENY: z 08.01.2020 do 30.04.2020 2-osobowy z tv (twin), obudowa 1,3,4 \u2013 24,2 EUR na noc\/Na osob\u0119 2-osobowy z tv i lod\u00f3wk\u0105 (twin), obudowa 1,3,4 \u2013 25,1 EUR na noc\/Na osob\u0119 2-osobowy 2-pokojowy z tv i lod\u00f3wk\u0105 (LUX), obudowa 2 \u2013 27 EUR na noc\/Na osob\u0119 1-osobowy z tv i lod\u00f3wk\u0105 (singiel) \u2013 30,9 EUR na noc\/Na osob\u0119 2-osobowy 2-pokojowy z tv i lod\u00f3wk\u0105 na 1 osob\u0119 (LUX), obudowa 2 \u2013 39,9 EUR na noc\/Na osob\u0119 CENY: z 01.05.2020 do 15.06.2020 2-osobowy z tv (twin), obudowa 1,3,4 \u2013 24,7 EUR na noc\/Na osob\u0119 2-osobowy z tv i lod\u00f3wk\u0105 (twin), obudowa 1,3,4 \u2013 26 EUR na noc\/Na osob\u0119 2-osobowy 2-pokojowy z tv i lod\u00f3wk\u0105 (LUX), obudowa 2 \u2013 30 EUR na noc\/Na osob\u0119 1-osobowy z tv i lod\u00f3wk\u0105 (singiel) \u2013 31,8 EUR na noc\/Na osob\u0119 2-osobowy 2-pokojowy z tv i lod\u00f3wk\u0105 na 1 osob\u0119 (LUX), obudowa 2 \u2013 40,8 EUR na noc\/Na osob\u0119 CENY: z 16.06.2020 do 20.08.2020 2-osobowy z tv (twin), obudowa 1,3,4 \u2013 27,4 EUR na noc\/Na osob\u0119 2-osobowy z tv i lod\u00f3wk\u0105 (twin), obudowa 1,3,4 \u2013 29,1 EUR na noc\/Na osob\u0119 2-osobowy 2-pokojowy z tv i lod\u00f3wk\u0105 (LUX), obudowa 2 \u2013 31,8 EUR na noc\/Na osob\u0119 1-osobowy z tv i lod\u00f3wk\u0105 (singiel) \u2013 35,4 EUR na noc\/Na osob\u0119 2-osobowy 2-pokojowy z tv i lod\u00f3wk\u0105 na 1 osob\u0119 (LUX), obudowa 2 \u2013 39,7 EUR na noc\/Na osob\u0119 CENY: z 21.08.2020 do 30.09.2020 2-osobowy z tv (twin), obudowa 1,3,4 \u2013 25,6 EUR na noc\/Na osob\u0119 2-osobowy z tv i lod\u00f3wk\u0105 (twin), obudowa 1,3,4 \u2013 26,9 EUR na noc\/Na osob\u0119 2-osobowy 2-pokojowy z tv i lod\u00f3wk\u0105 (LUX), obudowa 2 \u2013 30,5 EUR na noc\/Na osob\u0119 1-osobowy z tv i lod\u00f3wk\u0105 (singiel) \u2013 32,7 EUR na noc\/Na osob\u0119 2-osobowy 2-pokojowy z tv i lod\u00f3wk\u0105 na 1 osob\u0119 (LUX), obudowa 2 \u2013 42,2 EUR na noc\/Na osob\u0119 CENY: z 01.10.2020 do 24.12.2020 2-osobowy z tv (twin), obudowa 1,3,4 \u2013 24,7 EUR na noc\/Na osob\u0119 2-osobowy z tv i lod\u00f3wk\u0105 (twin), obudowa 1,3,4 \u2013 26 EUR na noc\/Na osob\u0119 2-osobowy 2-pokojowy z tv i lod\u00f3wk\u0105 (LUX), obudowa 2 \u2013 29,6 EUR na noc\/Na osob\u0119 1-osobowy z tv i lod\u00f3wk\u0105 (singiel) \u2013 32,1 EUR na noc\/Na osob\u0119 2-osobowy 2-pokojowy z tv i lod\u00f3wk\u0105 na 1 osob\u0119 (LUX), obudowa 2 \u2013 40,8 EUR na noc\/Na osob\u0119[\/vc_column_text][\/vc_column][\/vc_row][vc_row][vc_column][vc_raw_html]JTNDc2NyaXB0JTIwdHlwZSUzRCUyMnRleHQlMkZqYXZhc2NyaXB0JTIyJTIwY2hhcnNldCUzRCUyMnV0Zi04JTIyJTIwYXN5bmMlMjBzcmMlM0QlMjJodHRwcyUzQSUyRiUyRmFwaS1tYXBzLnlhbmRleC5ydSUyRnNlcnZpY2VzJTJGY29uc3RydWN0b3IlMkYxLjAlMkZqcyUyRiUzRnVtJTNEY29uc3RydWN0b3IlMjUzQTgzNGVlYTViMjU3NzRjMzg4ZDAxMWUwZTY2MmMwMWVhZjI2ZmI1Y2IzNDA5M2I0NDBjZjFiMzI3ZDc0ZjAxMmUlMjZhbXAlM0J3aWR0aCUzRDEwMCUyNTI1JTI2YW1wJTNCaGVpZ2h0JTNENDAwJTI2YW1wJTNCbGFuZyUzRHJ1X1JVJTI2YW1wJTNCc2Nyb2xsJTNEdHJ1ZSUyMiUzRSUzQyUyRnNjcmlwdCUzRQ==[\/vc_raw_html][\/vc_column][\/vc_row]","protected":false},"author":1,"featured_media":4421,"parent":4095,"menu_order":0,"comment_status":"closed","ping_status":"closed","template":"","meta":[],"_links":{"self":[{"href":"https:\/\/extur.by\/pl\/wp-json\/wp\/v2\/pages\/4321\/"}],"collection":[{"href":"https:\/\/extur.by\/pl\/wp-json\/wp\/v2\/pages\/"}],"about":[{"href":"https:\/\/extur.by\/pl\/wp-json\/wp\/v2\/types\/page\/"}],"author":[{"embeddable":true,"href":"https:\/\/extur.by\/pl\/wp-json\/wp\/v2\/users\/1\/"}],"replies":[{"embeddable":true,"href":"https:\/\/extur.by\/pl\/wp-json\/wp\/v2\/comments\/?post=4321"}],"version-history":[{"count":3,"href":"https:\/\/extur.by\/pl\/wp-json\/wp\/v2\/pages\/4321\/revisions\/"}],"predecessor-version":[{"id":4475,"href":"https:\/\/extur.by\/pl\/wp-json\/wp\/v2\/pages\/4321\/revisions\/4475\/"}],"up":[{"embeddable":true,"href":"https:\/\/extur.by\/pl\/wp-json\/wp\/v2\/pages\/4095\/"}],"wp:featuredmedia":[{"embeddable":true,"href":"https:\/\/extur.by\/pl\/wp-json\/wp\/v2\/media\/4421\/"}],"wp:attachment":[{"href":"https:\/\/extur.by\/pl\/wp-json\/wp\/v2\/media\/?parent=4321"}],"curies":[{"name":"wp","href":"https:\/\/api.w.org\/{rel}","templated":true}]}}