{"id":4266,"date":"2019-08-01T12:21:39","date_gmt":"2019-08-01T09:21:39","guid":{"rendered":"https:\/\/extur.by\/sanatoria\/sanatorij-zhemchuzhina\/"},"modified":"2020-02-10T02:54:52","modified_gmt":"2020-02-09T23:54:52","slug":"sanatorium-raduga","status":"publish","type":"page","link":"https:\/\/extur.by\/pl\/medyczne-turystyka\/sanatoria\/sanatorium-raduga\/","title":{"rendered":"Sanatorium \u201cRaduga\u201d"},"content":{"rendered":"<p>[vc_row][vc_column][vc_empty_space][\/vc_column][\/vc_row][vc_row][vc_column width=&#8221;1\/2&#8243;][vc_images_carousel images=&#8221;4640,4600,4604,4608,4612,4616,4620,4624,4628,4632,4636,4644,4648,4652,4656,4660,4664,4668,4672,4676,4680,4684,4688,4692,4696,4700,4704,4708,4712&#8243; img_size=&#8221;full&#8221; wrap=&#8221;yes&#8221;][\/vc_column][vc_column width=&#8221;1\/2&#8243;][vc_column_text]<\/p>\n<h2 style=\"text-align: center;\">Sanatorium \u201eRaduga<\/h2>\n<h4 style=\"text-align: center;\">Odleg\u0142o\u015b\u0107 od Grodna: 127 km<\/h4>\n<p style=\"text-align: center;\"><i class=\"fa fa-phone\"><\/i> <a href=\"tel:+375297821472\">+375 29 782 14 72<\/a><br \/>\n<i class=\"fa fa-phone\"><\/i> <a href=\"tel:+375445741472\">+375 44 574 14 72<\/a> (<i class=\"fab fa-viber\"><\/i> <i class=\"fab fa-whatsapp\"><\/i>)<br \/>\n<i class=\"fa fa-phone\"><\/i> <a href=\"tel:+375333518772\">+375 33 351 87 72<\/a> (<i class=\"fab fa-viber\"><\/i> <i class=\"fab fa-whatsapp\"><\/i>)<\/p>\n<p>[\/vc_column_text][tm_contact_form_7 id=&#8221;4246&#8243; el_class=&#8221;sanat_form&#8221;][\/vc_column][\/vc_row][vc_row][vc_column][tm_heading custom_google_font=&#8221;&#8221; text=&#8221;Sanatorium \u201eRaduga&#8221; typed_list=&#8221;%5B%7B%7D%5D&#8221;][vc_separator][vc_column_text]Sanatorium \u201eRaduga\u201d to ma\u0142e przytulne domowe sanatorium po\u0142o\u017cone w malowniczym miejscu Grodzie\u0144szczyzny, w odleg\u0142o\u015bci 20 km od miasta Lidy, na zbiegu dw\u00f3ch rzek: Niemena i Dzitwy.<br \/>\nW sanatorium mo\u017cna odpocz\u0105\u0107 od miejskiego rwetesu, codziennych spraw i trosk, zanurzy\u0107 si\u0119 w atmosferze spokoju i ukojenia, na\u0142adowa\u0107 si\u0119 \u017cyciodajn\u0105 energi\u0105 Natury.<br \/>\nTeren kompleksu sanatoryjno-uzdrowiskowego otoczony jest masywem le\u015bnym z lasem sosnowym, gajami brzozowymi i alejami d\u0119bowymi. Wiosn\u0105 Pa\u0144stwo mog\u0105, nie opuszczaj\u0105c terenu kompleksu, rozkoszowa\u0107 si\u0119 widokiem przebi\u015bnieg\u00f3w i konwalii, latem i jesieni\u0105 zbiera\u0107 grzyby i jagody, a zim\u0105 mo\u017cna doceni\u0107 wspania\u0142e trasy narciarskie. Kompleks zabieg\u00f3w leczniczych, pi\u0119kno Natury oraz powietrze przesi\u0105kni\u0119te lecznicz\u0105 woni\u0105 igliwia doskonale przyczyniaj\u0105 si\u0119 do przywr\u00f3cenia ca\u0142ego potencja\u0142u organizmu.<\/p>\n<p><strong>ZAKWATEROWANIE:<\/strong><br \/>\n&#8211; 2-pokojowy luksusowy apartament rodzinny z aneksem kuchennym<br \/>\n&#8211; pok\u00f3j dwuosobowy typu \u201cdeluxe\u201d<br \/>\n&#8211; standardowy dwuosobowy pok\u00f3j rodzinny z aneksem kuchennym<br \/>\n&#8211; standardowy. trzyosobowy pok\u00f3j rodzinny z aneksem kuchennym<br \/>\n&#8211; standardowy pok\u00f3j dwuosobowy<br \/>\nW ka\u017cdym z pokoi jest \u0142azienka, WC, telewizor (TV-SAT), lod\u00f3wka<\/p>\n<p><strong>OBS\u0141UGIWANIE SCHORZENIA:<\/strong><br \/>\n&#8211; choroby uk\u0142adu mi\u0119\u015bniowo-szkieletowego i tkanki \u0142\u0105cznej<br \/>\n&#8211; choroby uk\u0142adu nerwowego<br \/>\n&#8211; choroby uk\u0142adu kr\u0105\u017cenia<br \/>\n&#8211; choroby uk\u0142adu oddechowego<br \/>\n&#8211; choroby uk\u0142adu moczowo-p\u0142ciowego<\/p>\n<p><strong>RODZAJE ZABIEG\u00d3W:<\/strong><br \/>\nOferujemy naszym go\u015bciom szeroki wachlarz zabieg\u00f3w zdrowotnych, konsultacji wykwalifikowanych specjalist\u00f3w, troskliwy i uprzejmy personel.<br \/>\n&#8211; Elektroterapia<br \/>\n&#8211; \u015awiat\u0142olecznictwo<br \/>\n&#8211; Wp\u0142yw czynnik\u00f3w mechanicznych<br \/>\n&#8211; Hydroterapia (wodolecznictwo)<br \/>\n&#8211; Balneoterapia<br \/>\n&#8211; \u0422ermoterapia, ciep\u0142olecznictwo<br \/>\n&#8211; Hydrokinezyterapia<br \/>\n&#8211; Masa\u017c (r\u0119czny)<br \/>\n&#8211; Inhalacje lecznicze<br \/>\n&#8211; Woda mineralna<br \/>\n&#8211; Koktajle tlenowe na podstawie herbaty leczniczej (+ kubek)<br \/>\n&#8211; Koktajle tlenowe na podstawie leczniczego herbaty zio\u0142owe op\u0142at<br \/>\n&#8211; Kosmetyczne ok\u0142ady (czekoladowe, piernika, ok\u0142ad z b\u0142ota, ok\u0142ad z b\u0142ota i glon\u00f3w)<\/p>\n<p><strong>REKREACJA, ROZRYWKA, SPORT:<\/strong><br \/>\nR\u00f3\u017cne wieczorne programy, konkursy i programy muzyczne, sauna, basen, si\u0142ownia<\/p>\n<p><strong>Dodatkowo p\u0142ac\u0105 op\u0142at\u0119 uzdrowiskow\u0105 w wysoko\u015bci 3% od warto\u015bci us\u0142ugi (na miejscu).<\/strong><br \/>\nObs\u0142uga klienta w sanatorium zaczyna si\u0119 o 12:00 w dniu rozpocz\u0119cia pobytu, a ko\u0144czy o 22:00 dnia zako\u0144czenia skierowania<br \/>\n&#8212;&#8212;&#8212;&#8212;&#8212;&#8212;&#8212;&#8212;&#8211;<br \/>\n<strong>W CENIE:<\/strong><br \/>\n\u2022 zakwaterowanie w pokoju o wybranym standardzie<br \/>\n\u2022 wy\u017cywienie \u2013 5 posi\u0142ki dziennie<br \/>\n\u2022 korzystanie z sauny, basenu, si\u0142owni<br \/>\n\u2022 woda mineralna<\/p>\n<p><strong><span style=\"color: #ff0000;\">CENY z 08.01.2020 do 31.05.2020<\/span> <\/strong><\/p>\n<p><strong>G\u0142\u00f3wny korpus<\/strong><br \/>\n<strong>2-osobowy pok\u00f3j ze wszystkimi udogodnieniami<\/strong> &#8211; 2 pojedyncze \u0142\u00f3\u017cka, telewizor, prysznic, toaleta, lod\u00f3wka, sofa<br \/>\nprzy zakwaterowaniu dw\u00f3ch os\u00f3b<strong> \u2013 26.6 euro noc\/za osob\u0119<\/strong><br \/>\nprzy zakwaterowaniu jednej osoby<strong> \u2013 37 euro noc\/za osob\u0119<\/strong><br \/>\ndodatkowe miejsce <strong>\u2013 24.5 euro noc\/za osob\u0119<\/strong><\/p>\n<p><strong>2-osobowy pok\u00f3j \u00abluxe\u00bb<\/strong> &#8211; podw\u00f3jne \u0142\u00f3\u017cko, telewizor, prysznic, toaleta, lod\u00f3wka, czajnik, naczynia<br \/>\nprzy zakwaterowaniu dw\u00f3ch os\u00f3b <strong>\u2013 26.7 euro noc\/za osob\u0119<\/strong><br \/>\nprzy zakwaterowaniu jednej osoby <strong>\u2013 35.6 euro noc\/za osob\u0119<\/strong><br \/>\ndodatkowe miejsce <strong>\u2013 25 euro noc\/za osob\u0119<\/strong><\/p>\n<p><strong>Dwupi\u0119trowy dom<\/strong><br \/>\n<strong>3-pokojowy standart rodzinny z aneksem kuchennym<\/strong> &#8211; po dwa pojedyncze \u0142\u00f3\u017cka w dw\u00f3ch pokojach, dwie sofy w trzecim pokoju, telewizor, prysznic, toaleta, lod\u00f3wka, kuchenka mikrofalowa, kuchnia wyposa\u017cona w przybory kuchenne i czajnik<br \/>\nprzy zakwaterowaniu dw\u00f3ch os\u00f3b <strong>\u2013 26.6 euro noc\/za osob\u0119<\/strong><br \/>\nprzy zakwaterowaniu jednej osoby <strong>\u2013 47.3 euro noc\/za osob\u0119<\/strong><br \/>\ndodatkowe miejsce <strong>\u2013 25 euro noc\/za osob\u0119<\/strong><\/p>\n<p><strong>2- pokojowy standart rodzinny z aneksem kuchennym<\/strong> \u2013 podw\u00f3jne \u0142\u00f3\u017cko, dwie sofy, telewizor, prysznic, toaleta, lod\u00f3wka, kuchenka mikrofalowa, kuchnia wyposa\u017cona w przybory kuchenne i czajnik<br \/>\nprzy zakwaterowaniu dw\u00f3ch os\u00f3b <strong>\u2013 27.7 euro noc\/za osob\u0119<\/strong><br \/>\nprzy zakwaterowaniu jednej osoby <strong>\u2013 39 euro noc\/za osob\u0119<\/strong><br \/>\ndodatkowe miejsce <strong>\u2013 25.4 euro noc\/za osob\u0119<\/strong><\/p>\n<p><strong>2-pokojowy Lux rodzinny z aneksem kuchennym<\/strong> \u2013 podw\u00f3jne \u0142\u00f3\u017cko, sofa, telewizor, prysznic, toaleta, lod\u00f3wka, kuchenka mikrofalowa, kuchnia wyposa\u017cona w naczynia i czajnik<br \/>\nprzy zakwaterowaniu dw\u00f3ch os\u00f3b <strong>\u2013 29.2 euro noc\/za osob\u0119<\/strong><br \/>\nprzy zakwaterowaniu jednej osoby <strong>\u2013 42.2 euro noc\/za osob\u0119<\/strong><br \/>\ndodatkowe miejsce <strong>\u2013 26.6 euro noc\/za osob\u0119<\/strong>[\/vc_column_text][\/vc_column][\/vc_row][vc_row][vc_column][vc_raw_html]PHNjcmlwdCB0eXBlPSJ0ZXh0L2phdmFzY3JpcHQiIGNoYXJzZXQ9InV0Zi04IiBhc3luYyBzcmM9Imh0dHBzOi8vYXBpLW1hcHMueWFuZGV4LnJ1L3NlcnZpY2VzL2NvbnN0cnVjdG9yLzEuMC9qcy8\/dW09Y29uc3RydWN0b3IlM0E3ZTAxMDQ4Y2UwZTAyMjI3M2NiZGNiNDBhZGFiNmM0NDg0OGEwNjEzZGY4NmM1NGU4Njk5YzI5MTNkOTNkZWZkJndpZHRoPTEwMCUyNSZoZWlnaHQ9NDAwJmxhbmc9cnVfUlUmc2Nyb2xsPXRydWUiPjwvc2NyaXB0Pg==[\/vc_raw_html][\/vc_column][\/vc_row]<\/p>\n","protected":false},"excerpt":{"rendered":"[vc_row][vc_column][vc_empty_space][\/vc_column][\/vc_row][vc_row][vc_column width=&#8221;1\/2&#8243;][vc_images_carousel images=&#8221;4640,4600,4604,4608,4612,4616,4620,4624,4628,4632,4636,4644,4648,4652,4656,4660,4664,4668,4672,4676,4680,4684,4688,4692,4696,4700,4704,4708,4712&#8243; img_size=&#8221;full&#8221; wrap=&#8221;yes&#8221;][\/vc_column][vc_column width=&#8221;1\/2&#8243;][vc_column_text] Sanatorium \u201eRaduga Odleg\u0142o\u015b\u0107 od Grodna: 127 km +375 29 782 14 72 +375 44 574 14 72 ( ) +375 33 351 87 72 ( ) [\/vc_column_text][tm_contact_form_7 id=&#8221;4246&#8243; el_class=&#8221;sanat_form&#8221;][\/vc_column][\/vc_row][vc_row][vc_column][tm_heading custom_google_font=&#8221;&#8221; text=&#8221;Sanatorium \u201eRaduga&#8221; typed_list=&#8221;%5B%7B%7D%5D&#8221;][vc_separator][vc_column_text]Sanatorium \u201eRaduga\u201d to ma\u0142e przytulne domowe sanatorium po\u0142o\u017cone w malowniczym miejscu Grodzie\u0144szczyzny, w odleg\u0142o\u015bci 20 km od miasta Lidy, na zbiegu dw\u00f3ch rzek: Niemena i Dzitwy. W sanatorium mo\u017cna odpocz\u0105\u0107 od miejskiego rwetesu, codziennych spraw i trosk, zanurzy\u0107 si\u0119 w atmosferze spokoju i ukojenia, na\u0142adowa\u0107 si\u0119 \u017cyciodajn\u0105 energi\u0105 Natury. Teren kompleksu sanatoryjno-uzdrowiskowego otoczony jest masywem le\u015bnym z lasem sosnowym, gajami brzozowymi i alejami d\u0119bowymi. Wiosn\u0105 Pa\u0144stwo mog\u0105, nie opuszczaj\u0105c terenu kompleksu, rozkoszowa\u0107 si\u0119 widokiem przebi\u015bnieg\u00f3w i konwalii, latem i jesieni\u0105 zbiera\u0107 grzyby i jagody, a zim\u0105 mo\u017cna doceni\u0107 wspania\u0142e trasy narciarskie. Kompleks zabieg\u00f3w leczniczych, pi\u0119kno Natury oraz powietrze przesi\u0105kni\u0119te lecznicz\u0105 woni\u0105 igliwia doskonale przyczyniaj\u0105 si\u0119 do przywr\u00f3cenia ca\u0142ego potencja\u0142u organizmu. ZAKWATEROWANIE: &#8211; 2-pokojowy luksusowy apartament rodzinny z aneksem kuchennym &#8211; pok\u00f3j dwuosobowy typu \u201cdeluxe\u201d &#8211; standardowy dwuosobowy pok\u00f3j rodzinny z aneksem kuchennym &#8211; standardowy. trzyosobowy pok\u00f3j rodzinny z aneksem kuchennym &#8211; standardowy pok\u00f3j dwuosobowy W ka\u017cdym z pokoi jest \u0142azienka, WC, telewizor (TV-SAT), lod\u00f3wka OBS\u0141UGIWANIE SCHORZENIA: &#8211; choroby uk\u0142adu mi\u0119\u015bniowo-szkieletowego i tkanki \u0142\u0105cznej &#8211; choroby uk\u0142adu nerwowego &#8211; choroby uk\u0142adu kr\u0105\u017cenia &#8211; choroby uk\u0142adu oddechowego &#8211; choroby uk\u0142adu moczowo-p\u0142ciowego RODZAJE ZABIEG\u00d3W: Oferujemy naszym go\u015bciom szeroki wachlarz zabieg\u00f3w zdrowotnych, konsultacji wykwalifikowanych specjalist\u00f3w, troskliwy i uprzejmy personel. &#8211; Elektroterapia &#8211; \u015awiat\u0142olecznictwo &#8211; Wp\u0142yw czynnik\u00f3w mechanicznych &#8211; Hydroterapia (wodolecznictwo) &#8211; Balneoterapia &#8211; \u0422ermoterapia, ciep\u0142olecznictwo &#8211; Hydrokinezyterapia &#8211; Masa\u017c (r\u0119czny) &#8211; Inhalacje lecznicze &#8211; Woda mineralna &#8211; Koktajle tlenowe na podstawie herbaty leczniczej (+ kubek) &#8211; Koktajle tlenowe na podstawie leczniczego herbaty zio\u0142owe op\u0142at &#8211; Kosmetyczne ok\u0142ady (czekoladowe, piernika, ok\u0142ad z b\u0142ota, ok\u0142ad z b\u0142ota i glon\u00f3w) REKREACJA, ROZRYWKA, SPORT: R\u00f3\u017cne wieczorne programy, konkursy i programy muzyczne, sauna, basen, si\u0142ownia Dodatkowo p\u0142ac\u0105 op\u0142at\u0119 uzdrowiskow\u0105 w wysoko\u015bci 3% od warto\u015bci us\u0142ugi (na miejscu). Obs\u0142uga klienta w sanatorium zaczyna si\u0119 o 12:00 w dniu rozpocz\u0119cia pobytu, a ko\u0144czy o 22:00 dnia zako\u0144czenia skierowania &#8212;&#8212;&#8212;&#8212;&#8212;&#8212;&#8212;&#8212;&#8211; W CENIE: \u2022 zakwaterowanie w pokoju o wybranym standardzie \u2022 wy\u017cywienie \u2013 5 posi\u0142ki dziennie \u2022 korzystanie z sauny, basenu, si\u0142owni \u2022 woda mineralna CENY z 08.01.2020 do 31.05.2020 G\u0142\u00f3wny korpus 2-osobowy pok\u00f3j ze wszystkimi udogodnieniami &#8211; 2 pojedyncze \u0142\u00f3\u017cka, telewizor, prysznic, toaleta, lod\u00f3wka, sofa przy zakwaterowaniu dw\u00f3ch os\u00f3b \u2013 26.6 euro noc\/za osob\u0119 przy zakwaterowaniu jednej osoby \u2013 37 euro noc\/za osob\u0119 dodatkowe miejsce \u2013 24.5 euro noc\/za osob\u0119 2-osobowy pok\u00f3j \u00abluxe\u00bb &#8211; podw\u00f3jne \u0142\u00f3\u017cko, telewizor, prysznic, toaleta, lod\u00f3wka, czajnik, naczynia przy zakwaterowaniu dw\u00f3ch os\u00f3b \u2013 26.7 euro noc\/za osob\u0119 przy zakwaterowaniu jednej osoby \u2013 35.6 euro noc\/za osob\u0119 dodatkowe miejsce \u2013 25 euro noc\/za osob\u0119 Dwupi\u0119trowy dom 3-pokojowy standart rodzinny z aneksem kuchennym &#8211; po dwa pojedyncze \u0142\u00f3\u017cka w dw\u00f3ch pokojach, dwie sofy w trzecim pokoju, telewizor, prysznic, toaleta, lod\u00f3wka, kuchenka mikrofalowa, kuchnia wyposa\u017cona w przybory kuchenne i czajnik przy zakwaterowaniu dw\u00f3ch os\u00f3b \u2013 26.6 euro noc\/za osob\u0119 przy zakwaterowaniu jednej osoby \u2013 47.3 euro noc\/za osob\u0119 dodatkowe miejsce \u2013 25 euro noc\/za osob\u0119 2- pokojowy standart rodzinny z aneksem kuchennym \u2013 podw\u00f3jne \u0142\u00f3\u017cko, dwie sofy, telewizor, prysznic, toaleta, lod\u00f3wka, kuchenka mikrofalowa, kuchnia wyposa\u017cona w przybory kuchenne i czajnik przy zakwaterowaniu dw\u00f3ch os\u00f3b \u2013 27.7 euro noc\/za osob\u0119 przy zakwaterowaniu jednej osoby \u2013 39 euro noc\/za osob\u0119 dodatkowe miejsce \u2013 25.4 euro noc\/za osob\u0119 2-pokojowy Lux rodzinny z aneksem kuchennym \u2013 podw\u00f3jne \u0142\u00f3\u017cko, sofa, telewizor, prysznic, toaleta, lod\u00f3wka, kuchenka mikrofalowa, kuchnia wyposa\u017cona w naczynia i czajnik przy zakwaterowaniu dw\u00f3ch os\u00f3b \u2013 29.2 euro noc\/za osob\u0119 przy zakwaterowaniu jednej osoby \u2013 42.2 euro noc\/za osob\u0119 dodatkowe miejsce \u2013 26.6 euro noc\/za osob\u0119[\/vc_column_text][\/vc_column][\/vc_row][vc_row][vc_column][vc_raw_html]PHNjcmlwdCB0eXBlPSJ0ZXh0L2phdmFzY3JpcHQiIGNoYXJzZXQ9InV0Zi04IiBhc3luYyBzcmM9Imh0dHBzOi8vYXBpLW1hcHMueWFuZGV4LnJ1L3NlcnZpY2VzL2NvbnN0cnVjdG9yLzEuMC9qcy8\/dW09Y29uc3RydWN0b3IlM0E3ZTAxMDQ4Y2UwZTAyMjI3M2NiZGNiNDBhZGFiNmM0NDg0OGEwNjEzZGY4NmM1NGU4Njk5YzI5MTNkOTNkZWZkJndpZHRoPTEwMCUyNSZoZWlnaHQ9NDAwJmxhbmc9cnVfUlUmc2Nyb2xsPXRydWUiPjwvc2NyaXB0Pg==[\/vc_raw_html][\/vc_column][\/vc_row]","protected":false},"author":1,"featured_media":5898,"parent":4095,"menu_order":0,"comment_status":"closed","ping_status":"closed","template":"","meta":[],"_links":{"self":[{"href":"https:\/\/extur.by\/pl\/wp-json\/wp\/v2\/pages\/4266\/"}],"collection":[{"href":"https:\/\/extur.by\/pl\/wp-json\/wp\/v2\/pages\/"}],"about":[{"href":"https:\/\/extur.by\/pl\/wp-json\/wp\/v2\/types\/page\/"}],"author":[{"embeddable":true,"href":"https:\/\/extur.by\/pl\/wp-json\/wp\/v2\/users\/1\/"}],"replies":[{"embeddable":true,"href":"https:\/\/extur.by\/pl\/wp-json\/wp\/v2\/comments\/?post=4266"}],"version-history":[{"count":14,"href":"https:\/\/extur.by\/pl\/wp-json\/wp\/v2\/pages\/4266\/revisions\/"}],"predecessor-version":[{"id":5738,"href":"https:\/\/extur.by\/pl\/wp-json\/wp\/v2\/pages\/4266\/revisions\/5738\/"}],"up":[{"embeddable":true,"href":"https:\/\/extur.by\/pl\/wp-json\/wp\/v2\/pages\/4095\/"}],"wp:featuredmedia":[{"embeddable":true,"href":"https:\/\/extur.by\/pl\/wp-json\/wp\/v2\/media\/5898\/"}],"wp:attachment":[{"href":"https:\/\/extur.by\/pl\/wp-json\/wp\/v2\/media\/?parent=4266"}],"curies":[{"name":"wp","href":"https:\/\/api.w.org\/{rel}","templated":true}]}}