{"id":2641,"date":"2019-03-27T20:18:15","date_gmt":"2019-03-27T17:18:15","guid":{"rendered":"https:\/\/extur.by\/dla-partnerow\/"},"modified":"2020-02-07T00:29:37","modified_gmt":"2020-02-06T21:29:37","slug":"dla-partnerow","status":"publish","type":"page","link":"https:\/\/extur.by\/pl\/dla-partnerow\/","title":{"rendered":"Dla partner\u00f3w"},"content":{"rendered":"<p>[vc_row wrapper_container=&#8221;content-block&#8221; entrada_row_bgcolor=&#8221;bg-white&#8221; lg_spacing=&#8221;padding_top:60&#8243; md_spacing=&#8221;padding_top:40&#8243; sm_spacing=&#8221;padding_top:20&#8243; xs_spacing=&#8221;padding_top:20&#8243;][vc_column][vc_column_text]<\/p>\n<div class=\"OutlineElement Ltr SCXW226272974\">\n<p class=\"paragraph\"><strong>Szanowni Pa\u0144stwo!<\/strong><strong>\u00a0<\/strong><strong>\u00a0<\/strong><\/p>\n<p class=\"paragraph\"><strong>Sp. z o.o. &#8220;EkspertTur&#8221;<\/strong> oferuje szeroki zakres <strong>produkt\u00f3w turystycznych<\/strong>:<\/p>\n<ul>\n<li>organizacja\u00a0 wycieczek na Bia\u0142orusi dla touroperator\u00f3w i turyst\u00f3w zagranicznych, kt\u00f3rzy lubi\u0105 podr\u00f3\u017cowa\u0107 w towarzystwie;<\/li>\n<li>pomoc w uzyskaniu wizy;<\/li>\n<li>hotele na Bia\u0142orusi i za granic\u0105;<\/li>\n<li>bilety lotnicze.<\/li>\n<\/ul>\n<p class=\"paragraph\"><strong>Wycieczki z wyj\u0105tkow\u0105 specyfik\u0105 bia\u0142orusk\u0105:<\/strong><strong>\u00a0<\/strong><\/p>\n<ul>\n<li>wizyta najlepszych i najbardziej widowiskowych festiwali Bia\u0142orusi, zabaw ludowych, turniej\u00f3w rycerskich,<\/li>\n<li>wycieczki animowane.<\/li>\n<\/ul>\n<p class=\"paragraph\"><strong>Warsztaty:<\/strong><strong>\u00a0<\/strong><\/p>\n<ul>\n<li>z gancarstwa, tkactwa, wytwarzania wyrob\u00f3w drewnianych, gotowania, bia\u0142oruskiego ta\u0144ca narodowego,<\/li>\n<\/ul>\n<p class=\"paragraph\"><strong>Turystyka przemys\u0142owa z wizyt\u0105:<\/strong><strong>\u00a0<\/strong><\/p>\n<ul>\n<li>zak\u0142adu\u00a0produkcji ser\u00f3w podpuszczkowych fabryki (otwartej sp\u00f3\u0142ki akcyjnej) &#8220;Mleczny \u015bwiat&#8221;,<\/li>\n<li>zak\u0142adu\u00a0produkcji wyrob\u00f3w cukierniczych z degustacj\u0105 produkcji cukierniczej fabryki &#8220;Komunarka&#8221;,<\/li>\n<li>warzelni browaru &#8220;Lidzkie piwo&#8221;, podczas kt\u00f3rej\u00a0 odb\u0119dzie si\u0119 wycieczka do ulicy Piwnej do 140-ego domu, z kt\u00f3rego si\u0119 zacz\u0119\u0142o &#8220;Lidzkie piwo&#8221;. Pa\u0144stwo naucz\u0105 si\u0119 prawid\u0142owo degustowa\u0107 piwo,<\/li>\n<li>zak\u0142adu produkcji szk\u0142a kryszta\u0142owego i szk\u0142a kolorowego, w muzeum z dzie\u0142ami najlepszych artyst\u00f3w i rzemie\u015blnik\u00f3w huty szk\u0142a &#8220;Niemen&#8221;,<\/li>\n<li>w\u00a0muzeum i zapoznanie si\u0119 z histori\u0105 s\u0142uckich pas\u00f3w kontuszowych oraz z unikaln\u0105 technologi\u0105 tkania fabryki &#8220;S\u0142uckie pasy&#8221;,<\/li>\n<li>zapoznaj\u0105 si\u0119 pa\u0144stwo z histori\u0105 i tajemnicami produkcji bia\u0142oruskich samochod\u00f3w-gigant\u00f3w, kt\u00f3rych b\u0119dzie mo\u017cna zobaczy\u0107 na \u017cywo, w tym najwi\u0119kszy Bie\u0142AZ,<\/li>\n<\/ul>\n<p class=\"paragraph\"><strong>d\u017cip-tury\u00a0(s\u0105 zorientowane do jazdy ekstremalnej na samochodach terenowych po lesie rejonu grodzie\u0144skiego),<\/strong><strong>\u00a0<\/strong><\/p>\n<p class=\"paragraph\"><strong>wycieczki rowerowe,<\/strong><strong>\u00a0<\/strong><\/p>\n<p class=\"paragraph\"><strong>zwiedzanie kana\u0142u Augustowskiego,\u00a0<\/strong><strong>kajakarstwo<\/strong><strong>.<\/strong><strong>\u00a0<\/strong><\/p>\n<p class=\"paragraph\">Oferujemy r\u00f3wnie\u017c profesjonalne doradztwo w zakresie wyboru oferty, kt\u00f3ra b\u0119dzie najlepiej dopasowana do oczekiwa\u0144 klient\u00f3w.<\/p>\n<p class=\"paragraph\">Aby uzyska\u0107 niesamowite wra\u017cenia z podr\u00f3\u017cy, niekoniecznie trzeba\u00a0 podr\u00f3\u017cowa\u0107 w najbardziej reklamowanych kierunkach. Wspania\u0142e i wyj\u0105tkowe miejsca, fascynuj\u0105c\u0105 przyrod\u0119 i zabytki\u00a0architektoniczne mo\u017cna zobaczy\u0107 i na Bia\u0142orusi. Nasz kraj jest bogaty, hojny i go\u015bcinny. Blisko\u015b\u0107 i wygod\u0119 tras nie zm\u0119cz\u0105 pa\u0144stwo, a w pami\u0119ci nazawsze pozostan\u0105 wy\u0142\u0105cznie mi\u0142e wspomnienia.<\/p>\n<p class=\"paragraph\"><strong>Sp. z o.o. &#8220;EkspertTur&#8221; oferuje fachow\u0105 pomoc w organizacji r\u00f3\u017cnych podr\u00f3\u017cy i wycieczek na Bia\u0142orusi:<\/strong><strong>\u00a0<\/strong><strong>\u00a0<\/strong><\/p>\n<p class=\"paragraph\">Oferujemy pa\u0144stwu wycieczki poznawcze.<\/p>\n<p class=\"paragraph\"><strong>Po kr\u00f3lewskim mie\u015bcie Grodno i obwodu grodzie\u0144skim.\u00a0<\/strong><\/p>\n<p class=\"paragraph\">Zwiedzimy wraz z pa\u0144stwem najwa\u017cniejsze zabytki architektoniczne. S\u0105 to Stary (G\u00f3rny) zamek i Nowy (Dolny) zamek,\u00a0Cerkiew \u015awi\u0119tych Borysa i Gleba w Grodnie\u202f,\u00a0Sob\u00f3r Opieki Matki Bo\u017cej, Bazylika katedralna \u015bw. Franciszka Ksawerego w Grodnie i\u00a0inne historyczne budowle;<\/p>\n<p class=\"paragraph\">W celu zapoznania si\u0119 z kolorytem ka\u017cdego Grodzie\u0144skiego regionu zobaczymy <strong>kana\u0142 Augustowski, kt\u00f3ry jest kolebk\u0105 trzech narod\u00f3w<\/strong>;<\/p>\n<p class=\"paragraph\"><strong>zabytki architektoniczne i historyczne<\/strong> s\u0105 to<\/p>\n<ul>\n<li>Lida,<\/li>\n<li>Mir &#8211; Nie\u015bwie\u017c;<\/li>\n<li>S\u0142onim \u2013\u00a0\u017byrowicze &#8211;\u00a0Synkowicze;<\/li>\n<\/ul>\n<p class=\"paragraph\"><strong>Oraz wiele wycieczek ze zwiedzaniem zabytk\u00f3w w r\u00f3\u017cnych miastach Bia\u0142orusi: Mi\u0144sku, Witebsku, Po\u0142ocku, itp.<\/strong><strong>\u00a0<\/strong><\/p>\n<p class=\"paragraph\">Zapewniamy us\u0142ugi przewodnika, kt\u00f3ry w spos\u00f3b fascynuj\u0105cy i pouczaj\u0105cy poda informacje o budowlach, zdarzeniach dawnych czas\u00f3w, zabytkach unikalnych.<\/p>\n<p class=\"paragraph\">Z nasz\u0105 pomoc\u0105 podr\u00f3\u017ce b\u0119d\u0105 bardziej komfortowe i ciekawe, mamy du\u017ce udokumentowane do\u015bwiadczenie doskona\u0142ej organizacji podr\u00f3\u017cy dla r\u00f3\u017cnych grup ludzi.<\/p>\n<p class=\"paragraph\"><strong>Zobaczycie Bia\u0142oru\u015b razem ze sp. z o. o. &#8220;EkspertTur&#8221;.<\/strong><strong>\u00a0<\/strong><\/p>\n<\/div>\n<p>[\/vc_column_text][\/vc_column][\/vc_row]<\/p>\n","protected":false},"excerpt":{"rendered":"[vc_row wrapper_container=&#8221;content-block&#8221; entrada_row_bgcolor=&#8221;bg-white&#8221; lg_spacing=&#8221;padding_top:60&#8243; md_spacing=&#8221;padding_top:40&#8243; sm_spacing=&#8221;padding_top:20&#8243; xs_spacing=&#8221;padding_top:20&#8243;][vc_column][vc_column_text] Szanowni Pa\u0144stwo!\u00a0\u00a0 Sp. z o.o. &#8220;EkspertTur&#8221; oferuje szeroki zakres produkt\u00f3w turystycznych: organizacja\u00a0 wycieczek na Bia\u0142orusi dla touroperator\u00f3w i turyst\u00f3w zagranicznych, kt\u00f3rzy lubi\u0105 podr\u00f3\u017cowa\u0107 w towarzystwie; pomoc w uzyskaniu wizy; hotele na Bia\u0142orusi i za granic\u0105; bilety lotnicze. Wycieczki z wyj\u0105tkow\u0105 specyfik\u0105 bia\u0142orusk\u0105:\u00a0 wizyta najlepszych i najbardziej widowiskowych festiwali Bia\u0142orusi, zabaw ludowych, turniej\u00f3w rycerskich, wycieczki animowane. Warsztaty:\u00a0 z gancarstwa, tkactwa, wytwarzania wyrob\u00f3w drewnianych, gotowania, bia\u0142oruskiego ta\u0144ca narodowego, Turystyka przemys\u0142owa z wizyt\u0105:\u00a0 zak\u0142adu\u00a0produkcji ser\u00f3w podpuszczkowych fabryki (otwartej sp\u00f3\u0142ki akcyjnej) &#8220;Mleczny \u015bwiat&#8221;, zak\u0142adu\u00a0produkcji wyrob\u00f3w cukierniczych z degustacj\u0105 produkcji cukierniczej fabryki &#8220;Komunarka&#8221;, warzelni browaru &#8220;Lidzkie piwo&#8221;, podczas kt\u00f3rej\u00a0 odb\u0119dzie si\u0119 wycieczka do ulicy Piwnej do 140-ego domu, z kt\u00f3rego si\u0119 zacz\u0119\u0142o &#8220;Lidzkie piwo&#8221;. Pa\u0144stwo naucz\u0105 si\u0119 prawid\u0142owo degustowa\u0107 piwo, zak\u0142adu produkcji szk\u0142a kryszta\u0142owego i szk\u0142a kolorowego, w muzeum z dzie\u0142ami najlepszych artyst\u00f3w i rzemie\u015blnik\u00f3w huty szk\u0142a &#8220;Niemen&#8221;, w\u00a0muzeum i zapoznanie si\u0119 z histori\u0105 s\u0142uckich pas\u00f3w kontuszowych oraz z unikaln\u0105 technologi\u0105 tkania fabryki &#8220;S\u0142uckie pasy&#8221;, zapoznaj\u0105 si\u0119 pa\u0144stwo z histori\u0105 i tajemnicami produkcji bia\u0142oruskich samochod\u00f3w-gigant\u00f3w, kt\u00f3rych b\u0119dzie mo\u017cna zobaczy\u0107 na \u017cywo, w tym najwi\u0119kszy Bie\u0142AZ, d\u017cip-tury\u00a0(s\u0105 zorientowane do jazdy ekstremalnej na samochodach terenowych po lesie rejonu grodzie\u0144skiego),\u00a0 wycieczki rowerowe,\u00a0 zwiedzanie kana\u0142u Augustowskiego,\u00a0kajakarstwo.\u00a0 Oferujemy r\u00f3wnie\u017c profesjonalne doradztwo w zakresie wyboru oferty, kt\u00f3ra b\u0119dzie najlepiej dopasowana do oczekiwa\u0144 klient\u00f3w. Aby uzyska\u0107 niesamowite wra\u017cenia z podr\u00f3\u017cy, niekoniecznie trzeba\u00a0 podr\u00f3\u017cowa\u0107 w najbardziej reklamowanych kierunkach. Wspania\u0142e i wyj\u0105tkowe miejsca, fascynuj\u0105c\u0105 przyrod\u0119 i zabytki\u00a0architektoniczne mo\u017cna zobaczy\u0107 i na Bia\u0142orusi. Nasz kraj jest bogaty, hojny i go\u015bcinny. Blisko\u015b\u0107 i wygod\u0119 tras nie zm\u0119cz\u0105 pa\u0144stwo, a w pami\u0119ci nazawsze pozostan\u0105 wy\u0142\u0105cznie mi\u0142e wspomnienia. Sp. z o.o. &#8220;EkspertTur&#8221; oferuje fachow\u0105 pomoc w organizacji r\u00f3\u017cnych podr\u00f3\u017cy i wycieczek na Bia\u0142orusi:\u00a0\u00a0 Oferujemy pa\u0144stwu wycieczki poznawcze. Po kr\u00f3lewskim mie\u015bcie Grodno i obwodu grodzie\u0144skim.\u00a0 Zwiedzimy wraz z pa\u0144stwem najwa\u017cniejsze zabytki architektoniczne. S\u0105 to Stary (G\u00f3rny) zamek i Nowy (Dolny) zamek,\u00a0Cerkiew \u015awi\u0119tych Borysa i Gleba w Grodnie\u202f,\u00a0Sob\u00f3r Opieki Matki Bo\u017cej, Bazylika katedralna \u015bw. Franciszka Ksawerego w Grodnie i\u00a0inne historyczne budowle; W celu zapoznania si\u0119 z kolorytem ka\u017cdego Grodzie\u0144skiego regionu zobaczymy kana\u0142 Augustowski, kt\u00f3ry jest kolebk\u0105 trzech narod\u00f3w; zabytki architektoniczne i historyczne s\u0105 to Lida, Mir &#8211; Nie\u015bwie\u017c; S\u0142onim \u2013\u00a0\u017byrowicze &#8211;\u00a0Synkowicze; Oraz wiele wycieczek ze zwiedzaniem zabytk\u00f3w w r\u00f3\u017cnych miastach Bia\u0142orusi: Mi\u0144sku, Witebsku, Po\u0142ocku, itp.\u00a0 Zapewniamy us\u0142ugi przewodnika, kt\u00f3ry w spos\u00f3b fascynuj\u0105cy i pouczaj\u0105cy poda informacje o budowlach, zdarzeniach dawnych czas\u00f3w, zabytkach unikalnych. Z nasz\u0105 pomoc\u0105 podr\u00f3\u017ce b\u0119d\u0105 bardziej komfortowe i ciekawe, mamy du\u017ce udokumentowane do\u015bwiadczenie doskona\u0142ej organizacji podr\u00f3\u017cy dla r\u00f3\u017cnych grup ludzi. Zobaczycie Bia\u0142oru\u015b razem ze sp. z o. o. &#8220;EkspertTur&#8221;.\u00a0 [\/vc_column_text][\/vc_column][\/vc_row]","protected":false},"author":1,"featured_media":0,"parent":0,"menu_order":0,"comment_status":"closed","ping_status":"closed","template":"","meta":[],"_links":{"self":[{"href":"https:\/\/extur.by\/pl\/wp-json\/wp\/v2\/pages\/2641\/"}],"collection":[{"href":"https:\/\/extur.by\/pl\/wp-json\/wp\/v2\/pages\/"}],"about":[{"href":"https:\/\/extur.by\/pl\/wp-json\/wp\/v2\/types\/page\/"}],"author":[{"embeddable":true,"href":"https:\/\/extur.by\/pl\/wp-json\/wp\/v2\/users\/1\/"}],"replies":[{"embeddable":true,"href":"https:\/\/extur.by\/pl\/wp-json\/wp\/v2\/comments\/?post=2641"}],"version-history":[{"count":3,"href":"https:\/\/extur.by\/pl\/wp-json\/wp\/v2\/pages\/2641\/revisions\/"}],"predecessor-version":[{"id":5571,"href":"https:\/\/extur.by\/pl\/wp-json\/wp\/v2\/pages\/2641\/revisions\/5571\/"}],"wp:attachment":[{"href":"https:\/\/extur.by\/pl\/wp-json\/wp\/v2\/media\/?parent=2641"}],"curies":[{"name":"wp","href":"https:\/\/api.w.org\/{rel}","templated":true}]}}