{"id":3251,"date":"2019-05-29T14:45:26","date_gmt":"2019-05-29T11:45:26","guid":{"rendered":"https:\/\/extur.by\/medizinischer-tourismus\/urologie\/"},"modified":"2019-07-22T12:26:41","modified_gmt":"2019-07-22T09:26:41","slug":"urologie","status":"publish","type":"page","link":"https:\/\/extur.by\/de\/medizinischer-tourismus\/urologie\/","title":{"rendered":"Urologie"},"content":{"rendered":"<p>[vc_row][vc_column][vc_column_text]<\/p>\n<table>\n<tbody>\n<tr>\n<td>\n<table>\n<tbody>\n<tr>\n<td style=\"text-align: center;\" width=\"957\"><strong>Spermiogramm<\/strong><\/td>\n<td width=\"266\">\n<p style=\"text-align: center;\"><strong>von 49,50 Rubel<\/strong><\/p>\n<p style=\"text-align: center;\"><strong>(21 \u20ac)<\/strong><\/p>\n<\/td>\n<\/tr>\n<\/tbody>\n<\/table>\n<\/td>\n<td><\/td>\n<\/tr>\n<tr>\n<td>Das Hauptziel der Studie ist das Ejakulat Spermien F\u00e4higkeit zu befruchten und zum Nachweis von Krankheiten und \/ oder pathologischen Prozess durch die entsprechende L\u00e4sion verursacht zu bestimmen. Spermauntersuchung ist integraler Bestandteil der Diagnose der Unfruchtbarkeit.<\/td>\n<td><strong>\u00a0<\/strong><\/td>\n<\/tr>\n<tr>\n<td>\n<table>\n<tbody>\n<tr>\n<td width=\"957\">\n<p style=\"text-align: center;\"><strong>Diagnose von Immun Unfruchtbarkeit (MAR-Test)<\/strong><\/p>\n<\/td>\n<td width=\"266\">\n<p style=\"text-align: center;\"><strong>von 49,50 Rubel<\/strong><\/p>\n<p style=\"text-align: center;\"><strong>(21 \u20ac)<\/strong><\/p>\n<\/td>\n<\/tr>\n<\/tbody>\n<\/table>\n<\/td>\n<td><\/td>\n<\/tr>\n<tr>\n<td>MAR-Test (mar-Test) bestimmt den Prozentsatz des Spermatozoen mit dem Antik\u00f6rper der IgG-Klasse zugeordnet ist, und IgA (direkter MAR-Test) und den Titers Antisperm- Antik\u00f6rpers (ACAT) in biologischen Fl\u00fcssigkeiten (Seminalplasma, Zervikalschleim, Blutplasma) (indirekter MAR-Test ). Der Test ist ein international anerkannter Standard f\u00fcr die Diagnose von ACAT.<\/td>\n<td><\/td>\n<\/tr>\n<tr>\n<td>\n<table>\n<tbody>\n<tr>\n<td width=\"957\">\n<p style=\"text-align: center;\"><strong>Studie von Spermien Antik\u00f6rper<\/strong><\/p>\n<\/td>\n<td width=\"266\">\n<p style=\"text-align: center;\"><strong>von 40 Rubel<\/strong><\/p>\n<p style=\"text-align: center;\"><strong>(17 \u20ac)<\/strong><\/p>\n<\/td>\n<\/tr>\n<\/tbody>\n<\/table>\n<\/td>\n<td><\/td>\n<\/tr>\n<tr>\n<td>Einer der wichtigsten Immunfaktoren, die zu Unfruchtbarkeit f\u00fchren, nennen Experten die Anwesenheit von Sperma-Antik\u00f6rpern. Antisperm-Antik\u00f6rper (abgek\u00fcrzt als ACAT) &#8211; spezifische Proteine \u200b\u200bdes menschlichen Immunsystems, die aus verschiedenen Gr\u00fcnden, sowohl bei m\u00e4nnlichen und im weiblichen K\u00f6rper auftreten k\u00f6nnen. <span style=\"font-family: inherit; font-size: inherit;\">Solche Verletzungen tragen einen negativen Einfluss auf das Wachstum und die Entwicklung des Embryos zur Verringerung der Beweglichkeit der Spermien beeintr\u00e4chtigen Befruchtung haben.<\/span><\/td>\n<td><\/td>\n<\/tr>\n<tr>\n<td>\n<table>\n<tbody>\n<tr>\n<td width=\"957\">\n<p style=\"text-align: center;\"><strong>Prostatasekret Studie<\/strong><\/p>\n<\/td>\n<td width=\"266\">\n<p style=\"text-align: center;\"><strong>von 13.50 Rubel<\/strong><\/p>\n<p style=\"text-align: center;\"><strong>(6 \u20ac)<\/strong><\/p>\n<\/td>\n<\/tr>\n<\/tbody>\n<\/table>\n<\/td>\n<td><\/td>\n<\/tr>\n<tr>\n<td>Prostata ist spezifische m\u00e4nnliche Organ und hat drei wichtige Funktionen. In erster Linie &#8211; sekretorische: Prostata verantwortlich f\u00fcr spezielle geheime Herstellung der Spermien bilden und die Bewegung von Spermien zu erleichtern. Zweitens &#8211; Motor: Prostata glatter Muskelgewebe mit Urin in der Blase zu halten. Die dritte &#8211; eine Barriere: Das prostatischen Sekret verhindert die Ausbreitung der Infektion von der Harnr\u00f6hre zu anderen Organen.\n<p>St\u00f6rungen in der Prostata kann zu sehr schlimmen Folgen f\u00fchren. Entgegen der landl\u00e4ufigen Meinung, dass eine Krankheit dieser Art vor allem \u00e4ltere Menschen, bis heute beeinflussen, ist es die jungen M\u00e4nner von verschiedenen Beschwerden in diesem Bereich leiden. Jede Erkrankung der Prostata erheblich beeintr\u00e4chtigt die allgemeine Gesundheit des Patienten negativ auf die Qualit\u00e4t des Sexuallebens beeinflusst, und manchmal &#8211; in der F\u00e4higkeit zu begreifen.<\/p><\/td>\n<td><\/td>\n<\/tr>\n<tr>\n<td>\n<table>\n<tbody>\n<tr>\n<td width=\"957\">\n<p style=\"text-align: center;\"><strong>Hormonforschung<\/strong><\/p>\n<\/td>\n<td width=\"266\">\n<p style=\"text-align: center;\"><strong>von 13,70-17,60 Rubel<\/strong><\/p>\n<p style=\"text-align: center;\"><strong>(8.06 \u20ac)<\/strong><\/p>\n<\/td>\n<\/tr>\n<\/tbody>\n<\/table>\n<p>Hormonal Blutanalyse einer Vielzahl von spezifischen Tests umfassen, deren Aufgabe es ist spezifisch Hormon oder Gruppe von Hormonen durch Variation endokrine Dr\u00fcse. Analysiert auf Hormone nicht ausgef\u00fchrt werden, um die Planung und nur berufen, wenn Sie das Vorhandensein eines bestimmten endokrinen St\u00f6rungen vermuten, einschlie\u00dflich derjenigen im Zusammenhang mit Krebs.<\/p>\n<table>\n<tbody>\n<tr>\n<td width=\"957\">\n<p style=\"text-align: center;\"><strong>Kontaktlitotrepsie von Nieren, der Harnleiter, Harnblase<\/strong><\/p>\n<\/td>\n<td width=\"266\">\n<p style=\"text-align: center;\"><strong>von 6-60 Rubel<\/strong><\/p>\n<p style=\"text-align: center;\"><strong>(25.03 \u20ac)<\/strong><\/p>\n<\/td>\n<\/tr>\n<\/tbody>\n<\/table>\n<p>Das Wesentliche des Verfahrens ist die direkte Ultraschall oder pneumatischen Einfluss auf Felsen in der Niere, Harnleiter oder die Blase entfernt. Steine Zerkleinerung erfordert keinen Einschnitt oder Einstiche, damit postoperative Komplikationen zu vermeiden. Alle Manipulationen in Urologe f\u00fchrt durch nat\u00fcrliche K\u00f6rper\u00f6ffnung &#8211; Harnr\u00f6hre.<\/p><\/td>\n<td>&nbsp;\n<p>&nbsp;<\/p>\n<p>&nbsp;<\/p>\n<p>&nbsp;<\/p><\/td>\n<\/tr>\n<\/tbody>\n<\/table>\n<p>[\/vc_column_text][\/vc_column][\/vc_row][vc_row][vc_column][vc_column_text]<\/p>\n<table width=\"100%\">\n<thead>\n<tr>\n<td><strong>Name der Institution<\/strong><\/td>\n<td><strong>Preis der Dienstleistungen<\/strong><\/td>\n<\/tr>\n<\/thead>\n<tbody>\n<tr>\n<td>Grodnoer regionales klinisches Krankenhaus<\/td>\n<td>von 35,15 Rubel (17,2 \u20ac)<\/td>\n<\/tr>\n<tr>\n<td>Grodnoer regionales klinisches Kinderkrankenhaus<\/td>\n<td>von 620,40 Rubel (300 \u20ac)<\/td>\n<\/tr>\n<tr>\n<td>St\u00e4dtisches klinisches Krankenhaus der schnellen \u00e4rztlichen Betreuung Grodnos<\/td>\n<td>von 34,21 Rubel (16,7 \u20ac)<\/td>\n<\/tr>\n<tr>\n<td>Grodnoer regional-klinisches Perinatalzentrum<\/td>\n<td>von 13,95 Rubel (7\u20ac)<\/td>\n<\/tr>\n<tr>\n<td>Beratendes Professorzentrum \u00abGrodnoer staatliche medizinische Universit\u00e4t\u00bb<\/td>\n<td>von 2,63 Rubel (1,3 \u20ac)<\/td>\n<\/tr>\n<tr>\n<td>Grodnoer regionales klinisches Krankenhaus<\/td>\n<td>von 9,40 Rubel (4,6 \u20ac)<\/td>\n<\/tr>\n<tr>\n<td>St\u00e4dtisch-klinisches Krankenhaus der schnellen \u00e4rztlichen Betreuung von Grodno<\/td>\n<td>von 7,15 Rubel (3,5 \u20ac)<\/td>\n<\/tr>\n<\/tbody>\n<\/table>\n<p>[\/vc_column_text][\/vc_column][\/vc_row]<\/p>\n","protected":false},"excerpt":{"rendered":"[vc_row][vc_column][vc_column_text] Spermiogramm von 49,50 Rubel (21 \u20ac) Das Hauptziel der Studie ist das Ejakulat Spermien F\u00e4higkeit zu befruchten und zum Nachweis von Krankheiten und \/ oder pathologischen Prozess durch die entsprechende L\u00e4sion verursacht zu bestimmen. Spermauntersuchung ist integraler Bestandteil der Diagnose der Unfruchtbarkeit. \u00a0 Diagnose von Immun Unfruchtbarkeit (MAR-Test) von 49,50 Rubel (21 \u20ac) MAR-Test (mar-Test) bestimmt den Prozentsatz des Spermatozoen mit dem Antik\u00f6rper der IgG-Klasse zugeordnet ist, und IgA (direkter MAR-Test) und den Titers Antisperm- Antik\u00f6rpers (ACAT) in biologischen Fl\u00fcssigkeiten (Seminalplasma, Zervikalschleim, Blutplasma) (indirekter MAR-Test ). Der Test ist ein international anerkannter Standard f\u00fcr die Diagnose von ACAT. Studie von Spermien Antik\u00f6rper von 40 Rubel (17 \u20ac) Einer der wichtigsten Immunfaktoren, die zu Unfruchtbarkeit f\u00fchren, nennen Experten die Anwesenheit von Sperma-Antik\u00f6rpern. Antisperm-Antik\u00f6rper (abgek\u00fcrzt als ACAT) &#8211; spezifische Proteine \u200b\u200bdes menschlichen Immunsystems, die aus verschiedenen Gr\u00fcnden, sowohl bei m\u00e4nnlichen und im weiblichen K\u00f6rper auftreten k\u00f6nnen. Solche Verletzungen tragen einen negativen Einfluss auf das Wachstum und die Entwicklung des Embryos zur Verringerung der Beweglichkeit der Spermien beeintr\u00e4chtigen Befruchtung haben. Prostatasekret Studie von 13.50 Rubel (6 \u20ac) Prostata ist spezifische m\u00e4nnliche Organ und hat drei wichtige Funktionen. In erster Linie &#8211; sekretorische: Prostata verantwortlich f\u00fcr spezielle geheime Herstellung der Spermien bilden und die Bewegung von Spermien zu erleichtern. Zweitens &#8211; Motor: Prostata glatter Muskelgewebe mit Urin in der Blase zu halten. Die dritte &#8211; eine Barriere: Das prostatischen Sekret verhindert die Ausbreitung der Infektion von der Harnr\u00f6hre zu anderen Organen. St\u00f6rungen in der Prostata kann zu sehr schlimmen Folgen f\u00fchren. Entgegen der landl\u00e4ufigen Meinung, dass eine Krankheit dieser Art vor allem \u00e4ltere Menschen, bis heute beeinflussen, ist es die jungen M\u00e4nner von verschiedenen Beschwerden in diesem Bereich leiden. Jede Erkrankung der Prostata erheblich beeintr\u00e4chtigt die allgemeine Gesundheit des Patienten negativ auf die Qualit\u00e4t des Sexuallebens beeinflusst, und manchmal &#8211; in der F\u00e4higkeit zu begreifen. Hormonforschung von 13,70-17,60 Rubel (8.06 \u20ac) Hormonal Blutanalyse einer Vielzahl von spezifischen Tests umfassen, deren Aufgabe es ist spezifisch Hormon oder Gruppe von Hormonen durch Variation endokrine Dr\u00fcse. Analysiert auf Hormone nicht ausgef\u00fchrt werden, um die Planung und nur berufen, wenn Sie das Vorhandensein eines bestimmten endokrinen St\u00f6rungen vermuten, einschlie\u00dflich derjenigen im Zusammenhang mit Krebs. Kontaktlitotrepsie von Nieren, der Harnleiter, Harnblase von 6-60 Rubel (25.03 \u20ac) Das Wesentliche des Verfahrens ist die direkte Ultraschall oder pneumatischen Einfluss auf Felsen in der Niere, Harnleiter oder die Blase entfernt. Steine Zerkleinerung erfordert keinen Einschnitt oder Einstiche, damit postoperative Komplikationen zu vermeiden. Alle Manipulationen in Urologe f\u00fchrt durch nat\u00fcrliche K\u00f6rper\u00f6ffnung &#8211; Harnr\u00f6hre. &nbsp; &nbsp; &nbsp; &nbsp; [\/vc_column_text][\/vc_column][\/vc_row][vc_row][vc_column][vc_column_text] Name der Institution Preis der Dienstleistungen Grodnoer regionales klinisches Krankenhaus von 35,15 Rubel (17,2 \u20ac) Grodnoer regionales klinisches Kinderkrankenhaus von 620,40 Rubel (300 \u20ac) St\u00e4dtisches klinisches Krankenhaus der schnellen \u00e4rztlichen Betreuung Grodnos von 34,21 Rubel (16,7 \u20ac) Grodnoer regional-klinisches Perinatalzentrum von 13,95 Rubel (7\u20ac) Beratendes Professorzentrum \u00abGrodnoer staatliche medizinische Universit\u00e4t\u00bb von 2,63 Rubel (1,3 \u20ac) Grodnoer regionales klinisches Krankenhaus von 9,40 Rubel (4,6 \u20ac) St\u00e4dtisch-klinisches Krankenhaus der schnellen \u00e4rztlichen Betreuung von Grodno von 7,15 Rubel (3,5 \u20ac) [\/vc_column_text][\/vc_column][\/vc_row]","protected":false},"author":1,"featured_media":0,"parent":3211,"menu_order":0,"comment_status":"closed","ping_status":"closed","template":"","meta":[],"_links":{"self":[{"href":"https:\/\/extur.by\/de\/wp-json\/wp\/v2\/pages\/3251\/"}],"collection":[{"href":"https:\/\/extur.by\/de\/wp-json\/wp\/v2\/pages\/"}],"about":[{"href":"https:\/\/extur.by\/de\/wp-json\/wp\/v2\/types\/page\/"}],"author":[{"embeddable":true,"href":"https:\/\/extur.by\/de\/wp-json\/wp\/v2\/users\/1\/"}],"replies":[{"embeddable":true,"href":"https:\/\/extur.by\/de\/wp-json\/wp\/v2\/comments\/?post=3251"}],"version-history":[{"count":5,"href":"https:\/\/extur.by\/de\/wp-json\/wp\/v2\/pages\/3251\/revisions\/"}],"predecessor-version":[{"id":3839,"href":"https:\/\/extur.by\/de\/wp-json\/wp\/v2\/pages\/3251\/revisions\/3839\/"}],"up":[{"embeddable":true,"href":"https:\/\/extur.by\/de\/wp-json\/wp\/v2\/pages\/3211\/"}],"wp:attachment":[{"href":"https:\/\/extur.by\/de\/wp-json\/wp\/v2\/media\/?parent=3251"}],"curies":[{"name":"wp","href":"https:\/\/api.w.org\/{rel}","templated":true}]}}