{"id":3249,"date":"2019-05-29T14:43:29","date_gmt":"2019-05-29T11:43:29","guid":{"rendered":"https:\/\/extur.by\/medizinischer-tourismus\/stomatologie\/"},"modified":"2019-07-22T12:24:25","modified_gmt":"2019-07-22T09:24:25","slug":"stomatologie","status":"publish","type":"page","link":"https:\/\/extur.by\/de\/medizinischer-tourismus\/stomatologie\/","title":{"rendered":"Stomatologie"},"content":{"rendered":"<p>[vc_row lg_spacing=&#8221;margin_top:30&#8243; md_spacing=&#8221;margin_top:30&#8243;][vc_column][vc_column_text]<\/p>\n<table class=\"table table-condensed table-striped table-bordered table-hover\">\n<tbody>\n<tr>\n<td style=\"text-align: center;\"><strong>Zahnimplantate<\/strong><\/td>\n<td style=\"text-align: center;\" width=\"20%\"><strong>von 65 bis 90 Rubel<\/strong>\n<p><strong>(27 &#8211; 37,5 \u20ac)<\/strong><\/p><\/td>\n<\/tr>\n<tr>\n<td>Dental Implantation ist eine Technik, die durch die Einf\u00fchrung von k\u00fcnstlichen Simulatoren Wurzel (Implantat) fehlende Z\u00e4hne im Kiefer ersetzen k\u00f6nnen.<\/td>\n<td><\/td>\n<\/tr>\n<tr>\n<td>Mit dieser Behandlung stellt Arzt einen Tr\u00e4ger f\u00fcr einen Zahnersatz direkt in den Kieferknochen her. Diese Technik hat einen wirklich neue Wege in der restaurativen Zahnersatzes ge\u00f6ffnet. In j\u00fcngerer Zeit war der Verlust auch nur ein Zahn ein echtes Problem. Die Kosten f\u00fcr die \u00e4sthetische Wiederherstellung einer Zahnwurzelkanal war Entfernung von Nerven und anschlie\u00dfender Herstellung von mindestens zwei benachbarten Z\u00e4hnen oder herausnehmbaren Zahnersatz. Arzt macht Implantation nicht l\u00e4nger, als die Formulierung einer Dichtung, entf\u00e4llt die Notwendigkeit, die benachbarten Z\u00e4hne zu schleifen. Die wirksame Bet\u00e4ubung wird von den unangenehmen Empfindungen der durchgef\u00fchrten Manipulationen befreien.<\/td>\n<td style=\"text-align: center;\"><\/td>\n<\/tr>\n<tr>\n<td style=\"text-align: center;\"><strong>Prothese<\/strong><\/td>\n<td style=\"text-align: center;\"><strong>von 130-140 Rubel<\/strong>\n<p><strong>(54-58 \u20ac)<\/strong><\/p><\/td>\n<\/tr>\n<tr>\n<td>Zahnersatz ist Bereich der Zahnmedizin, die mit der Wiederherstellung von Zahnstruktur, Ersatz der verlorenen Z\u00e4hne, die Wiederherstellung der Struktur und Funktion des Kauapparats befa\u00dft. Alle Arten von Zahnprothesen k\u00f6nnen in zwei Gruppen unterteilt: abnehmbare und nicht abnehmbare Prothetik.<\/td>\n<td><\/td>\n<\/tr>\n<tr>\n<td>Nicht abnehmbare Prothetik umfasst die Installation der k\u00fcnstlichen Gliedma\u00dfen und Strukturen f\u00fcr extrem lange Lebensdauer ausgelegt: von einigen Jahren bis zu mehreren Jahrzehnten.\n<p>Abnehmbare Prothetik umfasst die Installation der Konstruktionen, die der Patient selbst entfernen kann. Typischerweise sind diese Prothesen nur w\u00e4hrend des Tages und in der Nacht entfernt.<\/p><\/td>\n<td><\/td>\n<\/tr>\n<tr>\n<td style=\"text-align: center;\"><strong>Zahnheilkunde<\/strong><\/td>\n<td style=\"text-align: center;\"><strong>von 51-75 Rubel<\/strong>\n<p><strong>(21-31 \u20ac)<\/strong><\/p><\/td>\n<\/tr>\n<tr>\n<td>Ausrichtung der modernen Zahnmedizin ist die Verf\u00fcgbarkeit aller Behandlungseinheiten in der Mundh\u00f6hle zu halten. Dies ist aufgrund der Tatsache, dass jeder von ihnen eine bestimmte Funktion ausf\u00fchrt und bietet Sicherheit restlichen Z\u00e4hnen.<\/td>\n<td><\/td>\n<\/tr>\n<tr>\n<td>Um nicht den Mundkrankheit zu haben, muss man regelm\u00e4\u00dfig einen Zahnarzt f\u00fcr besuchen. Bestimmte Arten der Behandlung sind bereits bei den ersten Anzeichen von Schmelzl\u00e4sionen durchgef\u00fchrt.<\/td>\n<td><\/td>\n<\/tr>\n<tr>\n<td style=\"text-align: center;\"><strong>Pr\u00e4ventive Zahnheilkunde<\/strong><\/td>\n<td style=\"text-align: center;\"><strong>von 5-200 Rubel<\/strong>\n<p><strong>(2-83 \u20ac)<\/strong><\/p><\/td>\n<\/tr>\n<tr>\n<td>Pr\u00e4ventive Zahnmedizin ist Bereich der Medizin, die mit der konservativen Behandlung der Z\u00e4hne befasst. Das Hauptproblem ist die Behandlung von Karies, Pulpitis und anderen Zahnerkrankungen. In einigen modernen Zahnkliniken behandeln Therapeuten Zahnfleischerkrankungen und befassen sich mit der Wiederherstellung der Z\u00e4hne.<\/td>\n<td><\/td>\n<\/tr>\n<tr>\n<td><\/td>\n<td><\/td>\n<\/tr>\n<tr>\n<td style=\"text-align: center;\"><strong>Oralchirurgie<\/strong><\/td>\n<td style=\"text-align: center;\"><strong>von 7-482 Rubel<\/strong>\n<p><strong>(3-200 \u20ac) <\/strong><\/p><\/td>\n<\/tr>\n<tr>\n<td>Oralchirurgie &#8211; Fach Zahnarztes solche Therapien wie Operation zur Entfernung von Zahn, Knochentransplantation und die Herstellung von Zahnimplantaten, und auch verschiedener \u00e4sthetischer Chirurgie in der Parodontologie.<\/td>\n<td><\/td>\n<\/tr>\n<tr>\n<td>Chirurgische Zahnmedizin in der Praxis beinhaltet die Entfernung der Z\u00e4hne. In den F\u00e4llen, in denen die Behandlung unwirksam ist und Zahnextraktion ist unvermeidlich, Chirurg-Zahnarzt professionell, schnell und wird den gew\u00fcnschten Zahn ohne Schmerzen entfernen. Wahrscheinlich und Entfernung der Weisheitsz\u00e4hne, die gewachsen sind und Unrecht verhindern. Beim Entfernen des Zahns in einem professionellen Zahnchirurgen in Eingriff ist, wird das Auftreten von verschiedenen Komplikationen minimiert. Auch Chirurgen machen Entfernung von Zysten an der Spitze der Zahnwurzel befinden.<\/td>\n<td><\/td>\n<\/tr>\n<tr>\n<td style=\"text-align: center;\"><strong>Radiodiagnostik<\/strong><\/td>\n<td style=\"text-align: center;\"><strong>von 5 bis 10 Rubel<\/strong>\n<p><strong>(2-4 \u20ac)<\/strong><\/p><\/td>\n<\/tr>\n<tr>\n<td>Radiographie ist von gro\u00dfer Bedeutung f\u00fcr die Diagnose von kari\u00f6sen Defekten lokalisierten auf den Kontaktfl\u00e4chen des Zahns, in dem Hals oder Wurzel, unter F\u00fcllungen, Kronen und dergleichen.<\/td>\n<td><\/td>\n<\/tr>\n<tr>\n<td><\/td>\n<td><\/td>\n<\/tr>\n<tr>\n<td style=\"text-align: center;\"><strong>Kiefer- und Gesichtschirurgie<\/strong><\/td>\n<td style=\"text-align: center;\"><strong>von 26 Rubel<\/strong>\n<p><strong>(10,8 \u20ac)<\/strong><\/p><\/td>\n<\/tr>\n<tr>\n<td>Kiefer- und Gesichtschirurgie &#8211; eine chirurgische Spezialit\u00e4t, gerichtet auf die Behandlung von entz\u00fcndlichen Erkrankungen von weichen und harten Gewebe des Gesichts und des Halses, Verletzungen der Weichteile und Knochen des MKG-Bereich und deren Komplikationen, gutartige und b\u00f6sartige Tumoren des MKG-Region, angeborene und erworbene Defekte des Kopfes und des Halses , Backen, harte und weiche Gewebe der Mundh\u00f6hle und maxillofaziale.<\/td>\n<td><\/td>\n<\/tr>\n<tr>\n<td>Chirurgische Verfahren sind: Korrektur von angeborenen Deformationen, Korrektur von Zahnfehlstellungen, die Behandlung von entz\u00fcndlichen Krankheiten der Weichteile des Gesichts und des Halses, die Behandlung von entz\u00fcndlichen Erkrankungen der Klemmbacken, die Behandlung von Abszessen Gesicht und Hals-Chirurgie, um die Folgen von Traumata zu entfernen, der plastischen Chirurgie des Gesichts und des Halses.<\/td>\n<td><\/td>\n<\/tr>\n<\/tbody>\n<\/table>\n<p>[\/vc_column_text][\/vc_column][\/vc_row][vc_row][vc_column][vc_column_text]<\/p>\n<table width=\"100%\">\n<thead>\n<tr>\n<td><strong>Name der Institution<\/strong><\/td>\n<td><strong>Preis der\u00a0 Dienstleistungen<\/strong><\/td>\n<\/tr>\n<\/thead>\n<tbody>\n<tr>\n<td>Zentral-st\u00e4dtische Zahnpoliklinik von Grodno<\/td>\n<td>von 32,51 Rubel (16,3 \u20ac)<\/td>\n<\/tr>\n<tr>\n<td>Beratendes Professorzentrum \u00abGrodnoer staatliche medizinische Universit\u00e4t\u00bb<\/td>\n<td>von 7,50 Rubel (3,9 \u20ac)<\/td>\n<\/tr>\n<tr>\n<td>Regionale Beratungsstelle der sportlichen Medizin<\/td>\n<td>von 24,75 Rubel\u00a0 (12,1 \u20ac)<\/td>\n<\/tr>\n<tr>\n<td>Grodnoer regionales klinisches Krankenhaus<\/td>\n<td>von 60,0 Rubel (29,3 \u20ac)<\/td>\n<\/tr>\n<\/tbody>\n<\/table>\n<p>[\/vc_column_text][\/vc_column][\/vc_row]<\/p>\n","protected":false},"excerpt":{"rendered":"[vc_row lg_spacing=&#8221;margin_top:30&#8243; md_spacing=&#8221;margin_top:30&#8243;][vc_column][vc_column_text] Zahnimplantate von 65 bis 90 Rubel (27 &#8211; 37,5 \u20ac) Dental Implantation ist eine Technik, die durch die Einf\u00fchrung von k\u00fcnstlichen Simulatoren Wurzel (Implantat) fehlende Z\u00e4hne im Kiefer ersetzen k\u00f6nnen. Mit dieser Behandlung stellt Arzt einen Tr\u00e4ger f\u00fcr einen Zahnersatz direkt in den Kieferknochen her. Diese Technik hat einen wirklich neue Wege in der restaurativen Zahnersatzes ge\u00f6ffnet. In j\u00fcngerer Zeit war der Verlust auch nur ein Zahn ein echtes Problem. Die Kosten f\u00fcr die \u00e4sthetische Wiederherstellung einer Zahnwurzelkanal war Entfernung von Nerven und anschlie\u00dfender Herstellung von mindestens zwei benachbarten Z\u00e4hnen oder herausnehmbaren Zahnersatz. Arzt macht Implantation nicht l\u00e4nger, als die Formulierung einer Dichtung, entf\u00e4llt die Notwendigkeit, die benachbarten Z\u00e4hne zu schleifen. Die wirksame Bet\u00e4ubung wird von den unangenehmen Empfindungen der durchgef\u00fchrten Manipulationen befreien. Prothese von 130-140 Rubel (54-58 \u20ac) Zahnersatz ist Bereich der Zahnmedizin, die mit der Wiederherstellung von Zahnstruktur, Ersatz der verlorenen Z\u00e4hne, die Wiederherstellung der Struktur und Funktion des Kauapparats befa\u00dft. Alle Arten von Zahnprothesen k\u00f6nnen in zwei Gruppen unterteilt: abnehmbare und nicht abnehmbare Prothetik. Nicht abnehmbare Prothetik umfasst die Installation der k\u00fcnstlichen Gliedma\u00dfen und Strukturen f\u00fcr extrem lange Lebensdauer ausgelegt: von einigen Jahren bis zu mehreren Jahrzehnten. Abnehmbare Prothetik umfasst die Installation der Konstruktionen, die der Patient selbst entfernen kann. Typischerweise sind diese Prothesen nur w\u00e4hrend des Tages und in der Nacht entfernt. Zahnheilkunde von 51-75 Rubel (21-31 \u20ac) Ausrichtung der modernen Zahnmedizin ist die Verf\u00fcgbarkeit aller Behandlungseinheiten in der Mundh\u00f6hle zu halten. Dies ist aufgrund der Tatsache, dass jeder von ihnen eine bestimmte Funktion ausf\u00fchrt und bietet Sicherheit restlichen Z\u00e4hnen. Um nicht den Mundkrankheit zu haben, muss man regelm\u00e4\u00dfig einen Zahnarzt f\u00fcr besuchen. Bestimmte Arten der Behandlung sind bereits bei den ersten Anzeichen von Schmelzl\u00e4sionen durchgef\u00fchrt. Pr\u00e4ventive Zahnheilkunde von 5-200 Rubel (2-83 \u20ac) Pr\u00e4ventive Zahnmedizin ist Bereich der Medizin, die mit der konservativen Behandlung der Z\u00e4hne befasst. Das Hauptproblem ist die Behandlung von Karies, Pulpitis und anderen Zahnerkrankungen. In einigen modernen Zahnkliniken behandeln Therapeuten Zahnfleischerkrankungen und befassen sich mit der Wiederherstellung der Z\u00e4hne. Oralchirurgie von 7-482 Rubel (3-200 \u20ac) Oralchirurgie &#8211; Fach Zahnarztes solche Therapien wie Operation zur Entfernung von Zahn, Knochentransplantation und die Herstellung von Zahnimplantaten, und auch verschiedener \u00e4sthetischer Chirurgie in der Parodontologie. Chirurgische Zahnmedizin in der Praxis beinhaltet die Entfernung der Z\u00e4hne. In den F\u00e4llen, in denen die Behandlung unwirksam ist und Zahnextraktion ist unvermeidlich, Chirurg-Zahnarzt professionell, schnell und wird den gew\u00fcnschten Zahn ohne Schmerzen entfernen. Wahrscheinlich und Entfernung der Weisheitsz\u00e4hne, die gewachsen sind und Unrecht verhindern. Beim Entfernen des Zahns in einem professionellen Zahnchirurgen in Eingriff ist, wird das Auftreten von verschiedenen Komplikationen minimiert. Auch Chirurgen machen Entfernung von Zysten an der Spitze der Zahnwurzel befinden. Radiodiagnostik von 5 bis 10 Rubel (2-4 \u20ac) Radiographie ist von gro\u00dfer Bedeutung f\u00fcr die Diagnose von kari\u00f6sen Defekten lokalisierten auf den Kontaktfl\u00e4chen des Zahns, in dem Hals oder Wurzel, unter F\u00fcllungen, Kronen und dergleichen. Kiefer- und Gesichtschirurgie von 26 Rubel (10,8 \u20ac) Kiefer- und Gesichtschirurgie &#8211; eine chirurgische Spezialit\u00e4t, gerichtet auf die Behandlung von entz\u00fcndlichen Erkrankungen von weichen und harten Gewebe des Gesichts und des Halses, Verletzungen der Weichteile und Knochen des MKG-Bereich und deren Komplikationen, gutartige und b\u00f6sartige Tumoren des MKG-Region, angeborene und erworbene Defekte des Kopfes und des Halses , Backen, harte und weiche Gewebe der Mundh\u00f6hle und maxillofaziale. Chirurgische Verfahren sind: Korrektur von angeborenen Deformationen, Korrektur von Zahnfehlstellungen, die Behandlung von entz\u00fcndlichen Krankheiten der Weichteile des Gesichts und des Halses, die Behandlung von entz\u00fcndlichen Erkrankungen der Klemmbacken, die Behandlung von Abszessen Gesicht und Hals-Chirurgie, um die Folgen von Traumata zu entfernen, der plastischen Chirurgie des Gesichts und des Halses. [\/vc_column_text][\/vc_column][\/vc_row][vc_row][vc_column][vc_column_text] Name der Institution Preis der\u00a0 Dienstleistungen Zentral-st\u00e4dtische Zahnpoliklinik von Grodno von 32,51 Rubel (16,3 \u20ac) Beratendes Professorzentrum \u00abGrodnoer staatliche medizinische Universit\u00e4t\u00bb von 7,50 Rubel (3,9 \u20ac) Regionale Beratungsstelle der sportlichen Medizin von 24,75 Rubel\u00a0 (12,1 \u20ac) Grodnoer regionales klinisches Krankenhaus von 60,0 Rubel (29,3 \u20ac) [\/vc_column_text][\/vc_column][\/vc_row]","protected":false},"author":1,"featured_media":0,"parent":3211,"menu_order":0,"comment_status":"closed","ping_status":"closed","template":"","meta":[],"_links":{"self":[{"href":"https:\/\/extur.by\/de\/wp-json\/wp\/v2\/pages\/3249\/"}],"collection":[{"href":"https:\/\/extur.by\/de\/wp-json\/wp\/v2\/pages\/"}],"about":[{"href":"https:\/\/extur.by\/de\/wp-json\/wp\/v2\/types\/page\/"}],"author":[{"embeddable":true,"href":"https:\/\/extur.by\/de\/wp-json\/wp\/v2\/users\/1\/"}],"replies":[{"embeddable":true,"href":"https:\/\/extur.by\/de\/wp-json\/wp\/v2\/comments\/?post=3249"}],"version-history":[{"count":8,"href":"https:\/\/extur.by\/de\/wp-json\/wp\/v2\/pages\/3249\/revisions\/"}],"predecessor-version":[{"id":3837,"href":"https:\/\/extur.by\/de\/wp-json\/wp\/v2\/pages\/3249\/revisions\/3837\/"}],"up":[{"embeddable":true,"href":"https:\/\/extur.by\/de\/wp-json\/wp\/v2\/pages\/3211\/"}],"wp:attachment":[{"href":"https:\/\/extur.by\/de\/wp-json\/wp\/v2\/media\/?parent=3249"}],"curies":[{"name":"wp","href":"https:\/\/api.w.org\/{rel}","templated":true}]}}