{"id":3247,"date":"2019-05-29T14:42:46","date_gmt":"2019-05-29T11:42:46","guid":{"rendered":"https:\/\/extur.by\/medizinischer-tourismus\/diagnostik\/"},"modified":"2019-07-19T14:00:21","modified_gmt":"2019-07-19T11:00:21","slug":"diagnostik","status":"publish","type":"page","link":"https:\/\/extur.by\/de\/medizinischer-tourismus\/diagnostik\/","title":{"rendered":"Diagnostik"},"content":{"rendered":"<p>[vc_row][vc_column][vc_column_text]<\/p>\n<table>\n<tbody>\n<tr>\n<td width=\"551\"><strong>MRI und CT-Studien<\/strong><\/td>\n<td width=\"149\"><strong>von 99-118 Rubel<\/strong>\n<p><strong>(41-49 \u20ac)<\/strong><\/p><\/td>\n<\/tr>\n<tr>\n<td width=\"551\">MRI ist Verfahren f\u00fcr tomographische Bilder f\u00fcr die medizinische Untersuchung der inneren Organe und Gewebe Ph\u00e4nomene durch Kernspinresonanz zu erzeugen. Das Verfahren beruht auf die elektromagnetische Antwort von Atomkernen zu messen, in der Regel Kern von Wasserstoffatomen, n\u00e4mlich auf der Anregung von einer bestimmten Kombination von elektromagnetischen Wellen in einem konstanten Magnetfeld hoher Intensit\u00e4t.\n<p>CT ist Verfahren, basierend auf die komplexen Computerverarbeitung und R\u00f6ntgenabschw\u00e4chungsdifferenzen f\u00fcr unterschiedliche Gewebedichte zu messen. Derzeit ist die R\u00f6ntgencomputertomographie die prim\u00e4re Tomographie Untersuchung der menschlichen inneren Organe mittels R\u00f6ntgenstrahlen.<\/p><\/td>\n<td width=\"149\"><strong>\u00a0<\/strong><\/td>\n<\/tr>\n<tr>\n<td width=\"551\"><strong>R\u00f6ntgenuntersuchungen<\/strong><\/td>\n<td width=\"149\"><strong>von 7-34 Rubel <\/strong>\n<p><strong>(14.03<\/strong><strong> \u20ac)<\/strong><\/p><\/td>\n<\/tr>\n<tr>\n<td width=\"551\">R\u00f6ntgenpr\u00fcfung wird verwendet, um die Struktur und die Funktionen der Organe in normalen und pathologischen Bedingungen zu studieren. Es erm\u00f6glicht Ihnen, die Krankheit zu diagnostizieren, die Lage und das Ausma\u00df der identifizierten L\u00e4sionen zu identifizieren, sowie deren Dynamik im Verlauf der Behandlung.\n<p>Die Studie basiert auf der Tatsache, dass der Strahl von R\u00f6ntgenstrahlen durch die Organe und Gewebe vorbei, indem sie sie in unterschiedlichem Ma\u00dfe absorbiert wird, was die M\u00f6glichkeit gibt, ihr Bild auf einem speziellen Bildschirm oder R\u00f6ntgenfilm zu erhalten. Der Unterschied in der optischen Dichte von benachbarten Teilen des Bildes auf dem R\u00f6ntgen-Bild (oder die Differenz in der Helligkeit des Leuchtschirms) bestimmt den Bildkontrast.<\/p><\/td>\n<td width=\"149\"><strong>\u00a0<\/strong><\/td>\n<\/tr>\n<tr>\n<td width=\"551\"><strong>Endoskopitsch<\/strong><strong>&#8211;<\/strong><strong>diagnostischen Forschungen<\/strong><\/td>\n<td width=\"149\"><strong>von 7-94 Rubel <\/strong>\n<p><strong>(3-39 \u20ac)<\/strong><\/p><\/td>\n<\/tr>\n<tr>\n<td width=\"551\">In der medizinischen Praxis im Rahmen der \u201eEndoskopie\u201c wird durch den Begriff Untersuchung innerer Organe mit einem Hohlraum mittels Beleuchtung gemeint. F\u00fcr dieses Verfahren sich ein Endoskop &#8211; starres oder flexible Rohr mit kleinem Durchmesser. Im ersten Fall dient die Basis der Vorrichtung als Lichtwellenleitersystem. Auf der einen Seite ist die Gl\u00fchbirne, und mit einem anderen &#8211; ein Okular, das die Bildgr\u00f6\u00dfe anpassen k\u00f6nnen. Flexible Endoskope erm\u00f6glichen die unzug\u00e4nglichsten Orte zu entdecken. Nach dem Faserb\u00fcndel zu einem klaren Bild trotz Drehungen-System \u00fcbertragen.<\/td>\n<td width=\"149\"><strong>\u00a0<\/strong><\/td>\n<\/tr>\n<tr>\n<td width=\"551\"><strong>Ultraschalldiagnostik<\/strong><\/td>\n<td width=\"149\"><strong>von 7-48 Rubel<\/strong>\n<p><strong>(20.<\/strong><strong>03<\/strong><strong> \u20ac)<\/strong><\/p><\/td>\n<\/tr>\n<tr>\n<td width=\"551\">Nicht-invasive Untersuchung des menschlichen K\u00f6rpers mit Hilfe von Ultraschallwellen. Halten Ultraschall der menschlichen inneren Organe erm\u00f6glicht es uns, die objektive Beurteilung ihres Zustandes, den Betrieb, best\u00e4tigen oder dementieren, Verdacht auf die Entwicklung von pathologischen Prozessen, sowie zu verfolgen, zu geben, ob die Erholung in der Vergangenheit Beh\u00f6rden im Laufe der vorgeschriebenen Behandlung betroffen ist.<\/td>\n<td width=\"149\"><\/td>\n<\/tr>\n<tr>\n<td width=\"551\"><strong>Mammologitsche<\/strong> <strong>Forschungen<\/strong><\/td>\n<td width=\"149\"><strong>von 16 Rubel<\/strong>\n<p><strong>(7 \u20ac)<\/strong><\/p><\/td>\n<\/tr>\n<tr>\n<td width=\"551\">Die Mammographie ist ein diagnostisches Verfahren, dessen Zweck es ist, den Zustand der Milchdr\u00fcsen zu bewerten. Diese Art der Befragung kann unterschiedliche Ziele: pr\u00e4ventive \u00dcberwachung wird mit einer bestimmten Frequenz durchgef\u00fchrt wird; Diagnose neoplastischer Prozesse.\n<p>&nbsp;<\/p><\/td>\n<td width=\"149\"><\/td>\n<\/tr>\n<tr>\n<td width=\"551\"><strong>Polysomnographie<\/strong><\/td>\n<td width=\"149\"><strong>von 198 Rubel<\/strong>\n<p><strong>(82 \u20ac)<\/strong><\/p><\/td>\n<\/tr>\n<tr>\n<td width=\"551\">Polysomnographie ist Sleep-Studie der Patienten mit speziellen Computersystemen. Man registriert verschiedene Indikatoren Schl\u00e4fer an Ger\u00e4te angeschlossen, die auf Ihrem Computer gespeichert werden. Aufgezeichneten Parameter: Schnarchen, Atemfluss, Atembewegungen der Bauchdecke und Brustkorbs, die Sauerstoffs\u00e4ttigung von peripherem Blut, K\u00f6rperlage, EEG, EKG, EMG, EOG, Beinbewegungen im Schlaf Aufnahme.<\/td>\n<td width=\"149\"><\/td>\n<\/tr>\n<tr>\n<td width=\"551\"><strong>Funktion<\/strong><strong>al<\/strong><strong>diagnostik<\/strong><\/td>\n<td width=\"149\"><strong>von 7-39 Rubel<\/strong>\n<p><strong>(16.03<\/strong><strong> \u20ac)<\/strong><\/p><\/td>\n<\/tr>\n<tr>\n<td width=\"551\">Funktionsdiagnostik ist Diagnoseabschnitt, Inhalte von denen objektive Beurteilung ist, Erkennung von Abweichungen und das Ausma\u00df der Verletzungen der Funktionen verschiedenen Organe und physiologischen Systemen basieren auf Messungen von physikalischen, chemischen oder anderen objektiven Indikatoren f\u00fcr ihre Aktivit\u00e4ten durch instrumentale oder Laborstudien etablieren.<\/td>\n<td width=\"149\"><strong>\u00a0<\/strong><\/td>\n<\/tr>\n<\/tbody>\n<\/table>\n<p>[\/vc_column_text][\/vc_column][\/vc_row][vc_row][vc_column][vc_tta_tabs][vc_tta_section title=&#8221;MRI und CT-Studien&#8221; tab_id=&#8221;1552416924306-d3283f17-4f2a&#8221;][vc_column_text]<\/p>\n<table width=\"100%\">\n<thead>\n<tr>\n<td><strong>Name der Institution<\/strong><\/td>\n<td><strong>Preis der Dienstleistungen<\/strong><\/td>\n<\/tr>\n<\/thead>\n<tbody>\n<tr>\n<td>Grodnoer regionales klinisches Krankenhaus<\/td>\n<td>von 99,22 Rubel (48,4 \u20ac)<\/td>\n<\/tr>\n<tr>\n<td>Grodnoer regionales klinisches Kinderkrankenhaus<\/td>\n<td>von 82,72 Rubel (40,4 \u20ac)<\/td>\n<\/tr>\n<tr>\n<td>St\u00e4dtisches klinisches Krankenhaus der schnellen \u00e4rztlichen Betreuung von Grodno<\/td>\n<td>von 98,00 Rubel (47,8 \u20ac)<\/td>\n<\/tr>\n<\/tbody>\n<\/table>\n<p>[\/vc_column_text][\/vc_tta_section][vc_tta_section title=&#8221;R\u00f6ntgenuntersuchungen&#8221; tab_id=&#8221;1552416924334-ab0e7d7a-37bd&#8221;][vc_column_text]<\/p>\n<table width=\"100%\">\n<thead>\n<tr>\n<td><strong>Name der Institution<\/strong><\/td>\n<td><strong>\u00a0Preis der Dienstleistungen<\/strong><\/td>\n<\/tr>\n<\/thead>\n<tbody>\n<tr>\n<td>Grodnoer regionales klinisches Zentrum &#8220;Psychiatrie-Narkologie&#8221;<\/td>\n<td>von 7,40 Rubel (3,65 \u20ac )<\/td>\n<\/tr>\n<tr>\n<td>Grodnoer regional-infekti\u00f6s-klinisches Krankenhaus<\/td>\n<td>von 19,16 Rubel (9,3\u20ac)<\/td>\n<\/tr>\n<tr>\n<td>Grodnoer regional-klinisches Zentrum &#8220;Phtisiologie&#8221;<\/td>\n<td>von 24,23 Rubel (11,95 \u20ac)<\/td>\n<\/tr>\n<tr>\n<td>Regionale Beratungsstelle der sportlichen Medizin<\/td>\n<td>von 5,28 Rubel (2,6 \u20ac)<\/td>\n<\/tr>\n<tr>\n<td>St\u00e4dtisches klinisches Krankenhaus der schnellen \u00e4rztlichen Betreuung von Grodno<\/td>\n<td>von 13,39 Rubel (6,5 \u20ac)<\/td>\n<\/tr>\n<tr>\n<td>Kinderpoliklinik \u21161 von Grodno<\/td>\n<td>von 8,16 Rubel (4,0 \u20ac)<\/td>\n<\/tr>\n<tr>\n<td>Grodnoer zentrale st\u00e4dtische Poliklinika<\/td>\n<td>von 20,34 Rubel (9,9 \u20ac)<\/td>\n<\/tr>\n<tr>\n<td>St\u00e4dtische Poliklinik \u21166 von Grodno<\/td>\n<td>von 14,06 Rubel (6,96 \u20ac)<\/td>\n<\/tr>\n<tr>\n<td>St\u00e4dtische Poliklinik \u21165 von Grodno<\/td>\n<td>von 18,60 Rubel (9,1 \u20ac)<\/td>\n<\/tr>\n<tr>\n<td>St\u00e4dtische Poliklinik \u21164 von Grodno<\/td>\n<td>von 11,13 Rubel (5,5 \u20ac)<\/td>\n<\/tr>\n<tr>\n<td>St\u00e4dtische Poliklinik \u21163 von Grodno<\/td>\n<td>von 15,47 Rubel (7,5 \u20ac)<\/td>\n<\/tr>\n<tr>\n<td>St\u00e4dtische Poliklinik \u21161 von Grodno<\/td>\n<td>von 9,74 Rubel (4,8 \u20ac)<\/td>\n<\/tr>\n<tr>\n<td>Grodnoer regional-klinisches Perinatalzentrum<\/td>\n<td>von 28,64 Rubel (14,0 \u20ac)<\/td>\n<\/tr>\n<tr>\n<td>\u00a0Grodnoer regional- klinisches Kardiologizentrum<\/td>\n<td>von 23,41 Rubel (11,4 \u20ac)<\/td>\n<\/tr>\n<\/tbody>\n<\/table>\n<p>[\/vc_column_text][\/vc_tta_section][\/vc_tta_tabs][\/vc_column][\/vc_row]<\/p>\n","protected":false},"excerpt":{"rendered":"[vc_row][vc_column][vc_column_text] MRI und CT-Studien von 99-118 Rubel (41-49 \u20ac) MRI ist Verfahren f\u00fcr tomographische Bilder f\u00fcr die medizinische Untersuchung der inneren Organe und Gewebe Ph\u00e4nomene durch Kernspinresonanz zu erzeugen. Das Verfahren beruht auf die elektromagnetische Antwort von Atomkernen zu messen, in der Regel Kern von Wasserstoffatomen, n\u00e4mlich auf der Anregung von einer bestimmten Kombination von elektromagnetischen Wellen in einem konstanten Magnetfeld hoher Intensit\u00e4t. CT ist Verfahren, basierend auf die komplexen Computerverarbeitung und R\u00f6ntgenabschw\u00e4chungsdifferenzen f\u00fcr unterschiedliche Gewebedichte zu messen. Derzeit ist die R\u00f6ntgencomputertomographie die prim\u00e4re Tomographie Untersuchung der menschlichen inneren Organe mittels R\u00f6ntgenstrahlen. \u00a0 R\u00f6ntgenuntersuchungen von 7-34 Rubel (14.03 \u20ac) R\u00f6ntgenpr\u00fcfung wird verwendet, um die Struktur und die Funktionen der Organe in normalen und pathologischen Bedingungen zu studieren. Es erm\u00f6glicht Ihnen, die Krankheit zu diagnostizieren, die Lage und das Ausma\u00df der identifizierten L\u00e4sionen zu identifizieren, sowie deren Dynamik im Verlauf der Behandlung. Die Studie basiert auf der Tatsache, dass der Strahl von R\u00f6ntgenstrahlen durch die Organe und Gewebe vorbei, indem sie sie in unterschiedlichem Ma\u00dfe absorbiert wird, was die M\u00f6glichkeit gibt, ihr Bild auf einem speziellen Bildschirm oder R\u00f6ntgenfilm zu erhalten. Der Unterschied in der optischen Dichte von benachbarten Teilen des Bildes auf dem R\u00f6ntgen-Bild (oder die Differenz in der Helligkeit des Leuchtschirms) bestimmt den Bildkontrast. \u00a0 Endoskopitsch&#8211;diagnostischen Forschungen von 7-94 Rubel (3-39 \u20ac) In der medizinischen Praxis im Rahmen der \u201eEndoskopie\u201c wird durch den Begriff Untersuchung innerer Organe mit einem Hohlraum mittels Beleuchtung gemeint. F\u00fcr dieses Verfahren sich ein Endoskop &#8211; starres oder flexible Rohr mit kleinem Durchmesser. Im ersten Fall dient die Basis der Vorrichtung als Lichtwellenleitersystem. Auf der einen Seite ist die Gl\u00fchbirne, und mit einem anderen &#8211; ein Okular, das die Bildgr\u00f6\u00dfe anpassen k\u00f6nnen. Flexible Endoskope erm\u00f6glichen die unzug\u00e4nglichsten Orte zu entdecken. Nach dem Faserb\u00fcndel zu einem klaren Bild trotz Drehungen-System \u00fcbertragen. \u00a0 Ultraschalldiagnostik von 7-48 Rubel (20.03 \u20ac) Nicht-invasive Untersuchung des menschlichen K\u00f6rpers mit Hilfe von Ultraschallwellen. Halten Ultraschall der menschlichen inneren Organe erm\u00f6glicht es uns, die objektive Beurteilung ihres Zustandes, den Betrieb, best\u00e4tigen oder dementieren, Verdacht auf die Entwicklung von pathologischen Prozessen, sowie zu verfolgen, zu geben, ob die Erholung in der Vergangenheit Beh\u00f6rden im Laufe der vorgeschriebenen Behandlung betroffen ist. Mammologitsche Forschungen von 16 Rubel (7 \u20ac) Die Mammographie ist ein diagnostisches Verfahren, dessen Zweck es ist, den Zustand der Milchdr\u00fcsen zu bewerten. Diese Art der Befragung kann unterschiedliche Ziele: pr\u00e4ventive \u00dcberwachung wird mit einer bestimmten Frequenz durchgef\u00fchrt wird; Diagnose neoplastischer Prozesse. &nbsp; Polysomnographie von 198 Rubel (82 \u20ac) Polysomnographie ist Sleep-Studie der Patienten mit speziellen Computersystemen. Man registriert verschiedene Indikatoren Schl\u00e4fer an Ger\u00e4te angeschlossen, die auf Ihrem Computer gespeichert werden. Aufgezeichneten Parameter: Schnarchen, Atemfluss, Atembewegungen der Bauchdecke und Brustkorbs, die Sauerstoffs\u00e4ttigung von peripherem Blut, K\u00f6rperlage, EEG, EKG, EMG, EOG, Beinbewegungen im Schlaf Aufnahme. Funktionaldiagnostik von 7-39 Rubel (16.03 \u20ac) Funktionsdiagnostik ist Diagnoseabschnitt, Inhalte von denen objektive Beurteilung ist, Erkennung von Abweichungen und das Ausma\u00df der Verletzungen der Funktionen verschiedenen Organe und physiologischen Systemen basieren auf Messungen von physikalischen, chemischen oder anderen objektiven Indikatoren f\u00fcr ihre Aktivit\u00e4ten durch instrumentale oder Laborstudien etablieren. \u00a0 [\/vc_column_text][\/vc_column][\/vc_row][vc_row][vc_column][vc_tta_tabs][vc_tta_section title=&#8221;MRI und CT-Studien&#8221; tab_id=&#8221;1552416924306-d3283f17-4f2a&#8221;][vc_column_text] Name der Institution Preis der Dienstleistungen Grodnoer regionales klinisches Krankenhaus von 99,22 Rubel (48,4 \u20ac) Grodnoer regionales klinisches Kinderkrankenhaus von 82,72 Rubel (40,4 \u20ac) St\u00e4dtisches klinisches Krankenhaus der schnellen \u00e4rztlichen Betreuung von Grodno von 98,00 Rubel (47,8 \u20ac) [\/vc_column_text][\/vc_tta_section][vc_tta_section title=&#8221;R\u00f6ntgenuntersuchungen&#8221; tab_id=&#8221;1552416924334-ab0e7d7a-37bd&#8221;][vc_column_text] Name der Institution \u00a0Preis der Dienstleistungen Grodnoer regionales klinisches Zentrum &#8220;Psychiatrie-Narkologie&#8221; von 7,40 Rubel (3,65 \u20ac ) Grodnoer regional-infekti\u00f6s-klinisches Krankenhaus von 19,16 Rubel (9,3\u20ac) Grodnoer regional-klinisches Zentrum &#8220;Phtisiologie&#8221; von 24,23 Rubel (11,95 \u20ac) Regionale Beratungsstelle der sportlichen Medizin von 5,28 Rubel (2,6 \u20ac) St\u00e4dtisches klinisches Krankenhaus der schnellen \u00e4rztlichen Betreuung von Grodno von 13,39 Rubel (6,5 \u20ac) Kinderpoliklinik \u21161 von Grodno von 8,16 Rubel (4,0 \u20ac) Grodnoer zentrale st\u00e4dtische Poliklinika von 20,34 Rubel (9,9 \u20ac) St\u00e4dtische Poliklinik \u21166 von Grodno von 14,06 Rubel (6,96 \u20ac) St\u00e4dtische Poliklinik \u21165 von Grodno von 18,60 Rubel (9,1 \u20ac) St\u00e4dtische Poliklinik \u21164 von Grodno von 11,13 Rubel (5,5 \u20ac) St\u00e4dtische Poliklinik \u21163 von Grodno von 15,47 Rubel (7,5 \u20ac) St\u00e4dtische Poliklinik \u21161 von Grodno von 9,74 Rubel (4,8 \u20ac) Grodnoer regional-klinisches Perinatalzentrum von 28,64 Rubel (14,0 \u20ac) \u00a0Grodnoer regional- klinisches Kardiologizentrum von 23,41 Rubel (11,4 \u20ac) [\/vc_column_text][\/vc_tta_section][\/vc_tta_tabs][\/vc_column][\/vc_row]","protected":false},"author":1,"featured_media":0,"parent":3211,"menu_order":0,"comment_status":"closed","ping_status":"closed","template":"","meta":[],"_links":{"self":[{"href":"https:\/\/extur.by\/de\/wp-json\/wp\/v2\/pages\/3247\/"}],"collection":[{"href":"https:\/\/extur.by\/de\/wp-json\/wp\/v2\/pages\/"}],"about":[{"href":"https:\/\/extur.by\/de\/wp-json\/wp\/v2\/types\/page\/"}],"author":[{"embeddable":true,"href":"https:\/\/extur.by\/de\/wp-json\/wp\/v2\/users\/1\/"}],"replies":[{"embeddable":true,"href":"https:\/\/extur.by\/de\/wp-json\/wp\/v2\/comments\/?post=3247"}],"version-history":[{"count":8,"href":"https:\/\/extur.by\/de\/wp-json\/wp\/v2\/pages\/3247\/revisions\/"}],"predecessor-version":[{"id":3805,"href":"https:\/\/extur.by\/de\/wp-json\/wp\/v2\/pages\/3247\/revisions\/3805\/"}],"up":[{"embeddable":true,"href":"https:\/\/extur.by\/de\/wp-json\/wp\/v2\/pages\/3211\/"}],"wp:attachment":[{"href":"https:\/\/extur.by\/de\/wp-json\/wp\/v2\/media\/?parent=3247"}],"curies":[{"name":"wp","href":"https:\/\/api.w.org\/{rel}","templated":true}]}}