{"id":3245,"date":"2019-05-29T14:41:17","date_gmt":"2019-05-29T11:41:17","guid":{"rendered":"https:\/\/extur.by\/medizinischer-tourismus\/plastische-chirurgie\/"},"modified":"2019-07-22T12:28:41","modified_gmt":"2019-07-22T09:28:41","slug":"plastische-chirurgie","status":"publish","type":"page","link":"https:\/\/extur.by\/de\/medizinischer-tourismus\/plastische-chirurgie\/","title":{"rendered":"Plastische Chirurgie"},"content":{"rendered":"<p>[vc_row][vc_column][vc_column_text]<\/p>\n<table>\n<tbody>\n<tr>\n<td style=\"text-align: center;\"><strong>Otorhinolaryngology<\/strong><\/td>\n<td style=\"text-align: center;\" width=\"20%\"><strong>von 67-145 Rubel <\/strong>\n<p><strong>(28-60 \u20ac)<\/strong><\/p><\/td>\n<\/tr>\n<tr>\n<td>Otorhinolaryngology \u00a0ist ein Zweig der Medizin und medizinische Fachrichtung, die auf die Diagnose und Behandlung von Erkrankungen des Hals-Nasen-Ohren-und Kopf und Hals konzentriert.<\/td>\n<td><strong>\u00a0<\/strong><\/td>\n<\/tr>\n<tr>\n<td style=\"text-align: center;\"><strong>Kosmetische Chirurgie<\/strong><\/td>\n<td style=\"text-align: center;\"><strong>von 217-320 Rubel<\/strong>\n<p><strong>(90-133 \u20ac)<\/strong><\/p><\/td>\n<\/tr>\n<tr>\n<td>Das Ziel von kosmetischen Chirurgie verfolgt ist die Verbesserung des \u00c4u\u00dferen des Patienten. Das \u00c4u\u00dfere spielt eine gro\u00dfe Rolle Ihr Selbstwertgef\u00fchl bei der Gestaltung. Die Wechselwirkung hilft bei der Gesellschaft, dem Gelingen im Privatleben und dem Beruf.<\/td>\n<td><strong>\u00a0<\/strong><\/td>\n<\/tr>\n<tr>\n<td>Mit kosmetischer Chirurgie kann jeden Teil des menschlichen K\u00f6rpers \u00e4ndern, h\u00e4ngt die Wirksamkeit der kosmetischen Chirurgie auf, was der Kunde m\u00f6chte, kleinere \u00c4nderungen kosmetischen oder Haut ausreichend gr\u00fcndliche Korrektur oder K\u00f6rperformung erhalten.<\/td>\n<td><strong>\u00a0<\/strong><\/td>\n<\/tr>\n<\/tbody>\n<\/table>\n<p>[\/vc_column_text][\/vc_column][\/vc_row][vc_row][vc_column][vc_column_text]<\/p>\n<table width=\"100%\">\n<thead>\n<tr>\n<td><strong>Name der Institution<\/strong><\/td>\n<td><strong>Preis der Dienstleistungen<\/strong><\/td>\n<\/tr>\n<\/thead>\n<tbody>\n<tr>\n<td>St\u00e4dtisches klinisches Krankenhaus der schnellen \u00e4rztlichen Betreuung von Grodno<\/td>\n<td>von 121,48 Rubel (59,3 \u20ac)<\/td>\n<\/tr>\n<tr>\n<td>PMC &#8220;Medizinisches Zentrum der Sch\u00f6nheit und der Gesundheit&#8221;<\/td>\n<td>von 55,55 Rubel (27,30 \u20ac)<\/td>\n<\/tr>\n<tr>\n<td>Grodnoer regionales klinisches Krankenhaus<\/td>\n<td>von 158,4 Rubel (77,3 \u20ac)<\/td>\n<\/tr>\n<tr>\n<td>St\u00e4dtisches klinisches Krankenhaus \u21162 von Grodno<\/td>\n<td>von 109 Rubel (53 \u20ac)<\/td>\n<\/tr>\n<tr>\n<td>Grodnoer regional-klinisches Perinatalzentrum<\/td>\n<td>von 319,7Rubel (133\u20ac)<\/td>\n<\/tr>\n<\/tbody>\n<\/table>\n<p>[\/vc_column_text][\/vc_column][\/vc_row]<\/p>\n","protected":false},"excerpt":{"rendered":"[vc_row][vc_column][vc_column_text] Otorhinolaryngology von 67-145 Rubel (28-60 \u20ac) Otorhinolaryngology \u00a0ist ein Zweig der Medizin und medizinische Fachrichtung, die auf die Diagnose und Behandlung von Erkrankungen des Hals-Nasen-Ohren-und Kopf und Hals konzentriert. \u00a0 Kosmetische Chirurgie von 217-320 Rubel (90-133 \u20ac) Das Ziel von kosmetischen Chirurgie verfolgt ist die Verbesserung des \u00c4u\u00dferen des Patienten. Das \u00c4u\u00dfere spielt eine gro\u00dfe Rolle Ihr Selbstwertgef\u00fchl bei der Gestaltung. Die Wechselwirkung hilft bei der Gesellschaft, dem Gelingen im Privatleben und dem Beruf. \u00a0 Mit kosmetischer Chirurgie kann jeden Teil des menschlichen K\u00f6rpers \u00e4ndern, h\u00e4ngt die Wirksamkeit der kosmetischen Chirurgie auf, was der Kunde m\u00f6chte, kleinere \u00c4nderungen kosmetischen oder Haut ausreichend gr\u00fcndliche Korrektur oder K\u00f6rperformung erhalten. \u00a0 [\/vc_column_text][\/vc_column][\/vc_row][vc_row][vc_column][vc_column_text] Name der Institution Preis der Dienstleistungen St\u00e4dtisches klinisches Krankenhaus der schnellen \u00e4rztlichen Betreuung von Grodno von 121,48 Rubel (59,3 \u20ac) PMC &#8220;Medizinisches Zentrum der Sch\u00f6nheit und der Gesundheit&#8221; von 55,55 Rubel (27,30 \u20ac) Grodnoer regionales klinisches Krankenhaus von 158,4 Rubel (77,3 \u20ac) St\u00e4dtisches klinisches Krankenhaus \u21162 von Grodno von 109 Rubel (53 \u20ac) Grodnoer regional-klinisches Perinatalzentrum von 319,7Rubel (133\u20ac) [\/vc_column_text][\/vc_column][\/vc_row]","protected":false},"author":1,"featured_media":0,"parent":3211,"menu_order":0,"comment_status":"closed","ping_status":"closed","template":"","meta":[],"_links":{"self":[{"href":"https:\/\/extur.by\/de\/wp-json\/wp\/v2\/pages\/3245\/"}],"collection":[{"href":"https:\/\/extur.by\/de\/wp-json\/wp\/v2\/pages\/"}],"about":[{"href":"https:\/\/extur.by\/de\/wp-json\/wp\/v2\/types\/page\/"}],"author":[{"embeddable":true,"href":"https:\/\/extur.by\/de\/wp-json\/wp\/v2\/users\/1\/"}],"replies":[{"embeddable":true,"href":"https:\/\/extur.by\/de\/wp-json\/wp\/v2\/comments\/?post=3245"}],"version-history":[{"count":6,"href":"https:\/\/extur.by\/de\/wp-json\/wp\/v2\/pages\/3245\/revisions\/"}],"predecessor-version":[{"id":3841,"href":"https:\/\/extur.by\/de\/wp-json\/wp\/v2\/pages\/3245\/revisions\/3841\/"}],"up":[{"embeddable":true,"href":"https:\/\/extur.by\/de\/wp-json\/wp\/v2\/pages\/3211\/"}],"wp:attachment":[{"href":"https:\/\/extur.by\/de\/wp-json\/wp\/v2\/media\/?parent=3245"}],"curies":[{"name":"wp","href":"https:\/\/api.w.org\/{rel}","templated":true}]}}