{"id":3243,"date":"2019-05-29T14:39:39","date_gmt":"2019-05-29T11:39:39","guid":{"rendered":"https:\/\/extur.by\/medizinischer-tourismus\/ophtalmologie\/"},"modified":"2019-07-19T17:21:33","modified_gmt":"2019-07-19T14:21:33","slug":"ophtalmologie","status":"publish","type":"page","link":"https:\/\/extur.by\/de\/medizinischer-tourismus\/ophtalmologie\/","title":{"rendered":"Augenheilkunde"},"content":{"rendered":"<p>[vc_row][vc_column][vc_column_text]<\/p>\n<table>\n<tbody>\n<tr>\n<td width=\"551\"><strong>\u00a0\u00a0\u00a0\u00a0\u00a0\u00a0\u00a0\u00a0 Augenmikrochirurgie<\/strong><\/td>\n<td width=\"158\"><strong>von 96-193 Rubel<\/strong>\n<p><strong>(40-80 \u20ac)<\/strong><\/p><\/td>\n<\/tr>\n<tr>\n<td width=\"551\">Mit Hilfe der Augenmikrochirurgie wurde es m\u00f6glich, die Behandlung von Glaukom, Katarakt, Netzhaut St\u00e4rkung und Beseitigung anderer Augenkrankheiten. Leute, die fr\u00fcher verzweifeln und die Hoffnung auf Besserung verloren, erholen und zu einem normalen Leben zur\u00fcckzukehren.\n<p>Durch Augenmikro geh\u00f6ren Laser-Sehkorrektur, Katarakt, Glaukom und Netzhaut durch eine Operation, Keratoplastik.<\/p>\n<p>Laser Sehkorrektur Verfahren umfasst Korrektur Kurzsichtigkeit, Weitsichtigkeit und Astigmatismus; es wird von einem Excimer-Laser durchgef\u00fchrt. Behandlung von Katarakt Phakoemulsifikation durchgef\u00fchrt durch: ein Spezialwerkzeug ist Mikroinzision, Katarakt entfernt und eingef\u00fchrt flexible Intraokularlinse (k\u00fcnstliche kristalline Linse). Retinal und Behandlung des Glaukoms ist die Augenchirurgie durchgef\u00fchrt unter Verwendung eines Lasers. Keratoplastik &#8211; ein Ersatz von Teilen der Kornea Donortransplantat.<\/p><\/td>\n<td width=\"158\"><\/td>\n<\/tr>\n<tr>\n<td width=\"551\"><strong>Komplexes Programm \u201eDiagnose der Sehkraft \u201c<\/strong><\/td>\n<td width=\"158\"><strong>von 26,92 Rubel<\/strong>\n<p><strong>(11 \u20ac)<\/strong><\/p><\/td>\n<\/tr>\n<tr>\n<td width=\"551\">Das Programm beinhaltet:\n<p>Beratung von einem Augenarzt (Inspektion, die Schlussfolgerung Erkl\u00e4rung, Empfehlung, die Ernennung der Behandlung);<\/p>\n<p>Biomikroskopisch (Inspektion aller Strukturen des Augenhintergrundes);<\/p>\n<p>Ophthalmoskopie;<\/p>\n<p>Autorefractometry (check Visus + Korrekturgl\u00e4ser oder Kontaktlinsenanpassung, falls erforderlich);<\/p>\n<p>Pneumotonometry (ber\u00fchrungslosen Messung des intraokularen Drucks);<\/p>\n<p>Computer Perimetrie (Gesichtsfeldstudie, die Identifizierung von Organpathologie).<\/p><\/td>\n<td width=\"158\"><strong>\u00a0<\/strong><\/td>\n<\/tr>\n<tr>\n<td width=\"551\"><strong>P<\/strong><strong>hacoemulsification<\/strong><\/td>\n<td width=\"158\"><strong>von 53-58 Rubel<\/strong>\n<p><strong>(22-24 \u20ac)<\/strong><\/p><\/td>\n<\/tr>\n<tr>\n<td width=\"551\">Die mikrochirurgische Methode der Entfernung der Katarakta, in dessen Grundlage die Fragmentation des Stoffes der Augenlinse vom Ultralaut und seine Evakuierung aus der H\u00f6hle des Augapfels irrigazionno-aspirazionnym von der Methode liegt.<\/td>\n<td width=\"158\"><\/td>\n<\/tr>\n<\/tbody>\n<\/table>\n<p>[\/vc_column_text][\/vc_column][\/vc_row][vc_row][vc_column][vc_column_text]<\/p>\n<table width=\"100%\">\n<thead>\n<tr>\n<td><strong>Name der Institution\u00a0<\/strong><\/td>\n<td><strong> Preis der Dienstleistungen<\/strong><\/td>\n<\/tr>\n<\/thead>\n<tbody>\n<tr>\n<td>Regionale Beratungsstelle der sportlichen Medizin<\/td>\n<td>von 2,35 Rubel (1,1 \u20ac)<\/td>\n<\/tr>\n<tr>\n<td>Kinderpoliklinik \u21161 von Grodno<\/td>\n<td>von 5,83 Rubel (2,8 \u20ac)<\/td>\n<\/tr>\n<tr>\n<td>St\u00e4dtische Poliklinik \u21166 von Grodno<\/td>\n<td>von 7,76 Rubel (3,8 \u20ac)<\/td>\n<\/tr>\n<tr>\n<td>St\u00e4dtische Poliklinik \u21165 von Grodno<\/td>\n<td>von 11,21 Rubel (5,5 \u20ac)<\/td>\n<\/tr>\n<tr>\n<td>St\u00e4dtische Poliklinik \u21164 von Grodno<\/td>\n<td>von 5,36 Rubel (2,6 \u20ac)<\/td>\n<\/tr>\n<tr>\n<td>St\u00e4dtische Poliklinik \u21163 von Grodno<\/td>\n<td>von 9,61 Rubel (4,7 \u20ac)<\/td>\n<\/tr>\n<tr>\n<td>St\u00e4dtische Poliklinik \u21161 von Grodno<\/td>\n<td>von 8,23 Rubel (4,0 \u20ac)<\/td>\n<\/tr>\n<tr>\n<td>Grodnoer regionales klinisches Krankenhaus<\/td>\n<td>von 8,42 Rubel (4,1 \u20ac)<\/td>\n<\/tr>\n<tr>\n<td>St\u00e4dtische klinische Krankenhaus \u21162 von Grodno<\/td>\n<td>von 22,31 Rubel (10,9 \u20ac)<\/td>\n<\/tr>\n<tr>\n<td>St\u00e4dtische klinische Krankenhaus \u21164 von Grodno<\/td>\n<td>von 7,34 Rubel (3,6 \u20ac)<\/td>\n<\/tr>\n<tr>\n<td>\u00a0St\u00e4dtische Poliklinik \u21164 von Grodno<\/td>\n<td>von 7,34 Rubel (3,6 \u20ac)<\/td>\n<\/tr>\n<tr>\n<td>Grodnoer zentrale st\u00e4dtische Poliklinik<\/td>\n<td>von 6,68 Rubel (3,3 \u20ac)<\/td>\n<\/tr>\n<tr>\n<td>Regionale Beratungsstelle der sportlichen Medizin<\/td>\n<td>von 2,35 Rubel (1,1 \u20ac)<\/td>\n<\/tr>\n<tr>\n<td>Kinderpoliklinik \u21161 von Grodno<\/td>\n<td>von 2,33 Rubel (1,1 \u20ac)<\/td>\n<\/tr>\n<tr>\n<td>St\u00e4dtische Poliklinik \u21166 von Grodno<\/td>\n<td>von 13,38 Rubel (6,5 \u20ac)<\/td>\n<\/tr>\n<tr>\n<td>St\u00e4dtische Poliklinik \u21163 von Grodno<\/td>\n<td>von 12,19 Rubel (5,9 \u20ac)<\/td>\n<\/tr>\n<tr>\n<td>Grodnoer regionales klinisches Krankenhaus<\/td>\n<td>von 13,77 Rubel (6,7 \u20ac)<\/td>\n<\/tr>\n<tr>\n<td>St\u00e4dtisches klinisches Krankenhaus \u21162 von Grodno<\/td>\n<td>von 34,40 Rubel (16,8 \u20ac)<\/td>\n<\/tr>\n<\/tbody>\n<\/table>\n<p>[\/vc_column_text][\/vc_column][\/vc_row]<\/p>\n","protected":false},"excerpt":{"rendered":"[vc_row][vc_column][vc_column_text] \u00a0\u00a0\u00a0\u00a0\u00a0\u00a0\u00a0\u00a0 Augenmikrochirurgie von 96-193 Rubel (40-80 \u20ac) Mit Hilfe der Augenmikrochirurgie wurde es m\u00f6glich, die Behandlung von Glaukom, Katarakt, Netzhaut St\u00e4rkung und Beseitigung anderer Augenkrankheiten. Leute, die fr\u00fcher verzweifeln und die Hoffnung auf Besserung verloren, erholen und zu einem normalen Leben zur\u00fcckzukehren. Durch Augenmikro geh\u00f6ren Laser-Sehkorrektur, Katarakt, Glaukom und Netzhaut durch eine Operation, Keratoplastik. Laser Sehkorrektur Verfahren umfasst Korrektur Kurzsichtigkeit, Weitsichtigkeit und Astigmatismus; es wird von einem Excimer-Laser durchgef\u00fchrt. Behandlung von Katarakt Phakoemulsifikation durchgef\u00fchrt durch: ein Spezialwerkzeug ist Mikroinzision, Katarakt entfernt und eingef\u00fchrt flexible Intraokularlinse (k\u00fcnstliche kristalline Linse). Retinal und Behandlung des Glaukoms ist die Augenchirurgie durchgef\u00fchrt unter Verwendung eines Lasers. Keratoplastik &#8211; ein Ersatz von Teilen der Kornea Donortransplantat. Komplexes Programm \u201eDiagnose der Sehkraft \u201c von 26,92 Rubel (11 \u20ac) Das Programm beinhaltet: Beratung von einem Augenarzt (Inspektion, die Schlussfolgerung Erkl\u00e4rung, Empfehlung, die Ernennung der Behandlung); Biomikroskopisch (Inspektion aller Strukturen des Augenhintergrundes); Ophthalmoskopie; Autorefractometry (check Visus + Korrekturgl\u00e4ser oder Kontaktlinsenanpassung, falls erforderlich); Pneumotonometry (ber\u00fchrungslosen Messung des intraokularen Drucks); Computer Perimetrie (Gesichtsfeldstudie, die Identifizierung von Organpathologie). \u00a0 Phacoemulsification von 53-58 Rubel (22-24 \u20ac) Die mikrochirurgische Methode der Entfernung der Katarakta, in dessen Grundlage die Fragmentation des Stoffes der Augenlinse vom Ultralaut und seine Evakuierung aus der H\u00f6hle des Augapfels irrigazionno-aspirazionnym von der Methode liegt. [\/vc_column_text][\/vc_column][\/vc_row][vc_row][vc_column][vc_column_text] Name der Institution\u00a0 Preis der Dienstleistungen Regionale Beratungsstelle der sportlichen Medizin von 2,35 Rubel (1,1 \u20ac) Kinderpoliklinik \u21161 von Grodno von 5,83 Rubel (2,8 \u20ac) St\u00e4dtische Poliklinik \u21166 von Grodno von 7,76 Rubel (3,8 \u20ac) St\u00e4dtische Poliklinik \u21165 von Grodno von 11,21 Rubel (5,5 \u20ac) St\u00e4dtische Poliklinik \u21164 von Grodno von 5,36 Rubel (2,6 \u20ac) St\u00e4dtische Poliklinik \u21163 von Grodno von 9,61 Rubel (4,7 \u20ac) St\u00e4dtische Poliklinik \u21161 von Grodno von 8,23 Rubel (4,0 \u20ac) Grodnoer regionales klinisches Krankenhaus von 8,42 Rubel (4,1 \u20ac) St\u00e4dtische klinische Krankenhaus \u21162 von Grodno von 22,31 Rubel (10,9 \u20ac) St\u00e4dtische klinische Krankenhaus \u21164 von Grodno von 7,34 Rubel (3,6 \u20ac) \u00a0St\u00e4dtische Poliklinik \u21164 von Grodno von 7,34 Rubel (3,6 \u20ac) Grodnoer zentrale st\u00e4dtische Poliklinik von 6,68 Rubel (3,3 \u20ac) Regionale Beratungsstelle der sportlichen Medizin von 2,35 Rubel (1,1 \u20ac) Kinderpoliklinik \u21161 von Grodno von 2,33 Rubel (1,1 \u20ac) St\u00e4dtische Poliklinik \u21166 von Grodno von 13,38 Rubel (6,5 \u20ac) St\u00e4dtische Poliklinik \u21163 von Grodno von 12,19 Rubel (5,9 \u20ac) Grodnoer regionales klinisches Krankenhaus von 13,77 Rubel (6,7 \u20ac) St\u00e4dtisches klinisches Krankenhaus \u21162 von Grodno von 34,40 Rubel (16,8 \u20ac) [\/vc_column_text][\/vc_column][\/vc_row]","protected":false},"author":1,"featured_media":0,"parent":3211,"menu_order":0,"comment_status":"closed","ping_status":"closed","template":"","meta":[],"_links":{"self":[{"href":"https:\/\/extur.by\/de\/wp-json\/wp\/v2\/pages\/3243\/"}],"collection":[{"href":"https:\/\/extur.by\/de\/wp-json\/wp\/v2\/pages\/"}],"about":[{"href":"https:\/\/extur.by\/de\/wp-json\/wp\/v2\/types\/page\/"}],"author":[{"embeddable":true,"href":"https:\/\/extur.by\/de\/wp-json\/wp\/v2\/users\/1\/"}],"replies":[{"embeddable":true,"href":"https:\/\/extur.by\/de\/wp-json\/wp\/v2\/comments\/?post=3243"}],"version-history":[{"count":10,"href":"https:\/\/extur.by\/de\/wp-json\/wp\/v2\/pages\/3243\/revisions\/"}],"predecessor-version":[{"id":3835,"href":"https:\/\/extur.by\/de\/wp-json\/wp\/v2\/pages\/3243\/revisions\/3835\/"}],"up":[{"embeddable":true,"href":"https:\/\/extur.by\/de\/wp-json\/wp\/v2\/pages\/3211\/"}],"wp:attachment":[{"href":"https:\/\/extur.by\/de\/wp-json\/wp\/v2\/media\/?parent=3243"}],"curies":[{"name":"wp","href":"https:\/\/api.w.org\/{rel}","templated":true}]}}