{"id":3241,"date":"2019-05-29T14:38:10","date_gmt":"2019-05-29T11:38:10","guid":{"rendered":"https:\/\/extur.by\/medizinischer-tourismus\/kosmetologie\/"},"modified":"2019-07-22T12:29:54","modified_gmt":"2019-07-22T09:29:54","slug":"kosmetologie","status":"publish","type":"page","link":"https:\/\/extur.by\/de\/medizinischer-tourismus\/kosmetologie\/","title":{"rendered":"Kosmetologie"},"content":{"rendered":"<p>[vc_row][vc_column][vc_column_text]<\/p>\n<table>\n<tbody>\n<tr>\n<td width=\"969\">\n<p style=\"text-align: center;\"><strong>Injektionen von Botulinumtoxin<\/strong><\/p>\n<\/td>\n<td width=\"266\">\n<p style=\"text-align: center;\"><strong>von 130 Rubel (55 \u20ac)<\/strong><\/p>\n<\/td>\n<\/tr>\n<\/tbody>\n<\/table>\n<p>Der Zweck der Injektion der Muskeln zu entspannen und die Bildung von feinen Linien auf dem Gesicht zu verhindern. Botulinumtoxin blockiert die Nervenimpulse, die Muskelkontraktion f\u00fchren. Als Ergebnis sind die Muskeln in einem entspannten Zustand f\u00fcr einen l\u00e4ngeren Zeitraum. Im Laufe der Zeit wird die Impulseinspritzung reduziert und die Wirkung reduziert wird.<\/p>\n<table>\n<tbody>\n<tr>\n<td width=\"969\">\n<p style=\"text-align: center;\"><strong>Injizierbare F\u00fcllstoffe <\/strong><\/p>\n<\/td>\n<td width=\"266\">\n<p style=\"text-align: center;\"><strong>von 460 Rubel (193 \u20ac)<\/strong><\/p>\n<\/td>\n<\/tr>\n<\/tbody>\n<\/table>\n<p>Injektions-Umrissplastik ist eine Technik, Korrektur von Falten, Volumenmodellierung Fl\u00e4chen durch Verabreichung von Zubereitungen auf der Basis der hochmolekularen Hyalurons\u00e4ure. Mit der d\u00fcnnsten Nadel unter der Haut an der Stelle, die Verj\u00fcngung Helium ben\u00f6tigt sind spezielle Substanzen &#8211; F\u00fcllstoffe. F\u00fcllstoffe hilft aufgrund der Bildung von zus\u00e4tzlichen Volumen im subkutanen Fett sichtbar Alters Probleme zu beseitigen.<\/p>\n<table>\n<tbody>\n<tr>\n<td width=\"969\">\n<p style=\"text-align: center;\"><strong>Laser und <\/strong><strong>P<\/strong><strong>hotorejuvenation<\/strong><\/p>\n<\/td>\n<td width=\"266\">\n<p style=\"text-align: center;\"><strong>von 87-346 Rubel<\/strong><\/p>\n<p style=\"text-align: center;\"><strong>(36-144 \u20ac)<\/strong><\/p>\n<\/td>\n<\/tr>\n<\/tbody>\n<\/table>\n<p>Photorejuvenation. Spezielle D\u00fcse emittiert Licht durch getrennte Strahlen (Impulse) detektiert Chromophore (Anh\u00e4ufungen von Pigment in der Haut). Sie sind beheizt und zerst\u00f6rt. Neben der Zerst\u00f6rung des Pigments, beeinflussen Lichtwellen die Kollagen- und Elastinfasern: Licht Fibroblasten aktiviert, die beginnen, sich schnell zu teilen und neue Fasern sowie Molek\u00fcle der Hyalurons\u00e4ure zu erstellen. Wenn die Hautzellen von Bakterien enthalten, werden sie zerst\u00f6rt, die die Haut bei Akne zu verbessern hilft. Alles zusammen ergibt dies eine verj\u00fcngende Wirkung: Die Haut ist leichter, kleiner Gef\u00e4\u00dfe und R\u00f6tungen verschwinden, die Elastizit\u00e4t der Haut erh\u00f6ht sich, Falten gegl\u00e4ttet, wird die Farbe gleichm\u00e4\u00dfig und gesund, und deshalb sieht das Gesicht j\u00fcnger.<\/p>\n<p>Laser der Verj\u00fcngung. Dieses Verfahren und die Vorrichtung wird mit Hilfe eines Neodym-Laser durchgef\u00fchrt, die die tiefste Eindringen in die Haut dank einer Wellenl\u00e4nge von 1320 nm zur Verf\u00fcgung stellt. Der Verlauf der Laser Verj\u00fcngung des Gesichts und des K\u00f6rpers, in der Regel ist etwa drei bis vier Behandlungen, was bedeutet, dass Sie das Ergebnis von zweimal schneller als erhalten, wenn Sie die Methode der Verj\u00fcngung w\u00e4hlen. Der Hauptvorteil der Neodym-Verj\u00fcngung ist kumulative Wirkung projiziert: Ihre Haut wird w\u00e4hrend des ganzen Jahres und eine H\u00e4lfte aktualisiert.<\/p>\n<table>\n<tbody>\n<tr>\n<td width=\"969\">\n<p style=\"text-align: center;\"><strong>Laser-Epilation<\/strong><\/p>\n<\/td>\n<td width=\"266\">\n<p style=\"text-align: center;\"><strong>\u00a0\u00a0\u00a0\u00a0\u00a0\u00a0 <\/strong><strong>v<\/strong><strong>on<\/strong> <strong> 51-200 Rubel<\/strong><\/p>\n<p style=\"text-align: center;\"><strong>(21-83 \u20ac)<\/strong><\/p>\n<\/td>\n<\/tr>\n<\/tbody>\n<\/table>\n<p>Laser- und \u00a0Foto-Haarentfernung au\u00dfer dem Niedergang &#8220;der aktiven&#8221; Haarzwiebeln ruft die Abschw\u00e4chung &#8220;der Schlafenden herbei&#8221;. Durch 2-3 Sitzungen bemerkt der Patient nicht nur die Verkleinerung der Anzahl des Haares, sondern auch die Ver\u00e4nderung ihrer Farbe und der Struktur (das Haar wird feiner sein und ist heller). Die Energie des Lichtstroms erreicht jenes Niveau der Haut, wo sich die Haarzwiebeln befinden dringt weiter nicht durch, das hei\u00dft der subkutane Zellstoff, und werden die gelegenen tiefer Stoffe der Impulse nicht affiziert.<\/p>\n<table>\n<tbody>\n<tr>\n<td width=\"969\">\n<p style=\"text-align: center;\"><strong>Dermoskopie<\/strong><\/p>\n<\/td>\n<td width=\"266\">\n<p style=\"text-align: center;\"><strong>von 7,50-24 Rubel<\/strong><\/p>\n<p style=\"text-align: center;\"><strong>(10.03 \u20ac)<\/strong><\/p>\n<\/td>\n<\/tr>\n<\/tbody>\n<\/table>\n<p>Dermoskopie ist einzigartiges Verfahren zur ber\u00fchrungslosen Diagnostik, mit dem Sie die Art der Hautl\u00e4sionen zuverl\u00e4ssig bestimmen k\u00f6nnen. Die Besonderheit dieses Verfahrens ist, dass es Ihnen den Grad der Gefahr von irgendwelchen Tumoren in einem fr\u00fchen Stadium einstellen kann &#8211; fast unmittelbar nach dem Auftritt.<\/p>\n<table>\n<tbody>\n<tr>\n<td width=\"969\">\n<p style=\"text-align: center;\"><strong>Plazmolifting<\/strong><\/p>\n<\/td>\n<td width=\"266\">\n<p style=\"text-align: center;\"><strong>von 366 Rubel<\/strong><\/p>\n<p style=\"text-align: center;\"><strong>(152 \u20ac)<\/strong><\/p>\n<\/td>\n<\/tr>\n<\/tbody>\n<\/table>\n<p>Plazmolifting ist diese einzigartige Methode der nicht-chirurgische Gesichtsverj\u00fcngung, basierend auf der Verwendung des eigenen Plasmas des Patienten. Die Grundlage dieser Methode \u201eSelbstverj\u00fcngung\u201c -Effekt von pl\u00e4ttchenreichem Plasma (PRP) gelegt reduziert wird, was in den Problemzonen durch Injektion eingef\u00fchrt wird, und aktiviert den Betrieb von Bindegewebszellen. Als Ergebnis begann aufgrund der k\u00f6rpereigenen Reserven der biologischen Mechanismus der nat\u00fcrlichen Hautverj\u00fcngung ohne chirurgischen Eingriff und andere drastische Ma\u00dfnahmen.<\/p>\n<table>\n<tbody>\n<tr>\n<td width=\"969\">\n<p style=\"text-align: center;\"><strong>Peeling<\/strong><\/p>\n<\/td>\n<td width=\"266\">\n<p style=\"text-align: center;\"><strong>von 65 bis 110 Rubel<\/strong><\/p>\n<p style=\"text-align: center;\"><strong>(27-46 \u20ac)<\/strong><\/p>\n<\/td>\n<\/tr>\n<\/tbody>\n<\/table>\n<p>Das Wesen des Sch\u00e4lverfahren (aus dem Englischen &#8211; Reinigung, Peeling, Haut) besch\u00e4digt und Peeling bestimmter Schichten der Haut gesteuert, die durch eine betr\u00e4chtliche Intensivierung der Prozesse der Wiederherstellung und Erneuerung begleitet wird, und f\u00fchrt zu einer Verbesserung in der Aussehen und den Zustand der Haut. Als Ergebnis verbessert Exfoliation Hautton und Textur, es feucht und elastisch wird, werden Falten reduziert, d.h. Haut sieht frischer und j\u00fcnger.<\/p>\n<p>Neben Anti-Aging-Wirkung, sind Peelings f\u00fcr therapeutische Zwecke pritakih Erkrankungen wie Akne und ihre Folgen (vergr\u00f6\u00dferte Poren, Narben) verwendet, Hyperpigmentierung, Hyperkeratosen et al. Probleme, die in jungen Jahren auftreten k\u00f6nnen.<\/p>\n<table>\n<tbody>\n<tr>\n<td width=\"969\">\n<p style=\"text-align: center;\"><strong>Akne-Behandlung<\/strong><\/p>\n<\/td>\n<td width=\"266\">\n<p style=\"text-align: center;\"><strong>von 61 Rubel (25<\/strong> <strong>\u20ac)<\/strong><\/p>\n<\/td>\n<\/tr>\n<\/tbody>\n<\/table>\n<p>Diese neueste kontaktlos wirksame Methode zur Behandlung von Akne in der akuten Phase, die f\u00fcr eine minimale Zeit erm\u00f6glicht die entz\u00fcndlichen Ver\u00e4nderungen zu beseitigen. Ein weiterer Vorteil des Verfahrens ist:<\/p>\n<p>Hinweismeldungen Bildung von narbigen Ver\u00e4nderungen, stagnieren Flecke;<\/p>\n<p>-Korrektur Talgproduktion;<\/p>\n<p>-rassasyvanie subkutane Dichtungen;<\/p>\n<p>-profilaktika Auftreten neuer L\u00e4sionen.<\/p>\n<table>\n<tbody>\n<tr>\n<td width=\"969\">\n<p style=\"text-align: center;\"><strong>Trichologie<\/strong><\/p>\n<\/td>\n<td width=\"266\">\n<p style=\"text-align: center;\"><strong>von 72 Rubel<\/strong><\/p>\n<p style=\"text-align: center;\"><strong>(30 \u20ac)<\/strong><\/p>\n<\/td>\n<\/tr>\n<\/tbody>\n<\/table>\n<p>Trichology &#8211; ein schmaler Abschnitt f\u00fcr Dermatologie, wurde die Untersuchung der Struktur und das Haarwachstum, Krankheiten und deren Behandlung.<\/p>\n<p>Die Kliniken Trichology bis heute die modernsten Techniken der Haarbehandlung. F\u00fcr die korrekte Diagnose zur Verf\u00fcgung Profis sind die klassischen Labormethoden (mikroelementarny und biochemische Analyse der Zusammensetzung der Haare). Auch weit verbreitete Methoden mikrovideodiagnostiki verwendet, die \u00c4rzten erm\u00f6glichen, die meisten Krankheit und ihre Ursache zu finden.<\/p>\n<p>&nbsp;<\/p>\n<table width=\"100%\">\n<thead>\n<tr>\n<td><strong>Name der Institution<\/strong><\/td>\n<td><strong>Preis f\u00fcr Dienstleistungen<\/strong><\/td>\n<\/tr>\n<\/thead>\n<tbody>\n<tr>\n<td>Grodnoer regionales klinisches Krankenhaus<\/td>\n<td>von 71,98 Rubel (35,1 \u20ac)<\/td>\n<\/tr>\n<tr>\n<td>PMC &#8220;Medizinisches Zentrum der Sch\u00f6nheit und der Gesundheit&#8221;<\/td>\n<td>von 33,78 Rubel (16,6 \u20ac)<\/td>\n<\/tr>\n<\/tbody>\n<\/table>\n<p>[\/vc_column_text][\/vc_column][vc_column][\/vc_column][\/vc_row]<\/p>\n","protected":false},"excerpt":{"rendered":"[vc_row][vc_column][vc_column_text] Injektionen von Botulinumtoxin von 130 Rubel (55 \u20ac) Der Zweck der Injektion der Muskeln zu entspannen und die Bildung von feinen Linien auf dem Gesicht zu verhindern. Botulinumtoxin blockiert die Nervenimpulse, die Muskelkontraktion f\u00fchren. Als Ergebnis sind die Muskeln in einem entspannten Zustand f\u00fcr einen l\u00e4ngeren Zeitraum. Im Laufe der Zeit wird die Impulseinspritzung reduziert und die Wirkung reduziert wird. Injizierbare F\u00fcllstoffe von 460 Rubel (193 \u20ac) Injektions-Umrissplastik ist eine Technik, Korrektur von Falten, Volumenmodellierung Fl\u00e4chen durch Verabreichung von Zubereitungen auf der Basis der hochmolekularen Hyalurons\u00e4ure. Mit der d\u00fcnnsten Nadel unter der Haut an der Stelle, die Verj\u00fcngung Helium ben\u00f6tigt sind spezielle Substanzen &#8211; F\u00fcllstoffe. F\u00fcllstoffe hilft aufgrund der Bildung von zus\u00e4tzlichen Volumen im subkutanen Fett sichtbar Alters Probleme zu beseitigen. Laser und Photorejuvenation von 87-346 Rubel (36-144 \u20ac) Photorejuvenation. Spezielle D\u00fcse emittiert Licht durch getrennte Strahlen (Impulse) detektiert Chromophore (Anh\u00e4ufungen von Pigment in der Haut). Sie sind beheizt und zerst\u00f6rt. Neben der Zerst\u00f6rung des Pigments, beeinflussen Lichtwellen die Kollagen- und Elastinfasern: Licht Fibroblasten aktiviert, die beginnen, sich schnell zu teilen und neue Fasern sowie Molek\u00fcle der Hyalurons\u00e4ure zu erstellen. Wenn die Hautzellen von Bakterien enthalten, werden sie zerst\u00f6rt, die die Haut bei Akne zu verbessern hilft. Alles zusammen ergibt dies eine verj\u00fcngende Wirkung: Die Haut ist leichter, kleiner Gef\u00e4\u00dfe und R\u00f6tungen verschwinden, die Elastizit\u00e4t der Haut erh\u00f6ht sich, Falten gegl\u00e4ttet, wird die Farbe gleichm\u00e4\u00dfig und gesund, und deshalb sieht das Gesicht j\u00fcnger. Laser der Verj\u00fcngung. Dieses Verfahren und die Vorrichtung wird mit Hilfe eines Neodym-Laser durchgef\u00fchrt, die die tiefste Eindringen in die Haut dank einer Wellenl\u00e4nge von 1320 nm zur Verf\u00fcgung stellt. Der Verlauf der Laser Verj\u00fcngung des Gesichts und des K\u00f6rpers, in der Regel ist etwa drei bis vier Behandlungen, was bedeutet, dass Sie das Ergebnis von zweimal schneller als erhalten, wenn Sie die Methode der Verj\u00fcngung w\u00e4hlen. Der Hauptvorteil der Neodym-Verj\u00fcngung ist kumulative Wirkung projiziert: Ihre Haut wird w\u00e4hrend des ganzen Jahres und eine H\u00e4lfte aktualisiert. Laser-Epilation \u00a0\u00a0\u00a0\u00a0\u00a0\u00a0 von 51-200 Rubel (21-83 \u20ac) Laser- und \u00a0Foto-Haarentfernung au\u00dfer dem Niedergang &#8220;der aktiven&#8221; Haarzwiebeln ruft die Abschw\u00e4chung &#8220;der Schlafenden herbei&#8221;. Durch 2-3 Sitzungen bemerkt der Patient nicht nur die Verkleinerung der Anzahl des Haares, sondern auch die Ver\u00e4nderung ihrer Farbe und der Struktur (das Haar wird feiner sein und ist heller). Die Energie des Lichtstroms erreicht jenes Niveau der Haut, wo sich die Haarzwiebeln befinden dringt weiter nicht durch, das hei\u00dft der subkutane Zellstoff, und werden die gelegenen tiefer Stoffe der Impulse nicht affiziert. Dermoskopie von 7,50-24 Rubel (10.03 \u20ac) Dermoskopie ist einzigartiges Verfahren zur ber\u00fchrungslosen Diagnostik, mit dem Sie die Art der Hautl\u00e4sionen zuverl\u00e4ssig bestimmen k\u00f6nnen. Die Besonderheit dieses Verfahrens ist, dass es Ihnen den Grad der Gefahr von irgendwelchen Tumoren in einem fr\u00fchen Stadium einstellen kann &#8211; fast unmittelbar nach dem Auftritt. Plazmolifting von 366 Rubel (152 \u20ac) Plazmolifting ist diese einzigartige Methode der nicht-chirurgische Gesichtsverj\u00fcngung, basierend auf der Verwendung des eigenen Plasmas des Patienten. Die Grundlage dieser Methode \u201eSelbstverj\u00fcngung\u201c -Effekt von pl\u00e4ttchenreichem Plasma (PRP) gelegt reduziert wird, was in den Problemzonen durch Injektion eingef\u00fchrt wird, und aktiviert den Betrieb von Bindegewebszellen. Als Ergebnis begann aufgrund der k\u00f6rpereigenen Reserven der biologischen Mechanismus der nat\u00fcrlichen Hautverj\u00fcngung ohne chirurgischen Eingriff und andere drastische Ma\u00dfnahmen. Peeling von 65 bis 110 Rubel (27-46 \u20ac) Das Wesen des Sch\u00e4lverfahren (aus dem Englischen &#8211; Reinigung, Peeling, Haut) besch\u00e4digt und Peeling bestimmter Schichten der Haut gesteuert, die durch eine betr\u00e4chtliche Intensivierung der Prozesse der Wiederherstellung und Erneuerung begleitet wird, und f\u00fchrt zu einer Verbesserung in der Aussehen und den Zustand der Haut. Als Ergebnis verbessert Exfoliation Hautton und Textur, es feucht und elastisch wird, werden Falten reduziert, d.h. Haut sieht frischer und j\u00fcnger. Neben Anti-Aging-Wirkung, sind Peelings f\u00fcr therapeutische Zwecke pritakih Erkrankungen wie Akne und ihre Folgen (vergr\u00f6\u00dferte Poren, Narben) verwendet, Hyperpigmentierung, Hyperkeratosen et al. Probleme, die in jungen Jahren auftreten k\u00f6nnen. Akne-Behandlung von 61 Rubel (25 \u20ac) Diese neueste kontaktlos wirksame Methode zur Behandlung von Akne in der akuten Phase, die f\u00fcr eine minimale Zeit erm\u00f6glicht die entz\u00fcndlichen Ver\u00e4nderungen zu beseitigen. Ein weiterer Vorteil des Verfahrens ist: Hinweismeldungen Bildung von narbigen Ver\u00e4nderungen, stagnieren Flecke; -Korrektur Talgproduktion; -rassasyvanie subkutane Dichtungen; -profilaktika Auftreten neuer L\u00e4sionen. Trichologie von 72 Rubel (30 \u20ac) Trichology &#8211; ein schmaler Abschnitt f\u00fcr Dermatologie, wurde die Untersuchung der Struktur und das Haarwachstum, Krankheiten und deren Behandlung. Die Kliniken Trichology bis heute die modernsten Techniken der Haarbehandlung. F\u00fcr die korrekte Diagnose zur Verf\u00fcgung Profis sind die klassischen Labormethoden (mikroelementarny und biochemische Analyse der Zusammensetzung der Haare). Auch weit verbreitete Methoden mikrovideodiagnostiki verwendet, die \u00c4rzten erm\u00f6glichen, die meisten Krankheit und ihre Ursache zu finden. &nbsp; Name der Institution Preis f\u00fcr Dienstleistungen Grodnoer regionales klinisches Krankenhaus von 71,98 Rubel (35,1 \u20ac) PMC &#8220;Medizinisches Zentrum der Sch\u00f6nheit und der Gesundheit&#8221; von 33,78 Rubel (16,6 \u20ac) [\/vc_column_text][\/vc_column][vc_column][\/vc_column][\/vc_row]","protected":false},"author":1,"featured_media":0,"parent":3211,"menu_order":0,"comment_status":"closed","ping_status":"closed","template":"","meta":[],"_links":{"self":[{"href":"https:\/\/extur.by\/de\/wp-json\/wp\/v2\/pages\/3241\/"}],"collection":[{"href":"https:\/\/extur.by\/de\/wp-json\/wp\/v2\/pages\/"}],"about":[{"href":"https:\/\/extur.by\/de\/wp-json\/wp\/v2\/types\/page\/"}],"author":[{"embeddable":true,"href":"https:\/\/extur.by\/de\/wp-json\/wp\/v2\/users\/1\/"}],"replies":[{"embeddable":true,"href":"https:\/\/extur.by\/de\/wp-json\/wp\/v2\/comments\/?post=3241"}],"version-history":[{"count":6,"href":"https:\/\/extur.by\/de\/wp-json\/wp\/v2\/pages\/3241\/revisions\/"}],"predecessor-version":[{"id":3842,"href":"https:\/\/extur.by\/de\/wp-json\/wp\/v2\/pages\/3241\/revisions\/3842\/"}],"up":[{"embeddable":true,"href":"https:\/\/extur.by\/de\/wp-json\/wp\/v2\/pages\/3211\/"}],"wp:attachment":[{"href":"https:\/\/extur.by\/de\/wp-json\/wp\/v2\/media\/?parent=3241"}],"curies":[{"name":"wp","href":"https:\/\/api.w.org\/{rel}","templated":true}]}}