{"id":3239,"date":"2019-05-29T14:37:12","date_gmt":"2019-05-29T11:37:12","guid":{"rendered":"https:\/\/extur.by\/medizinischer-tourismus\/kardiokogie\/"},"modified":"2019-07-22T12:25:11","modified_gmt":"2019-07-22T09:25:11","slug":"kardiokogie","status":"publish","type":"page","link":"https:\/\/extur.by\/de\/medizinischer-tourismus\/kardiokogie\/","title":{"rendered":"Kardiologie"},"content":{"rendered":"<p>[vc_row lg_spacing=&#8221;margin_top:30&#8243; md_spacing=&#8221;margin_top:30&#8243;][vc_column][vc_column_text]<\/p>\n<table class=\"table table-condensed table-striped table-bordered table-hover\">\n<tbody>\n<tr>\n<td>\n<p style=\"text-align: center;\"><strong>Ultraschalldiagnostik<\/strong><\/p>\n<\/td>\n<td width=\"20%\"><strong>von 28-102 Rubel<\/strong>\n<p style=\"text-align: center;\"><strong>(11-42 \u20ac)<\/strong><\/p>\n<\/td>\n<\/tr>\n<tr>\n<td>Die Ultraschalldiagnostik bewertet die Umf\u00e4nge des Herzens und seine abgesonderten Strukturen (die Herzkammern, des Herzvorhofes, die Interkammerscheidewand, die Dicke des Herzmuskels der Herzkammern, der Herzvorh\u00f6fe und so weiter), das Vorhandensein und den Umfang der Fl\u00fcssigkeit im Perikardium \u2014 \u00abdem herzlichen Hemd\u00bb, den Zustand der Ventile des Herzens. Mit Hilfe der speziellen Berechnungen und der Messungen l\u00e4sst die Echokardiographie zu, die Masse des Herzens, die F\u00e4higkeit des Herzens zur \u00a0K\u00fcrzung \u2014 die Fraktion des Auswurfs und so weiter zu bestimmen. Es existieren die Sonden, die w\u00e4hrend der Operationen auf dem Herzen helfen auf die Arbeit der\u00a0 Mitralklappe zu folgen, das zwischen den Herzkammern und vom Herzvorh\u00f6fen gelegen ist.<\/td>\n<td><\/td>\n<\/tr>\n<tr>\n<td>\n<p style=\"text-align: center;\"><strong>Funktionsdiagnostik<\/strong><\/p>\n<\/td>\n<td><strong>von 21-145 Rubel\u00a0 <\/strong>\n<p style=\"text-align: center;\"><strong>(9-60 \u20ac)<\/strong><\/p>\n<\/td>\n<\/tr>\n<tr>\n<td>Funktionsdiagnostik ist Diagnoseabschnitt, Inhalte von denen objektive Beurteilung ist, Erkennung von Abweichungen und das Ausma\u00df der Verletzungen der Funktionen verschiedenen Organe und physiologischen Systemen basieren auf Messungen von physikalischen, chemischen oder anderen objektiven Indikatoren f\u00fcr ihre Aktivit\u00e4ten durch instrumentale oder Laborstudien etablieren.<\/td>\n<td><\/td>\n<\/tr>\n<tr>\n<td>\n<p style=\"text-align: center;\"><strong>Rentgenoehndovaskuljarnaja Chirurgie<\/strong><\/p>\n<\/td>\n<td><strong>von 958-6,164 Rubel<\/strong>\n<p style=\"text-align: center;\"><strong>(397-2 650 \u20ac)<\/strong><\/p>\n<\/td>\n<\/tr>\n<tr>\n<td>Rentgenoehndovaskuljarnaja Chirurgie ist ein Satz von katheterintravaskul\u00e4ren diagnostischen und therapeutischen Verfahren unter Kontrolle R\u00f6ntgendurchgef\u00fchrt.<\/td>\n<td><\/td>\n<\/tr>\n<tr>\n<td>Endovaskul\u00e4re Embolisation basiert auf der Einf\u00fchrung eines Katheters in ein Gef\u00e4\u00df aus einem beliebigen Material (Embolus), zeitweise oder dauerhaft okklusiven Gef\u00e4\u00dflumen. Dieses Verfahren wird verwendet, Tumoren k\u00fcnstliche Isch\u00e4mie, f\u00fcr die funktionelle off Organ sowie f\u00fcr die Beseitigung von Aneurysmen und arterioven\u00f6se Fisteln um Blutungen zu stoppen. autotkani (Blutgerinnsel, Muskeln, Fettgewebe), aus Glas, Kunststoff, Metalle: Verschiedene Materialien werden als Embolien verwendet.<\/td>\n<td><\/td>\n<\/tr>\n<tr>\n<td>\n<p style=\"text-align: center;\"><strong>Physiotherapie. Strom- und Lichttherapie<\/strong><\/p>\n<\/td>\n<td><strong>von 4-13 Rubel<\/strong>\n<p style=\"text-align: center;\"><strong>(2-5 \u20ac)<\/strong><\/p>\n<\/td>\n<\/tr>\n<tr>\n<td><strong>Physiotherapie<\/strong> &#8211; Dienstleistungen, die von Physiotherapeuten f\u00fcr Patienten, um zu f\u00f6rdern, zu erhalten und maximale Freiheit von K\u00f6rperbewegungen und Funktionalit\u00e4t f\u00fcr das Leben zur Verf\u00fcgung gestellt wiederherzustellen.\n<p><strong>Elektrotherapie<\/strong> &#8211; Behandlung mit Exposition gegen\u00fcber dem Patienten ein elektrischer Strom oder elektromagnetischen Feld. Da viele physiologische Prozesse (beispielsweise \u00dcbertragung von Nervenimpulsen, die \u00dcbertragung von Substanzen durch die Zellmembran) mit dem Auftreten einer Potentialdifferenz oder elektrischen Strom, elektromagnetischen Feldes verbunden sind, und ein elektrischer Strom aufweisen kann, abh\u00e4ngig von der St\u00e4rke und Frequenz, vielf\u00e4ltige Wirkungen auf den einzelnen Organen. <strong>Fototherapie<\/strong> &#8211; Anwendung zu therapeutischen oder prophylaktischen Zwecken der infraroten, sichtbaren und UV-Licht aus k\u00fcnstlichen Quellen.<\/p><\/td>\n<td><\/td>\n<\/tr>\n<tr>\n<td>\n<p style=\"text-align: center;\"><strong>Herzchirurgie<\/strong><\/p>\n<\/td>\n<td><strong>\u00a0<\/strong><\/td>\n<\/tr>\n<tr>\n<td>\n<p style=\"text-align: center;\"><strong>Endoskopische Untersuchungen<\/strong><\/p>\n<\/td>\n<td><strong>von 153 Rubel <\/strong>\n<p style=\"text-align: center;\"><strong>(64 \u20ac)<\/strong><\/p>\n<\/td>\n<\/tr>\n<tr>\n<td>Endoskopie ist ein Weg, der einige der inneren Organe mit einem Endoskop betrachtet. Bei der Endoskopie Endoskope in den Hohlraum durch die nat\u00fcrliche Art und Weise eingebracht. Derzeit sind endoskopische Methoden sowohl f\u00fcr die Diagnose und Behandlung verschiedener Krankheiten eingesetzt. Moderne Endoskopie spielt eine wichtige Rolle in fr\u00fche Stadien vielen Krankheiten zu identifizieren, insbesondere &#8211; von Krebs.<\/td>\n<td><strong>\u00a0<\/strong><\/td>\n<\/tr>\n<\/tbody>\n<\/table>\n<p>[\/vc_column_text][\/vc_column][\/vc_row][vc_row][vc_column][vc_column_text]<\/p>\n<table width=\"100%\">\n<thead>\n<tr>\n<td><strong>Name der Institution<\/strong><\/td>\n<td><strong>Preis der\u00a0 Dienstleistungen<\/strong><\/td>\n<\/tr>\n<\/thead>\n<tbody>\n<tr>\n<td>Grodnoer regional- klinisches Kardiologizentrum<\/td>\n<td>von 71,28 Rubel (34,8 \u20ac)<\/td>\n<\/tr>\n<tr>\n<td>Grodnoer regionales klinisches Krankenhaus<\/td>\n<td>von 29,08 Rubel (14,2 \u20ac)<\/td>\n<\/tr>\n<tr>\n<td>St\u00e4dtische Poliklinik \u21163 von Grodno<\/td>\n<td>von 39,02 Rubel (19,0 \u20ac)<\/td>\n<\/tr>\n<tr>\n<td>St\u00e4dtische Poliklinik \u21162 von Grodno<\/td>\n<td>von 68,93 Rubel (33,6 \u20ac)<\/td>\n<\/tr>\n<\/tbody>\n<\/table>\n<p>[\/vc_column_text][\/vc_column][\/vc_row]<\/p>\n","protected":false},"excerpt":{"rendered":"[vc_row lg_spacing=&#8221;margin_top:30&#8243; md_spacing=&#8221;margin_top:30&#8243;][vc_column][vc_column_text] Ultraschalldiagnostik von 28-102 Rubel (11-42 \u20ac) Die Ultraschalldiagnostik bewertet die Umf\u00e4nge des Herzens und seine abgesonderten Strukturen (die Herzkammern, des Herzvorhofes, die Interkammerscheidewand, die Dicke des Herzmuskels der Herzkammern, der Herzvorh\u00f6fe und so weiter), das Vorhandensein und den Umfang der Fl\u00fcssigkeit im Perikardium \u2014 \u00abdem herzlichen Hemd\u00bb, den Zustand der Ventile des Herzens. Mit Hilfe der speziellen Berechnungen und der Messungen l\u00e4sst die Echokardiographie zu, die Masse des Herzens, die F\u00e4higkeit des Herzens zur \u00a0K\u00fcrzung \u2014 die Fraktion des Auswurfs und so weiter zu bestimmen. Es existieren die Sonden, die w\u00e4hrend der Operationen auf dem Herzen helfen auf die Arbeit der\u00a0 Mitralklappe zu folgen, das zwischen den Herzkammern und vom Herzvorh\u00f6fen gelegen ist. Funktionsdiagnostik von 21-145 Rubel\u00a0 (9-60 \u20ac) Funktionsdiagnostik ist Diagnoseabschnitt, Inhalte von denen objektive Beurteilung ist, Erkennung von Abweichungen und das Ausma\u00df der Verletzungen der Funktionen verschiedenen Organe und physiologischen Systemen basieren auf Messungen von physikalischen, chemischen oder anderen objektiven Indikatoren f\u00fcr ihre Aktivit\u00e4ten durch instrumentale oder Laborstudien etablieren. Rentgenoehndovaskuljarnaja Chirurgie von 958-6,164 Rubel (397-2 650 \u20ac) Rentgenoehndovaskuljarnaja Chirurgie ist ein Satz von katheterintravaskul\u00e4ren diagnostischen und therapeutischen Verfahren unter Kontrolle R\u00f6ntgendurchgef\u00fchrt. Endovaskul\u00e4re Embolisation basiert auf der Einf\u00fchrung eines Katheters in ein Gef\u00e4\u00df aus einem beliebigen Material (Embolus), zeitweise oder dauerhaft okklusiven Gef\u00e4\u00dflumen. Dieses Verfahren wird verwendet, Tumoren k\u00fcnstliche Isch\u00e4mie, f\u00fcr die funktionelle off Organ sowie f\u00fcr die Beseitigung von Aneurysmen und arterioven\u00f6se Fisteln um Blutungen zu stoppen. autotkani (Blutgerinnsel, Muskeln, Fettgewebe), aus Glas, Kunststoff, Metalle: Verschiedene Materialien werden als Embolien verwendet. Physiotherapie. Strom- und Lichttherapie von 4-13 Rubel (2-5 \u20ac) Physiotherapie &#8211; Dienstleistungen, die von Physiotherapeuten f\u00fcr Patienten, um zu f\u00f6rdern, zu erhalten und maximale Freiheit von K\u00f6rperbewegungen und Funktionalit\u00e4t f\u00fcr das Leben zur Verf\u00fcgung gestellt wiederherzustellen. Elektrotherapie &#8211; Behandlung mit Exposition gegen\u00fcber dem Patienten ein elektrischer Strom oder elektromagnetischen Feld. Da viele physiologische Prozesse (beispielsweise \u00dcbertragung von Nervenimpulsen, die \u00dcbertragung von Substanzen durch die Zellmembran) mit dem Auftreten einer Potentialdifferenz oder elektrischen Strom, elektromagnetischen Feldes verbunden sind, und ein elektrischer Strom aufweisen kann, abh\u00e4ngig von der St\u00e4rke und Frequenz, vielf\u00e4ltige Wirkungen auf den einzelnen Organen. Fototherapie &#8211; Anwendung zu therapeutischen oder prophylaktischen Zwecken der infraroten, sichtbaren und UV-Licht aus k\u00fcnstlichen Quellen. Herzchirurgie \u00a0 Endoskopische Untersuchungen von 153 Rubel (64 \u20ac) Endoskopie ist ein Weg, der einige der inneren Organe mit einem Endoskop betrachtet. Bei der Endoskopie Endoskope in den Hohlraum durch die nat\u00fcrliche Art und Weise eingebracht. Derzeit sind endoskopische Methoden sowohl f\u00fcr die Diagnose und Behandlung verschiedener Krankheiten eingesetzt. Moderne Endoskopie spielt eine wichtige Rolle in fr\u00fche Stadien vielen Krankheiten zu identifizieren, insbesondere &#8211; von Krebs. \u00a0 [\/vc_column_text][\/vc_column][\/vc_row][vc_row][vc_column][vc_column_text] Name der Institution Preis der\u00a0 Dienstleistungen Grodnoer regional- klinisches Kardiologizentrum von 71,28 Rubel (34,8 \u20ac) Grodnoer regionales klinisches Krankenhaus von 29,08 Rubel (14,2 \u20ac) St\u00e4dtische Poliklinik \u21163 von Grodno von 39,02 Rubel (19,0 \u20ac) St\u00e4dtische Poliklinik \u21162 von Grodno von 68,93 Rubel (33,6 \u20ac) [\/vc_column_text][\/vc_column][\/vc_row]","protected":false},"author":1,"featured_media":0,"parent":3211,"menu_order":0,"comment_status":"closed","ping_status":"closed","template":"","meta":[],"_links":{"self":[{"href":"https:\/\/extur.by\/de\/wp-json\/wp\/v2\/pages\/3239\/"}],"collection":[{"href":"https:\/\/extur.by\/de\/wp-json\/wp\/v2\/pages\/"}],"about":[{"href":"https:\/\/extur.by\/de\/wp-json\/wp\/v2\/types\/page\/"}],"author":[{"embeddable":true,"href":"https:\/\/extur.by\/de\/wp-json\/wp\/v2\/users\/1\/"}],"replies":[{"embeddable":true,"href":"https:\/\/extur.by\/de\/wp-json\/wp\/v2\/comments\/?post=3239"}],"version-history":[{"count":8,"href":"https:\/\/extur.by\/de\/wp-json\/wp\/v2\/pages\/3239\/revisions\/"}],"predecessor-version":[{"id":3838,"href":"https:\/\/extur.by\/de\/wp-json\/wp\/v2\/pages\/3239\/revisions\/3838\/"}],"up":[{"embeddable":true,"href":"https:\/\/extur.by\/de\/wp-json\/wp\/v2\/pages\/3211\/"}],"wp:attachment":[{"href":"https:\/\/extur.by\/de\/wp-json\/wp\/v2\/media\/?parent=3239"}],"curies":[{"name":"wp","href":"https:\/\/api.w.org\/{rel}","templated":true}]}}