{"id":3237,"date":"2019-05-29T14:36:19","date_gmt":"2019-05-29T11:36:19","guid":{"rendered":"https:\/\/extur.by\/medizinischer-tourismus\/gynakologie\/"},"modified":"2019-07-19T17:00:41","modified_gmt":"2019-07-19T14:00:41","slug":"gynakologie","status":"publish","type":"page","link":"https:\/\/extur.by\/de\/medizinischer-tourismus\/gynakologie\/","title":{"rendered":"Gyn\u00e4kologie"},"content":{"rendered":"<p>[vc_row][vc_column][vc_empty_space][vc_column_text]<\/p>\n<table>\n<tbody>\n<tr>\n<td width=\"554\"><strong>Physiologische<\/strong><strong>r<\/strong> <strong>Geburt<\/strong><strong> mit Periduralan\u00e4sthesie<\/strong><\/td>\n<td width=\"153\"><strong>von <\/strong><strong>2 479 Rubel<\/strong>\n<p><strong>(1<\/strong> <strong>038 \u20ac)<\/strong><\/p><\/td>\n<\/tr>\n<tr>\n<td width=\"554\">Periduralan\u00e4sthesie w\u00e4hrend der Geburt wird zur Lokalan\u00e4sthesie eingesetzt. Periduralan\u00e4sthesie gilt als sichere, sehr effektive und \u00a0einfache Methode in der Anwendung. Mit Hilfe dieser Methode kann die Frau eine gl\u00fcckliche Mutter werden, ohne Geburtschmerzen.<\/td>\n<td width=\"153\"><\/td>\n<\/tr>\n<tr>\n<td width=\"554\">\u00c4rzte empfehlen eine PDA w\u00e4hrend der Geburt. Viele Frauen w\u00e4hlen dieser Methode,weil sie den Schmerz nicht ertragen wollen Dar\u00fcber hinaus f\u00fcr einige Frauen, die durch eine l\u00e4ngere Zeit der Geburt ersch\u00f6pft, ist Periduralan\u00e4sthesie eine echte Erl\u00f6sung: Geb\u00e4rmutterhals \u00f6ffnet sich und Geburt passiert auf magische Weise sehr leicht und zwar schnell.<\/td>\n<td width=\"153\"><\/td>\n<\/tr>\n<tr>\n<td width=\"554\"><strong>Kaiserschnitt<\/strong><\/td>\n<td width=\"153\"><strong>von 2<\/strong> <strong>615 Rubel<\/strong>\n<p><strong>(1<\/strong> <strong>086 \u20ac)<\/strong><\/p><\/td>\n<\/tr>\n<tr>\n<td width=\"554\">Kaiserschnitt ist Bauchchirurgie, in der die Bauchwand geschnitten wird, um die Geb\u00e4rmutter und ein Baby zu extrahieren. Es wird unter Periduralan\u00e4sthesie durchgef\u00fchrt, die teilweisen Verlust der Empfindung des unteren K\u00f6rpers bei schwangerer Frau zur Verf\u00fcgung stellt. Diese An\u00e4sthesie lindert effektiv Schmerzen, und \u00fcber den W\u00f6rtern der \u00c4rzte, das Kind wird nicht leiden.<\/td>\n<td width=\"153\"><\/td>\n<\/tr>\n<tr>\n<td width=\"554\">Bei modernen Entwicklungstechnologien nach der Operation sind kaum sp\u00fcrbare kosmetische Narben. Und es ist besser, als die L\u00fccken und N\u00e4hte, die nach der normalen Geburt auftreten. Dar\u00fcber hinaus wird der Zustand der \u00e4u\u00dferen Genitalien nicht gebrochen ist, ist die Vagina schmal.<\/td>\n<td width=\"153\"><\/td>\n<\/tr>\n<tr>\n<td width=\"554\"><strong>Gy<\/strong><strong>n\u00e4kologische Chirurgie<\/strong><\/td>\n<td width=\"153\"><strong>von 170 bis 1<\/strong> <strong>604 Rubel<\/strong>\n<p><strong>(71-666 \u20ac)<\/strong><\/p><\/td>\n<\/tr>\n<tr>\n<td width=\"554\">Gyn\u00e4kologische Operationen werden in zwei Gruppen unterteilt: kleine und gro\u00dfe Volumen.<\/td>\n<td width=\"153\"><\/td>\n<\/tr>\n<tr>\n<td width=\"554\">Bei kleinen gyn\u00e4kologischen Operationen umfassen: Biopsie des Geb\u00e4rmutterhals, Sondierung des Geb\u00e4rmutterhals, Polypektomie, Abkratzen der Geb\u00e4rmutterschleimhaut, usw.\n<p><strong>Biopsie des Geb\u00e4rmutterhals<\/strong> ist Diagnoseverfahren, das Wesen darin besteht, in die Deletion der Probe von Geb\u00e4rmutterhalsgewebe f\u00fcr die weitere Untersuchung im Labor f\u00fcr das Vorhandensein irgendwelcher \u00c4nderungen (Abnormit\u00e4ten, Pr\u00e4kanzerosen, Krebs).<\/p>\n<p><strong>Sondierung des Geb\u00e4rmutterhals <\/strong>verwenden vorzugsweise zum diagnostischen Ziel, um die Durchg\u00e4ngigkeit des Zervikalkanals, Geb\u00e4rmutterh\u00f6hle und die L\u00e4nge seiner Richtung, \u00a0die Anwesenheit von Verengungen in dem Zervikalkanal, Geb\u00e4rmutterh\u00f6hleform und ihre Position, die Anwesenheit und Lage submuk\u00f6se Geschwulst, Zweibeinigkeit der Geb\u00e4rmutteruterines oder Septum in seinem Hohlraum zu bestimmen.<\/p>\n<p><strong>Polypektomie<\/strong> ist chirurgische Manipulation, die die Entfernung der Tumoren, die aus der oberen Schicht des Endometriums besteht, hat. Der Zweck der Operation ist die Verdickung der Schleimhaut oder zur Bestimmung Polyp auf Oberfl\u00e4che. Vor der Ernennung von Polypektomie f\u00fchrt man eine vollst\u00e4ndige Diagnose des Patienten durch und im Laufe der Operation ber\u00fccksichtigt man die individuellen Merkmale des weiblichen K\u00f6rpers.<\/p>\n<p><strong>Abkratzen der Geb\u00e4rmutterschleimhaut <\/strong>klassifiziert als Operation, um den K\u00f6rper der Geb\u00e4rmutterschleimhaut und Zervikalkanal zu entfernen. Abkratzen in der medizinischen Praxis verwendet in beiden diagnostischen und therapeutischen Zwecken. Zum Beispiel, uterine Blutungen, Polypen der H\u00f6hle und des Nackens der Geb\u00e4rmutter und so weiter. Abkratzen wird nach der erzwungenen Unterbrechung der Schwangerschaft bei den Fristen bis zu 12 Wochen durchgef\u00fchrt. Abkratzen ernennt nach der erzwungenen Unterbrechung der Schwangerschaft auf den sp\u00e4ten Fristen und in die Periode nach der Geburt, bei der unvollst\u00e4ndigen Fehlgeburt. Beim Verzug der Plazenta in der Geb\u00e4rmutterh\u00f6hle, die eine Ursache f\u00fcr uterine Blutung ist.<\/p>\n<p>&nbsp;<\/p><\/td>\n<td width=\"153\"><\/td>\n<\/tr>\n<tr>\n<td width=\"554\"><strong>K<\/strong><strong>osmetische Gyn\u00e4kologie<\/strong><\/td>\n<td width=\"153\"><strong>von 428 bis 2<\/strong> <strong>224 Rubel<\/strong>\n<p><strong>(178-923 \u20ac)<\/strong><\/p><\/td>\n<\/tr>\n<tr>\n<td width=\"554\">\u00c4sthetische Gyn\u00e4kologie kann ein breites Spektrum von Problemen l\u00f6sen, die eine Frau auftreten k\u00f6nnen. Dies vor allem altersbedingte Ver\u00e4nderungen und deren Folgen, zum Beispiel, Unterern\u00e4hrung der gro\u00dfen Schamlippen, Volumenverlust in diesem Bereich, Asymmetrie. W\u00e4hrend der Menopause kann eine Frau erh\u00f6htes Dyskomfort aufgrund der Trockenheit in der Scheide und Jucken f\u00fchlen. \u00c4sthetische Behandlungen erm\u00f6glichen es Ihnen schnell und effektiv auf diese und viele Probleme auf ambulanter Basis oder im B\u00fcro eines Gyn\u00e4kologen zu l\u00f6sen.<\/td>\n<td width=\"153\"><\/td>\n<\/tr>\n<tr>\n<td width=\"554\">Alle Prozeduren in der \u00e4sthetischen Gyn\u00e4kologie werden unter \u00f6rtlicher Bet\u00e4ubung durchgef\u00fchrt und dauern 30 &#8211; 60 Minuten. \u00c4sthetische Gyn\u00e4kologie umfasst nicht-chirurgische injizierbaren Behandlungen.<\/td>\n<td width=\"153\"><\/td>\n<\/tr>\n<tr>\n<td width=\"554\"><strong>Eine Studie der m\u00e4nnlichen Fruchtbarkeit<\/strong><\/td>\n<td width=\"153\"><strong>von 15-287 Rubel<\/strong>\n<p><strong>(6-119 \u20ac)<\/strong><\/p><\/td>\n<\/tr>\n<tr>\n<td width=\"554\">M\u00e4nnliche Fruchtbarkeit ist die F\u00e4higkeit der Menschen tragf\u00e4hige Nachkommen hinterzulassen. Fruchtbarkeit bestimmt die F\u00e4higkeit, ein Kind zu empfangen und keine abweichenden Werte unvereinbar mit dem Leben hat.<\/td>\n<td width=\"153\"><\/td>\n<\/tr>\n<tr>\n<td width=\"554\">Durch die Verletzung der m\u00e4nnlichen Fertilit\u00e4t ist verminderte F\u00e4higkeit zur Nachkommen. In Abh\u00e4ngigkeit von den erzielten Ergebnissen eine vollst\u00e4ndige Untersuchung des K\u00f6rpers und identifizierten Ursachen der Beeintr\u00e4chtigung der Fruchtbarkeit unterscheidet man tempor\u00e4re (reversibel) und permanente (irreversibel) Verringerung der Fruchtbarkeit.\n<p>&nbsp;<\/p><\/td>\n<td width=\"153\"><\/td>\n<\/tr>\n<\/tbody>\n<\/table>\n<p>[\/vc_column_text][\/vc_column][\/vc_row][vc_row][vc_column][vc_column_text]<\/p>\n<table class=\"table table-condensed table-striped table-bordered table-hover\">\n<thead>\n<tr>\n<td><strong>Name der Institution <\/strong><\/td>\n<td><strong>Preis der Dienstleistungen<\/strong><\/td>\n<\/tr>\n<\/thead>\n<tbody>\n<tr>\n<td>Beratendes Professorzentrum \u00abGrodnoer staatliche medizinische Universit\u00e4t\u00bb<\/td>\n<td>von 3,51 Rubel (1,7 \u20ac)<\/td>\n<\/tr>\n<tr>\n<td>Kinderklinik \u21161 von Grodno<\/td>\n<td>von10,75 Rubel (5,2 \u20ac)<\/td>\n<\/tr>\n<tr>\n<td>Grodnoer zentral-st\u00e4dtische Poliklinik<\/td>\n<td>von 2,69 Rubel (1,3 \u20ac)<\/td>\n<\/tr>\n<tr>\n<td>St\u00e4dtische Poliklinik \u21166 von Grodno<\/td>\n<td>von 2,39 Rubel (1,2 \u20ac)<\/td>\n<\/tr>\n<tr>\n<td>St\u00e4dtische Poliklinik \u21165 von Grodno<\/td>\n<td>von 2,80 Rubel (1,4 \u20ac)<\/td>\n<\/tr>\n<tr>\n<td>St\u00e4dtische Poliklinik \u21164 von Grodno<\/td>\n<td>von 2,81 Rubel. (1,4 \u20ac)<\/td>\n<\/tr>\n<tr>\n<td>St\u00e4dtische Poliklinik \u21163 von Grodno<\/td>\n<td>von 22,36 Rubel (10,9 \u20ac)<\/td>\n<\/tr>\n<tr>\n<td>St\u00e4dtische Poliklinik \u21161 von Grodno<\/td>\n<td>von 10,63 Rubel (5,2 \u20ac)<\/td>\n<\/tr>\n<tr>\n<td>Grodnoer regional-klinisches Perinatalzentrum<\/td>\n<td>von 13,74 Rubel (6\u20ac)<\/td>\n<\/tr>\n<tr>\n<td>St\u00e4dtisch-klinisches Krankenhaus \u21164 von Grodno<\/td>\n<td>von 2,94 Rubel (1,4 \u20ac)<\/td>\n<\/tr>\n<tr>\n<td>St\u00e4dtisch-klinisches Krankenhaus der schnellen \u00e4rztlichen Betreuung von Grodno<\/td>\n<td>von 3,78 Rubel (1,8 \u20ac)<\/td>\n<\/tr>\n<\/tbody>\n<\/table>\n<p>[\/vc_column_text][\/vc_column][\/vc_row]<\/p>\n","protected":false},"excerpt":{"rendered":"[vc_row][vc_column][vc_empty_space][vc_column_text] Physiologischer Geburt mit Periduralan\u00e4sthesie von 2 479 Rubel (1 038 \u20ac) Periduralan\u00e4sthesie w\u00e4hrend der Geburt wird zur Lokalan\u00e4sthesie eingesetzt. Periduralan\u00e4sthesie gilt als sichere, sehr effektive und \u00a0einfache Methode in der Anwendung. Mit Hilfe dieser Methode kann die Frau eine gl\u00fcckliche Mutter werden, ohne Geburtschmerzen. \u00c4rzte empfehlen eine PDA w\u00e4hrend der Geburt. Viele Frauen w\u00e4hlen dieser Methode,weil sie den Schmerz nicht ertragen wollen Dar\u00fcber hinaus f\u00fcr einige Frauen, die durch eine l\u00e4ngere Zeit der Geburt ersch\u00f6pft, ist Periduralan\u00e4sthesie eine echte Erl\u00f6sung: Geb\u00e4rmutterhals \u00f6ffnet sich und Geburt passiert auf magische Weise sehr leicht und zwar schnell. Kaiserschnitt von 2 615 Rubel (1 086 \u20ac) Kaiserschnitt ist Bauchchirurgie, in der die Bauchwand geschnitten wird, um die Geb\u00e4rmutter und ein Baby zu extrahieren. Es wird unter Periduralan\u00e4sthesie durchgef\u00fchrt, die teilweisen Verlust der Empfindung des unteren K\u00f6rpers bei schwangerer Frau zur Verf\u00fcgung stellt. Diese An\u00e4sthesie lindert effektiv Schmerzen, und \u00fcber den W\u00f6rtern der \u00c4rzte, das Kind wird nicht leiden. Bei modernen Entwicklungstechnologien nach der Operation sind kaum sp\u00fcrbare kosmetische Narben. Und es ist besser, als die L\u00fccken und N\u00e4hte, die nach der normalen Geburt auftreten. Dar\u00fcber hinaus wird der Zustand der \u00e4u\u00dferen Genitalien nicht gebrochen ist, ist die Vagina schmal. Gyn\u00e4kologische Chirurgie von 170 bis 1 604 Rubel (71-666 \u20ac) Gyn\u00e4kologische Operationen werden in zwei Gruppen unterteilt: kleine und gro\u00dfe Volumen. Bei kleinen gyn\u00e4kologischen Operationen umfassen: Biopsie des Geb\u00e4rmutterhals, Sondierung des Geb\u00e4rmutterhals, Polypektomie, Abkratzen der Geb\u00e4rmutterschleimhaut, usw. Biopsie des Geb\u00e4rmutterhals ist Diagnoseverfahren, das Wesen darin besteht, in die Deletion der Probe von Geb\u00e4rmutterhalsgewebe f\u00fcr die weitere Untersuchung im Labor f\u00fcr das Vorhandensein irgendwelcher \u00c4nderungen (Abnormit\u00e4ten, Pr\u00e4kanzerosen, Krebs). Sondierung des Geb\u00e4rmutterhals verwenden vorzugsweise zum diagnostischen Ziel, um die Durchg\u00e4ngigkeit des Zervikalkanals, Geb\u00e4rmutterh\u00f6hle und die L\u00e4nge seiner Richtung, \u00a0die Anwesenheit von Verengungen in dem Zervikalkanal, Geb\u00e4rmutterh\u00f6hleform und ihre Position, die Anwesenheit und Lage submuk\u00f6se Geschwulst, Zweibeinigkeit der Geb\u00e4rmutteruterines oder Septum in seinem Hohlraum zu bestimmen. Polypektomie ist chirurgische Manipulation, die die Entfernung der Tumoren, die aus der oberen Schicht des Endometriums besteht, hat. Der Zweck der Operation ist die Verdickung der Schleimhaut oder zur Bestimmung Polyp auf Oberfl\u00e4che. Vor der Ernennung von Polypektomie f\u00fchrt man eine vollst\u00e4ndige Diagnose des Patienten durch und im Laufe der Operation ber\u00fccksichtigt man die individuellen Merkmale des weiblichen K\u00f6rpers. Abkratzen der Geb\u00e4rmutterschleimhaut klassifiziert als Operation, um den K\u00f6rper der Geb\u00e4rmutterschleimhaut und Zervikalkanal zu entfernen. Abkratzen in der medizinischen Praxis verwendet in beiden diagnostischen und therapeutischen Zwecken. Zum Beispiel, uterine Blutungen, Polypen der H\u00f6hle und des Nackens der Geb\u00e4rmutter und so weiter. Abkratzen wird nach der erzwungenen Unterbrechung der Schwangerschaft bei den Fristen bis zu 12 Wochen durchgef\u00fchrt. Abkratzen ernennt nach der erzwungenen Unterbrechung der Schwangerschaft auf den sp\u00e4ten Fristen und in die Periode nach der Geburt, bei der unvollst\u00e4ndigen Fehlgeburt. Beim Verzug der Plazenta in der Geb\u00e4rmutterh\u00f6hle, die eine Ursache f\u00fcr uterine Blutung ist. &nbsp; Kosmetische Gyn\u00e4kologie von 428 bis 2 224 Rubel (178-923 \u20ac) \u00c4sthetische Gyn\u00e4kologie kann ein breites Spektrum von Problemen l\u00f6sen, die eine Frau auftreten k\u00f6nnen. Dies vor allem altersbedingte Ver\u00e4nderungen und deren Folgen, zum Beispiel, Unterern\u00e4hrung der gro\u00dfen Schamlippen, Volumenverlust in diesem Bereich, Asymmetrie. W\u00e4hrend der Menopause kann eine Frau erh\u00f6htes Dyskomfort aufgrund der Trockenheit in der Scheide und Jucken f\u00fchlen. \u00c4sthetische Behandlungen erm\u00f6glichen es Ihnen schnell und effektiv auf diese und viele Probleme auf ambulanter Basis oder im B\u00fcro eines Gyn\u00e4kologen zu l\u00f6sen. Alle Prozeduren in der \u00e4sthetischen Gyn\u00e4kologie werden unter \u00f6rtlicher Bet\u00e4ubung durchgef\u00fchrt und dauern 30 &#8211; 60 Minuten. \u00c4sthetische Gyn\u00e4kologie umfasst nicht-chirurgische injizierbaren Behandlungen. Eine Studie der m\u00e4nnlichen Fruchtbarkeit von 15-287 Rubel (6-119 \u20ac) M\u00e4nnliche Fruchtbarkeit ist die F\u00e4higkeit der Menschen tragf\u00e4hige Nachkommen hinterzulassen. Fruchtbarkeit bestimmt die F\u00e4higkeit, ein Kind zu empfangen und keine abweichenden Werte unvereinbar mit dem Leben hat. Durch die Verletzung der m\u00e4nnlichen Fertilit\u00e4t ist verminderte F\u00e4higkeit zur Nachkommen. In Abh\u00e4ngigkeit von den erzielten Ergebnissen eine vollst\u00e4ndige Untersuchung des K\u00f6rpers und identifizierten Ursachen der Beeintr\u00e4chtigung der Fruchtbarkeit unterscheidet man tempor\u00e4re (reversibel) und permanente (irreversibel) Verringerung der Fruchtbarkeit. &nbsp; [\/vc_column_text][\/vc_column][\/vc_row][vc_row][vc_column][vc_column_text] Name der Institution Preis der Dienstleistungen Beratendes Professorzentrum \u00abGrodnoer staatliche medizinische Universit\u00e4t\u00bb von 3,51 Rubel (1,7 \u20ac) Kinderklinik \u21161 von Grodno von10,75 Rubel (5,2 \u20ac) Grodnoer zentral-st\u00e4dtische Poliklinik von 2,69 Rubel (1,3 \u20ac) St\u00e4dtische Poliklinik \u21166 von Grodno von 2,39 Rubel (1,2 \u20ac) St\u00e4dtische Poliklinik \u21165 von Grodno von 2,80 Rubel (1,4 \u20ac) St\u00e4dtische Poliklinik \u21164 von Grodno von 2,81 Rubel. (1,4 \u20ac) St\u00e4dtische Poliklinik \u21163 von Grodno von 22,36 Rubel (10,9 \u20ac) St\u00e4dtische Poliklinik \u21161 von Grodno von 10,63 Rubel (5,2 \u20ac) Grodnoer regional-klinisches Perinatalzentrum von 13,74 Rubel (6\u20ac) St\u00e4dtisch-klinisches Krankenhaus \u21164 von Grodno von 2,94 Rubel (1,4 \u20ac) St\u00e4dtisch-klinisches Krankenhaus der schnellen \u00e4rztlichen Betreuung von Grodno von 3,78 Rubel (1,8 \u20ac) [\/vc_column_text][\/vc_column][\/vc_row]","protected":false},"author":1,"featured_media":0,"parent":3211,"menu_order":0,"comment_status":"closed","ping_status":"closed","template":"","meta":[],"_links":{"self":[{"href":"https:\/\/extur.by\/de\/wp-json\/wp\/v2\/pages\/3237\/"}],"collection":[{"href":"https:\/\/extur.by\/de\/wp-json\/wp\/v2\/pages\/"}],"about":[{"href":"https:\/\/extur.by\/de\/wp-json\/wp\/v2\/types\/page\/"}],"author":[{"embeddable":true,"href":"https:\/\/extur.by\/de\/wp-json\/wp\/v2\/users\/1\/"}],"replies":[{"embeddable":true,"href":"https:\/\/extur.by\/de\/wp-json\/wp\/v2\/comments\/?post=3237"}],"version-history":[{"count":11,"href":"https:\/\/extur.by\/de\/wp-json\/wp\/v2\/pages\/3237\/revisions\/"}],"predecessor-version":[{"id":3826,"href":"https:\/\/extur.by\/de\/wp-json\/wp\/v2\/pages\/3237\/revisions\/3826\/"}],"up":[{"embeddable":true,"href":"https:\/\/extur.by\/de\/wp-json\/wp\/v2\/pages\/3211\/"}],"wp:attachment":[{"href":"https:\/\/extur.by\/de\/wp-json\/wp\/v2\/media\/?parent=3237"}],"curies":[{"name":"wp","href":"https:\/\/api.w.org\/{rel}","templated":true}]}}