{"id":2971,"date":"2019-05-24T15:24:41","date_gmt":"2019-05-24T12:24:41","guid":{"rendered":"https:\/\/extur.by\/fur-partner\/"},"modified":"2019-05-24T15:24:41","modified_gmt":"2019-05-24T12:24:41","slug":"fur-partner","status":"publish","type":"page","link":"https:\/\/extur.by\/de\/fur-partner\/","title":{"rendered":"F\u00fcr Partner"},"content":{"rendered":"<p>[vc_row wrapper_container=&#8221;content-block&#8221; entrada_row_bgcolor=&#8221;bg-white&#8221; lg_spacing=&#8221;padding_top:60&#8243; md_spacing=&#8221;padding_top:40&#8243; sm_spacing=&#8221;padding_top:20&#8243; xs_spacing=&#8221;padding_top:20&#8243;][vc_column][vc_column_text]<strong>Sehr geehrte Damen und Herren!<\/strong><\/p>\n<p><span lang=\"de\" tabindex=\"0\">Gesellschaft mit beschr\u00e4nkter Haftung <strong>\u00abExpert Tour\u00bb <\/strong>l\u00e4dt Sie ein, unseren Vorschlag auszunutzen und bietet an:<\/span><\/p>\n<p><strong>Breites Spektrum der touristischen Mittel:<\/strong><\/p>\n<ul>\n<li>Organisation der Exkursionsprogramme f\u00fcr Belarus nicht nur f\u00fcr die ausl\u00e4ndischen Reiseveranstalter, sondern auch f\u00fcr die ausl\u00e4ndischen Touristen, die gern mit Freunden reisen;<\/li>\n<li>Visaunterst\u00fctzung;<\/li>\n<li>Flugtickets.<\/li>\n<\/ul>\n<p><strong>Tours mit dem eigenartigen belarussischen Kolorit:<\/strong><\/p>\n<ul>\n<li>Besuch der besten belarussischen B\u00fchnenfestivals, Volksfeste, Ritterturniere.<\/li>\n<li>Zeichentricktours.<\/li>\n<\/ul>\n<p><strong>Meisterklassen:<\/strong><\/p>\n<ul>\n<li>T\u00f6pferei,<\/li>\n<li>Weberei,<\/li>\n<li>Herstellung der Erzeugnisse aus Holz,<\/li>\n<li>kulinarische Meisterklassen,<\/li>\n<li>Meisterklassen mit der Ausbildung den belarussischen Volkst\u00e4nzen,<\/li>\n<\/ul>\n<p><strong>Produktionstourismus mit dem Besuch:<\/strong><\/p>\n<ul>\n<li>Abteilungen nach der Produktion der K\u00e4se der Fabrik der Publikumsgesellschaft \u00abMilchwelt\u00bb,<\/li>\n<li>Abteilungen nach der Produktion der Konditorerzeugnisse mit der Verkostung der s\u00fc\u00dflichen Produktion der S\u00fc\u00dfwarenfabrik \u00abKommunarka\u00bb;<\/li>\n<li>ins Herzen des Betriebs liegt Abteilung der Bierbrauerei \u00abLidsker Bier\u00bb, wo die Exkursionsteilnehmer durch die Stra\u00dfe Piwnaja zu 140-j\u00e4hrigem Haus, wo Produktion von &#8220;Lidskoje&#8221; angefangen hat. Sie werden erfahren, wie Bier richtig schmecken;<\/li>\n<li>Abteilungen nach der Herstellung des Kristalls und dem farbigen Glas, des Museums mit den Arbeiten der besten Maler und Glasbetriebs \u00abNeman\u00bb,<\/li>\n<li>Des Museums und Bekanntschaft mit der Geschichte der Sluzker G\u00fcrtel, sowie mit der einzigartigen Technologie der Weberei die Fabriken \u00abSluzker G\u00fcrtel\u00bb;<\/li>\n<li>Wir werden die Geschichte und die Produktionsgeheimnisse der belarussischen Riesenwagen kennenlernen, die man sehen kann, einschlie\u00dflich das gr\u00f6\u00dften BelAS<\/li>\n<\/ul>\n<p><strong>Jeeps-Tours (der Extremismus-Orientierung durch die W\u00e4lder des Grodnoer Bezirkes auf den Gel\u00e4ndewagen);<\/strong><\/p>\n<p><strong>Radtours;<\/strong><\/p>\n<p><strong>Besuch des Augustkanals und die Legierung mit dem Paddelbooten nach den Schleusen<\/strong><\/p>\n<p>Wir gew\u00e4hren die professionellen Konsultationen nach Wahl des Vorschlages, die sehr genau entsprechend Ihren Erwartungen.<\/p>\n<p>Um die unglaublichen Eindr\u00fccke von den Reisen zu bekommen, ist es ganz nicht obligatorisch, nach den am meisten angepreisten Richtungen zu reisen. Die bemerkenswerten und eigenartigen Orten, wo man anzaubernde Natur und Denkm\u00e4ler der Architektur von Belarus sehen kann. Unser Land hat sehr viele interessante Sache, ist es freigebig und gastfreundlich.N\u00e4he und Bequemlichkeit der Reiserouten werden die Reisenden nicht erm\u00fcden, und im Ged\u00e4chtnis sehr lang bleiben.<\/p>\n<p><span lang=\"de\" tabindex=\"0\"><strong>Gesellschaft mit beschr\u00e4nkter Haftung \u00abExpert Tour\u00bb bietet die qualifizierte Hilfe in der Organisation verschiedener Reisen und der Exkursionen durch Belarus an:<\/strong><\/span><\/p>\n<p>Wir bieten Sie die wissenswerten Exkursionen:<\/p>\n<p><strong>Nach der k\u00f6niglichen Stadt Grodno und Grodnoer Gebiet : <\/strong><\/p>\n<p>Wir werden die architektonischen Hauptsehensw\u00fcrdigkeiten anschauen: Altes (Oberes) Schloss und Neues (Unteres) Schloss, Kirche der Heiligen Boris und Gleb, Heilig-Pokrowski Kathedrale,Franz-Xaver-Kathedrale und andere historische Bauten;<\/p>\n<p><strong>Um sich mit dem Kolorit des Grodnoer Gebiets bekannt zu machen, werden wir besuchen:<\/strong><\/p>\n<ul>\n<li>Augustkanal \u2013 die Wiege drei V\u00f6lker;<\/li>\n<\/ul>\n<p><strong>Architektonische und historische Denkm\u00e4ler:<\/strong><\/p>\n<ul>\n<li>Lida;<\/li>\n<li>Mir-Njaswisch;<\/li>\n<li>Slonim-\u017byrowicze-Sinkowitschi;<\/li>\n<\/ul>\n<p><strong>Und noch Menge der Exkursionen mit dem Besuch der Sehensw\u00fcrdigkeiten in verschiedenen St\u00e4dten Belarus: Minsk, Wizebsk, Polazk usw.<\/strong><\/p>\n<p>Wir gew\u00e4hren die Dienstleistungen des Stadtf\u00fchrers , der hinreissend und informativ Ihnen \u00fcber Bauten, Ereignisse der einstigen Zeiten, Besonderheiten und einzigartigen Sehensw\u00fcrdigkeiten erz\u00e4hlen.<\/p>\n<p>Mit unserer Hilfe werden Ihrer Reise komfortabel und interessant. Wir haben die bedeutende erfolgreiche Erfahrung der ausgezeichneten Organisation der Reisen f\u00fcr verschiedene Gruppen.<\/p>\n<p>\u00d6ffnen Sie Belarus mit dem <span lang=\"de\" tabindex=\"0\">Gesellschaft mit beschr\u00e4nkter Haftung <strong>\u00abExpert Tour\u00bb.<\/strong><\/span>[\/vc_column_text][\/vc_column][\/vc_row]<\/p>\n","protected":false},"excerpt":{"rendered":"[vc_row wrapper_container=&#8221;content-block&#8221; entrada_row_bgcolor=&#8221;bg-white&#8221; lg_spacing=&#8221;padding_top:60&#8243; md_spacing=&#8221;padding_top:40&#8243; sm_spacing=&#8221;padding_top:20&#8243; xs_spacing=&#8221;padding_top:20&#8243;][vc_column][vc_column_text]Sehr geehrte Damen und Herren! Gesellschaft mit beschr\u00e4nkter Haftung \u00abExpert Tour\u00bb l\u00e4dt Sie ein, unseren Vorschlag auszunutzen und bietet an: Breites Spektrum der touristischen Mittel: Organisation der Exkursionsprogramme f\u00fcr Belarus nicht nur f\u00fcr die ausl\u00e4ndischen Reiseveranstalter, sondern auch f\u00fcr die ausl\u00e4ndischen Touristen, die gern mit Freunden reisen; Visaunterst\u00fctzung; Flugtickets. Tours mit dem eigenartigen belarussischen Kolorit: Besuch der besten belarussischen B\u00fchnenfestivals, Volksfeste, Ritterturniere. Zeichentricktours. Meisterklassen: T\u00f6pferei, Weberei, Herstellung der Erzeugnisse aus Holz, kulinarische Meisterklassen, Meisterklassen mit der Ausbildung den belarussischen Volkst\u00e4nzen, Produktionstourismus mit dem Besuch: Abteilungen nach der Produktion der K\u00e4se der Fabrik der Publikumsgesellschaft \u00abMilchwelt\u00bb, Abteilungen nach der Produktion der Konditorerzeugnisse mit der Verkostung der s\u00fc\u00dflichen Produktion der S\u00fc\u00dfwarenfabrik \u00abKommunarka\u00bb; ins Herzen des Betriebs liegt Abteilung der Bierbrauerei \u00abLidsker Bier\u00bb, wo die Exkursionsteilnehmer durch die Stra\u00dfe Piwnaja zu 140-j\u00e4hrigem Haus, wo Produktion von &#8220;Lidskoje&#8221; angefangen hat. Sie werden erfahren, wie Bier richtig schmecken; Abteilungen nach der Herstellung des Kristalls und dem farbigen Glas, des Museums mit den Arbeiten der besten Maler und Glasbetriebs \u00abNeman\u00bb, Des Museums und Bekanntschaft mit der Geschichte der Sluzker G\u00fcrtel, sowie mit der einzigartigen Technologie der Weberei die Fabriken \u00abSluzker G\u00fcrtel\u00bb; Wir werden die Geschichte und die Produktionsgeheimnisse der belarussischen Riesenwagen kennenlernen, die man sehen kann, einschlie\u00dflich das gr\u00f6\u00dften BelAS Jeeps-Tours (der Extremismus-Orientierung durch die W\u00e4lder des Grodnoer Bezirkes auf den Gel\u00e4ndewagen); Radtours; Besuch des Augustkanals und die Legierung mit dem Paddelbooten nach den Schleusen Wir gew\u00e4hren die professionellen Konsultationen nach Wahl des Vorschlages, die sehr genau entsprechend Ihren Erwartungen. Um die unglaublichen Eindr\u00fccke von den Reisen zu bekommen, ist es ganz nicht obligatorisch, nach den am meisten angepreisten Richtungen zu reisen. Die bemerkenswerten und eigenartigen Orten, wo man anzaubernde Natur und Denkm\u00e4ler der Architektur von Belarus sehen kann. Unser Land hat sehr viele interessante Sache, ist es freigebig und gastfreundlich.N\u00e4he und Bequemlichkeit der Reiserouten werden die Reisenden nicht erm\u00fcden, und im Ged\u00e4chtnis sehr lang bleiben. Gesellschaft mit beschr\u00e4nkter Haftung \u00abExpert Tour\u00bb bietet die qualifizierte Hilfe in der Organisation verschiedener Reisen und der Exkursionen durch Belarus an: Wir bieten Sie die wissenswerten Exkursionen: Nach der k\u00f6niglichen Stadt Grodno und Grodnoer Gebiet : Wir werden die architektonischen Hauptsehensw\u00fcrdigkeiten anschauen: Altes (Oberes) Schloss und Neues (Unteres) Schloss, Kirche der Heiligen Boris und Gleb, Heilig-Pokrowski Kathedrale,Franz-Xaver-Kathedrale und andere historische Bauten; Um sich mit dem Kolorit des Grodnoer Gebiets bekannt zu machen, werden wir besuchen: Augustkanal \u2013 die Wiege drei V\u00f6lker; Architektonische und historische Denkm\u00e4ler: Lida; Mir-Njaswisch; Slonim-\u017byrowicze-Sinkowitschi; Und noch Menge der Exkursionen mit dem Besuch der Sehensw\u00fcrdigkeiten in verschiedenen St\u00e4dten Belarus: Minsk, Wizebsk, Polazk usw. Wir gew\u00e4hren die Dienstleistungen des Stadtf\u00fchrers , der hinreissend und informativ Ihnen \u00fcber Bauten, Ereignisse der einstigen Zeiten, Besonderheiten und einzigartigen Sehensw\u00fcrdigkeiten erz\u00e4hlen. Mit unserer Hilfe werden Ihrer Reise komfortabel und interessant. Wir haben die bedeutende erfolgreiche Erfahrung der ausgezeichneten Organisation der Reisen f\u00fcr verschiedene Gruppen. \u00d6ffnen Sie Belarus mit dem Gesellschaft mit beschr\u00e4nkter Haftung \u00abExpert Tour\u00bb.[\/vc_column_text][\/vc_column][\/vc_row]","protected":false},"author":1,"featured_media":0,"parent":0,"menu_order":0,"comment_status":"closed","ping_status":"closed","template":"","meta":[],"_links":{"self":[{"href":"https:\/\/extur.by\/de\/wp-json\/wp\/v2\/pages\/2971\/"}],"collection":[{"href":"https:\/\/extur.by\/de\/wp-json\/wp\/v2\/pages\/"}],"about":[{"href":"https:\/\/extur.by\/de\/wp-json\/wp\/v2\/types\/page\/"}],"author":[{"embeddable":true,"href":"https:\/\/extur.by\/de\/wp-json\/wp\/v2\/users\/1\/"}],"replies":[{"embeddable":true,"href":"https:\/\/extur.by\/de\/wp-json\/wp\/v2\/comments\/?post=2971"}],"version-history":[{"count":1,"href":"https:\/\/extur.by\/de\/wp-json\/wp\/v2\/pages\/2971\/revisions\/"}],"predecessor-version":[{"id":2972,"href":"https:\/\/extur.by\/de\/wp-json\/wp\/v2\/pages\/2971\/revisions\/2972\/"}],"wp:attachment":[{"href":"https:\/\/extur.by\/de\/wp-json\/wp\/v2\/media\/?parent=2971"}],"curies":[{"name":"wp","href":"https:\/\/api.w.org\/{rel}","templated":true}]}}