{"id":2967,"date":"2019-05-24T12:27:11","date_gmt":"2019-05-24T09:27:11","guid":{"rendered":"https:\/\/extur.by\/uber-uns\/"},"modified":"2019-05-24T12:27:12","modified_gmt":"2019-05-24T09:27:12","slug":"uber-uns","status":"publish","type":"page","link":"https:\/\/extur.by\/de\/uber-uns\/","title":{"rendered":"\u00dcber uns"},"content":{"rendered":"<p>[vc_row lg_spacing=&#8221;padding_top:60&#8243;][vc_column][vc_column_text]<br \/>\nBESTE REISEROUTEN<\/p>\n<p>Wir bieten die Organisation der hinreissenden Tours und der Besichtigungsfahrten nach den historischen und kulturellen Stellen Grodnos und Gebiets Grodno und der Tours durch Belarus, einschlie\u00dflich die Mehrtagestours in andere L\u00e4nder, an.<\/p>\n<p>Wir ber\u00fccksichtigen Ihre W\u00fcnsche und \u00a0k\u00f6nnen Eintafes- oder Mehrtagestours, Wochenende- oder Feiertagestpurs, Exkursion f\u00fcr Sch\u00fcler oder korporative Fahrten, Abfahrten zum Meer mit\/ohne Ansiedeln, der Heilfahrten und andere Tours organisieren.<\/p>\n<p>TRANSFER IN\/AUS EINES EISENBAHN- BAHNHOFS\/FLUGHAFENS<\/p>\n<p>Wunschgem\u00e4\u00df bieten wir \u00dcberf\u00fchrung der organisierten Gruppe in\/aus eines Eisenbahn- Bahnhofs oder des Flughafens mit dem Vertreter unseres Reiseb\u00fcros an.<\/p>\n<p>BESTE STADTF\u00dcHRER<\/p>\n<p>Wenn Sie uns w\u00e4hlen, erweisen Sie sich in guten H\u00e4nden des professionellen Stadtf\u00fchrers , der f\u00fcr Sie die interessantesten Exkursionen durchf\u00fchren. Stadtf\u00fchrer helfen Sie die bezaubernde Welt der Geheimnisse und die geheimnisvollen Ereignisse zu erkennen.<\/p>\n<p>RESERVIERUNG DES HOTELS<\/p>\n<p>F\u00fcr alle fremden und ausl\u00e4ndischen G\u00e4ste werden die Tours nach Grodnos und Gebiets Grodno mit der Unterbringung in den besten Hotels der Stadt mit einer Ern\u00e4hrung in den Restaurants, Caf\u00e9s oder Gastst\u00e4tten und mit dem saturierten Exkursionsprogramm angeboten. Diese Tours haben die attraktivsten touristischen Objekte.<\/p>\n<p><span lang=\"de\" tabindex=\"0\">PREMIUM TOURS<\/span><\/p>\n<p>Wir \u00fcbernehmen die Touristen verschiedener Kategorien und wir bieten die breiteste Auswahl der touristisch-exkursionen Dienstleistungen an.<\/p>\n<p>Wir arbeiten nicht nur mit den gro\u00dfen Gruppen der Touristen (bis 30-40 Personen), sondern auch mit den nicht standardm\u00e4ssigen Gruppen, sowie mit den einzelnen Touristen.<\/p>\n<p>Wir bilden die individuellen Exkursionsprogramme, in die alle Ihre W\u00fcnsche ber\u00fccksichtigt werden.<\/p>\n<p>F\u00dcR TOURISTEN<\/p>\n<p>Wir sind f\u00fcr W\u00fcnsche der Touristen immer ge\u00f6ffnet und teilnahmsvoll. Wir sch\u00e4tzen \u00abR\u00fcckfaktor\u00bb, deshalb viele Toursten, wer sich zu uns einmal gewandt hat, sind unsere st\u00e4ndigen Touristen!<\/p>\n<p>TECHNISCHE UNTERST\u00dcTZUNG<\/p>\n<p>Unsere Erfahrung in der Kombination mit den modernen Technologien l\u00e4sst f\u00fcr den Touristen aus der Menge der Vorschl\u00e4ge dieser Reiseveranstalter, deren Zuverl\u00e4ssigkeit und Qualit\u00e4t der Dienstleistungen die Zweifeln nicht schaffen, zu w\u00e4hlen.<br \/>\n[\/vc_column_text][\/vc_column][\/vc_row]<\/p>\n","protected":false},"excerpt":{"rendered":"[vc_row lg_spacing=&#8221;padding_top:60&#8243;][vc_column][vc_column_text] BESTE REISEROUTEN Wir bieten die Organisation der hinreissenden Tours und der Besichtigungsfahrten nach den historischen und kulturellen Stellen Grodnos und Gebiets Grodno und der Tours durch Belarus, einschlie\u00dflich die Mehrtagestours in andere L\u00e4nder, an. Wir ber\u00fccksichtigen Ihre W\u00fcnsche und \u00a0k\u00f6nnen Eintafes- oder Mehrtagestours, Wochenende- oder Feiertagestpurs, Exkursion f\u00fcr Sch\u00fcler oder korporative Fahrten, Abfahrten zum Meer mit\/ohne Ansiedeln, der Heilfahrten und andere Tours organisieren. TRANSFER IN\/AUS EINES EISENBAHN- BAHNHOFS\/FLUGHAFENS Wunschgem\u00e4\u00df bieten wir \u00dcberf\u00fchrung der organisierten Gruppe in\/aus eines Eisenbahn- Bahnhofs oder des Flughafens mit dem Vertreter unseres Reiseb\u00fcros an. BESTE STADTF\u00dcHRER Wenn Sie uns w\u00e4hlen, erweisen Sie sich in guten H\u00e4nden des professionellen Stadtf\u00fchrers , der f\u00fcr Sie die interessantesten Exkursionen durchf\u00fchren. Stadtf\u00fchrer helfen Sie die bezaubernde Welt der Geheimnisse und die geheimnisvollen Ereignisse zu erkennen. RESERVIERUNG DES HOTELS F\u00fcr alle fremden und ausl\u00e4ndischen G\u00e4ste werden die Tours nach Grodnos und Gebiets Grodno mit der Unterbringung in den besten Hotels der Stadt mit einer Ern\u00e4hrung in den Restaurants, Caf\u00e9s oder Gastst\u00e4tten und mit dem saturierten Exkursionsprogramm angeboten. Diese Tours haben die attraktivsten touristischen Objekte. PREMIUM TOURS Wir \u00fcbernehmen die Touristen verschiedener Kategorien und wir bieten die breiteste Auswahl der touristisch-exkursionen Dienstleistungen an. Wir arbeiten nicht nur mit den gro\u00dfen Gruppen der Touristen (bis 30-40 Personen), sondern auch mit den nicht standardm\u00e4ssigen Gruppen, sowie mit den einzelnen Touristen. Wir bilden die individuellen Exkursionsprogramme, in die alle Ihre W\u00fcnsche ber\u00fccksichtigt werden. F\u00dcR TOURISTEN Wir sind f\u00fcr W\u00fcnsche der Touristen immer ge\u00f6ffnet und teilnahmsvoll. Wir sch\u00e4tzen \u00abR\u00fcckfaktor\u00bb, deshalb viele Toursten, wer sich zu uns einmal gewandt hat, sind unsere st\u00e4ndigen Touristen! TECHNISCHE UNTERST\u00dcTZUNG Unsere Erfahrung in der Kombination mit den modernen Technologien l\u00e4sst f\u00fcr den Touristen aus der Menge der Vorschl\u00e4ge dieser Reiseveranstalter, deren Zuverl\u00e4ssigkeit und Qualit\u00e4t der Dienstleistungen die Zweifeln nicht schaffen, zu w\u00e4hlen. [\/vc_column_text][\/vc_column][\/vc_row]","protected":false},"author":1,"featured_media":0,"parent":0,"menu_order":0,"comment_status":"closed","ping_status":"closed","template":"","meta":[],"_links":{"self":[{"href":"https:\/\/extur.by\/de\/wp-json\/wp\/v2\/pages\/2967\/"}],"collection":[{"href":"https:\/\/extur.by\/de\/wp-json\/wp\/v2\/pages\/"}],"about":[{"href":"https:\/\/extur.by\/de\/wp-json\/wp\/v2\/types\/page\/"}],"author":[{"embeddable":true,"href":"https:\/\/extur.by\/de\/wp-json\/wp\/v2\/users\/1\/"}],"replies":[{"embeddable":true,"href":"https:\/\/extur.by\/de\/wp-json\/wp\/v2\/comments\/?post=2967"}],"version-history":[{"count":1,"href":"https:\/\/extur.by\/de\/wp-json\/wp\/v2\/pages\/2967\/revisions\/"}],"predecessor-version":[{"id":2968,"href":"https:\/\/extur.by\/de\/wp-json\/wp\/v2\/pages\/2967\/revisions\/2968\/"}],"wp:attachment":[{"href":"https:\/\/extur.by\/de\/wp-json\/wp\/v2\/media\/?parent=2967"}],"curies":[{"name":"wp","href":"https:\/\/api.w.org\/{rel}","templated":true}]}}