{"id":2965,"date":"2019-05-24T10:50:54","date_gmt":"2019-05-24T07:50:54","guid":{"rendered":"https:\/\/extur.by\/startseite\/"},"modified":"2020-02-10T09:51:46","modified_gmt":"2020-02-10T06:51:46","slug":"startseite","status":"publish","type":"page","link":"https:\/\/extur.by\/de\/startseite\/","title":{"rendered":"Startseite"},"content":{"rendered":"<p>[vc_row wrapper_container=&#8221;content-block-no-padding-margin&#8221; lg_spacing=&#8221;margin_bottom:-35&#8243; md_spacing=&#8221;margin_bottom:-35&#8243;][vc_column lg_spacing=&#8221;margin_bottom:-35&#8243;][rev_slider_vc alias=&#8221;slider-1&#8243;][\/vc_column][\/vc_row][vc_row full_width=&#8221;stretch_row&#8221; equal_height=&#8221;yes&#8221; content_placement=&#8221;top&#8221; background_color=&#8221;gradient&#8221; overlay_background=&#8221;overlay_custom_background&#8221; overlay_custom_background=&#8221;#4a5f8a&#8221; overlay_opacity=&#8221;50&#8243; background_gradient=&#8221;background: -webkit-gradient(linear, left top, left bottom, color-stop(0%, #0F2F82), color-stop(100%, #092261));background: -moz-linear-gradient(top,#0F2F82 0%,#092261 100%);background: -webkit-linear-gradient(top,#0F2F82 0%,#092261 100%);background: -o-linear-gradient(top,#0F2F82 0%,#092261 100%);background: -ms-linear-gradient(top,#0F2F82 0%,#092261 100%);background: linear-gradient(top,#0F2F82 0%,#092261 100%);&#8221;][vc_column offset=&#8221;vc_col-lg-offset-1 vc_col-lg-10 vc_col-md-offset-0 vc_col-md-12 vc_col-sm-offset-0&#8243; lg_spacing=&#8221;margin_top:35&#8243;][vc_row_inner el_class=&#8221;home__contacts__block&#8221; gutter=&#8221;lg:20&#8243;][vc_column_inner width=&#8221;1\/3&#8243;][vc_column_text]GMBH \u00abExpert Tour\u00bb<br \/>\nNIP \u200e590887348<br \/>\n230025, Belarus,Grodno,<br \/>\nSamkowaja Stra\u00dfe, 12-201\/5[\/vc_column_text][\/vc_column_inner][vc_column_inner width=&#8221;1\/3&#8243;][vc_column_text]<a href=\"mailto:biuro@extur.by\"><i class=\"fa fa-envelope\"><\/i> biuro@extur.by<\/a><br \/>\n<a href=\"skype:vitalina7373\"><i class=\"fa fa-skype\"><\/i> vitalina7373<\/a>[\/vc_column_text][\/vc_column_inner][vc_column_inner width=&#8221;1\/3&#8243;][tm_social_networks skin=&#8221;light&#8221; align=&#8221;center&#8221; tooltip_enable=&#8221;&#8221; items=&#8221;%5B%7B%22title%22%3A%22instagram%22%2C%22link%22%3A%22https%3A%2F%2Fwww.instagram.com%2Fexpert_tourde.by%2F%22%2C%22type%22%3A%22fontawesome%22%2C%22icon_fontawesome%22%3A%22fa%20fa-instagram%22%2C%22icon_pe7stroke%22%3A%22pe-7s-album%22%2C%22icon_linea%22%3A%22icon-basic-accelerator%22%7D%5D&#8221;][\/vc_column_inner][\/vc_row_inner][\/vc_column][\/vc_row][vc_row full_width=&#8221;stretch_row_content&#8221; equal_height=&#8221;yes&#8221; content_placement=&#8221;middle&#8221; el_class=&#8221;home__menu__bottom&#8221; md_spacing=&#8221;padding_top:20;padding_bottom:10&#8243; sm_spacing=&#8221;padding_top:20;padding_bottom:10&#8243; lg_spacing=&#8221;padding_top:15;padding_bottom:20&#8243; xs_spacing=&#8221;padding_top:20;padding_bottom:10&#8243;][vc_column][tm_w_better_custom_menu alignment=&#8221;horizontal&#8221; el_class=&#8221;pre-footer-menu&#8221; nav_menu=&#8221;bottom-menu&#8221;][\/vc_column][\/vc_row][vc_row full_width=&#8221;stretch_row&#8221; equal_height=&#8221;yes&#8221; content_placement=&#8221;top&#8221; disable_element=&#8221;yes&#8221; background_color=&#8221;gradient&#8221; overlay_background=&#8221;overlay_custom_background&#8221; overlay_custom_background=&#8221;#4a5f8a&#8221; overlay_opacity=&#8221;50&#8243; background_gradient=&#8221;background: -webkit-gradient(linear, left top, left bottom, color-stop(0%, #0F2F82), color-stop(100%, #092261));background: -moz-linear-gradient(top,#0F2F82 0%,#092261 100%);background: -webkit-linear-gradient(top,#0F2F82 0%,#092261 100%);background: -o-linear-gradient(top,#0F2F82 0%,#092261 100%);background: -ms-linear-gradient(top,#0F2F82 0%,#092261 100%);background: linear-gradient(top,#0F2F82 0%,#092261 100%);&#8221; lg_spacing=&#8221;padding_top:20&#8243; md_spacing=&#8221;padding_top:20&#8243; sm_spacing=&#8221;padding_top:10&#8243; xs_spacing=&#8221;margin_bottom:0;padding_top:10&#8243; el_class=&#8221;home__contacts__block&#8221; gutter=&#8221;xs:5;sm:5;md:5;lg:5&#8243;][vc_column width=&#8221;1\/4&#8243;][vc_column_text]<\/p>\n<pre id=\"tw-target-text\" class=\"tw-data-text tw-ta tw-text-medium\" data-placeholder=\"\u041f\u0435\u0440\u0435\u0432\u043e\u0434\" data-fulltext=\"\"><span lang=\"de\" tabindex=\"0\">Gesellschaft mit beschr\u00e4nkter Haftung \"Expert Tour\"\r\n230025, Grodno,\r\nStra\u00dfe Zamkowaja, 11, B\u00fcro 201\/5<\/span><\/pre>\n<p>[\/vc_column_text][\/vc_column][vc_column width=&#8221;1\/4&#8243;][vc_column_text]<a class=\"phone__link\" href=\"tel:+375297821472\">+375 (29) 782-14-72\u00a0<\/a><br \/>\n<a class=\"phone__link\" href=\"tel:+375445741472\"><i class=\"fa fa-phone\"><\/i>+375 (44) 574-14-72 (<i class=\"fab fa-viber\"><\/i>\u00a0<i class=\"fa fa-whatsapp\"><\/i>)<\/a><br \/>\n<a class=\"phone__link\" href=\"tel:+375333518772\"><i class=\"fa fa-phone\"><\/i>+375 (33) 351-87-72 (<i class=\"fab fa-viber\"><\/i>\u00a0<i class=\"fa fa-whatsapp\"><\/i>)<\/a>[\/vc_column_text][\/vc_column][vc_column width=&#8221;1\/4&#8243;][vc_column_text]<a href=\"mailto:vitalina7373@rambler.ru\">vitalina7373@rambler.ru<\/a><br \/>\n<a href=\"skype:vitalina7373\"><i class=\"fa fa-skype\"><\/i>vitalina7373<\/a>[\/vc_column_text][\/vc_column][vc_column width=&#8221;1\/4&#8243;][vc_column_text css=&#8221;.vc_custom_1549286025293{margin-bottom: 0px !important;}&#8221;]Soziale Netzwerke[\/vc_column_text][tm_social_networks skin=&#8221;light&#8221; align=&#8221;center&#8221; tooltip_enable=&#8221;&#8221; items=&#8221;%5B%7B%22title%22%3A%22Facebook%22%2C%22link%22%3A%22https%3A%2F%2Fwww.facebook.com%2Fprofile.php%3Fid%3D100014298575590%22%2C%22type%22%3A%22fontawesome%22%2C%22icon_fontawesome%22%3A%22fa%20fa-facebook%22%2C%22icon_pe7stroke%22%3A%22pe-7s-album%22%2C%22icon_linea%22%3A%22icon-basic-accelerator%22%7D%2C%7B%22title%22%3A%22instagram%22%2C%22link%22%3A%22https%3A%2F%2Fwww.instagram.com%2Fextur.by%2F%22%2C%22type%22%3A%22fontawesome%22%2C%22icon_fontawesome%22%3A%22fa%20fa-instagram%22%2C%22icon_pe7stroke%22%3A%22pe-7s-album%22%2C%22icon_linea%22%3A%22icon-basic-accelerator%22%7D%2C%7B%22title%22%3A%22Vk%22%2C%22link%22%3A%22https%3A%2F%2Fvk.com%2Fexpert_tour%22%2C%22type%22%3A%22fontawesome%22%2C%22icon_fontawesome%22%3A%22fa%20fa-vk%22%2C%22icon_pe7stroke%22%3A%22pe-7s-album%22%2C%22icon_linea%22%3A%22icon-basic-accelerator%22%7D%5D&#8221;][\/vc_column][\/vc_row]<\/p>\n","protected":false},"excerpt":{"rendered":"[vc_row wrapper_container=&#8221;content-block-no-padding-margin&#8221; lg_spacing=&#8221;margin_bottom:-35&#8243; md_spacing=&#8221;margin_bottom:-35&#8243;][vc_column lg_spacing=&#8221;margin_bottom:-35&#8243;][rev_slider_vc alias=&#8221;slider-1&#8243;][\/vc_column][\/vc_row][vc_row full_width=&#8221;stretch_row&#8221; equal_height=&#8221;yes&#8221; content_placement=&#8221;top&#8221; background_color=&#8221;gradient&#8221; overlay_background=&#8221;overlay_custom_background&#8221; overlay_custom_background=&#8221;#4a5f8a&#8221; overlay_opacity=&#8221;50&#8243; background_gradient=&#8221;background: -webkit-gradient(linear, left top, left bottom, color-stop(0%, #0F2F82), color-stop(100%, #092261));background: -moz-linear-gradient(top,#0F2F82 0%,#092261 100%);background: -webkit-linear-gradient(top,#0F2F82 0%,#092261 100%);background: -o-linear-gradient(top,#0F2F82 0%,#092261 100%);background: -ms-linear-gradient(top,#0F2F82 0%,#092261 100%);background: linear-gradient(top,#0F2F82 0%,#092261 100%);&#8221;][vc_column offset=&#8221;vc_col-lg-offset-1 vc_col-lg-10 vc_col-md-offset-0 vc_col-md-12 vc_col-sm-offset-0&#8243; lg_spacing=&#8221;margin_top:35&#8243;][vc_row_inner el_class=&#8221;home__contacts__block&#8221; gutter=&#8221;lg:20&#8243;][vc_column_inner width=&#8221;1\/3&#8243;][vc_column_text]GMBH \u00abExpert Tour\u00bb NIP \u200e590887348 230025, Belarus,Grodno, Samkowaja Stra\u00dfe, 12-201\/5[\/vc_column_text][\/vc_column_inner][vc_column_inner width=&#8221;1\/3&#8243;][vc_column_text] biuro@extur.by vitalina7373[\/vc_column_text][\/vc_column_inner][vc_column_inner width=&#8221;1\/3&#8243;][tm_social_networks skin=&#8221;light&#8221; align=&#8221;center&#8221; tooltip_enable=&#8221;&#8221; items=&#8221;%5B%7B%22title%22%3A%22instagram%22%2C%22link%22%3A%22https%3A%2F%2Fwww.instagram.com%2Fexpert_tourde.by%2F%22%2C%22type%22%3A%22fontawesome%22%2C%22icon_fontawesome%22%3A%22fa%20fa-instagram%22%2C%22icon_pe7stroke%22%3A%22pe-7s-album%22%2C%22icon_linea%22%3A%22icon-basic-accelerator%22%7D%5D&#8221;][\/vc_column_inner][\/vc_row_inner][\/vc_column][\/vc_row][vc_row full_width=&#8221;stretch_row_content&#8221; equal_height=&#8221;yes&#8221; content_placement=&#8221;middle&#8221; el_class=&#8221;home__menu__bottom&#8221; md_spacing=&#8221;padding_top:20;padding_bottom:10&#8243; sm_spacing=&#8221;padding_top:20;padding_bottom:10&#8243; lg_spacing=&#8221;padding_top:15;padding_bottom:20&#8243; xs_spacing=&#8221;padding_top:20;padding_bottom:10&#8243;][vc_column][tm_w_better_custom_menu alignment=&#8221;horizontal&#8221; el_class=&#8221;pre-footer-menu&#8221; nav_menu=&#8221;bottom-menu&#8221;][\/vc_column][\/vc_row][vc_row full_width=&#8221;stretch_row&#8221; equal_height=&#8221;yes&#8221; content_placement=&#8221;top&#8221; disable_element=&#8221;yes&#8221; background_color=&#8221;gradient&#8221; overlay_background=&#8221;overlay_custom_background&#8221; overlay_custom_background=&#8221;#4a5f8a&#8221; overlay_opacity=&#8221;50&#8243; background_gradient=&#8221;background: -webkit-gradient(linear, left top, left bottom, color-stop(0%, #0F2F82), color-stop(100%, #092261));background: -moz-linear-gradient(top,#0F2F82 0%,#092261 100%);background: -webkit-linear-gradient(top,#0F2F82 0%,#092261 100%);background: -o-linear-gradient(top,#0F2F82 0%,#092261 100%);background: -ms-linear-gradient(top,#0F2F82 0%,#092261 100%);background: linear-gradient(top,#0F2F82 0%,#092261 100%);&#8221; lg_spacing=&#8221;padding_top:20&#8243; md_spacing=&#8221;padding_top:20&#8243; sm_spacing=&#8221;padding_top:10&#8243; xs_spacing=&#8221;margin_bottom:0;padding_top:10&#8243; el_class=&#8221;home__contacts__block&#8221; gutter=&#8221;xs:5;sm:5;md:5;lg:5&#8243;][vc_column width=&#8221;1\/4&#8243;][vc_column_text] Gesellschaft mit beschr\u00e4nkter Haftung &#8220;Expert Tour&#8221; 230025, Grodno, Stra\u00dfe Zamkowaja, 11, B\u00fcro 201\/5 [\/vc_column_text][\/vc_column][vc_column width=&#8221;1\/4&#8243;][vc_column_text]+375 (29) 782-14-72\u00a0 +375 (44) 574-14-72 (\u00a0) +375 (33) 351-87-72 (\u00a0)[\/vc_column_text][\/vc_column][vc_column width=&#8221;1\/4&#8243;][vc_column_text]vitalina7373@rambler.ru vitalina7373[\/vc_column_text][\/vc_column][vc_column width=&#8221;1\/4&#8243;][vc_column_text css=&#8221;.vc_custom_1549286025293{margin-bottom: 0px !important;}&#8221;]Soziale Netzwerke[\/vc_column_text][tm_social_networks skin=&#8221;light&#8221; align=&#8221;center&#8221; tooltip_enable=&#8221;&#8221; items=&#8221;%5B%7B%22title%22%3A%22Facebook%22%2C%22link%22%3A%22https%3A%2F%2Fwww.facebook.com%2Fprofile.php%3Fid%3D100014298575590%22%2C%22type%22%3A%22fontawesome%22%2C%22icon_fontawesome%22%3A%22fa%20fa-facebook%22%2C%22icon_pe7stroke%22%3A%22pe-7s-album%22%2C%22icon_linea%22%3A%22icon-basic-accelerator%22%7D%2C%7B%22title%22%3A%22instagram%22%2C%22link%22%3A%22https%3A%2F%2Fwww.instagram.com%2Fextur.by%2F%22%2C%22type%22%3A%22fontawesome%22%2C%22icon_fontawesome%22%3A%22fa%20fa-instagram%22%2C%22icon_pe7stroke%22%3A%22pe-7s-album%22%2C%22icon_linea%22%3A%22icon-basic-accelerator%22%7D%2C%7B%22title%22%3A%22Vk%22%2C%22link%22%3A%22https%3A%2F%2Fvk.com%2Fexpert_tour%22%2C%22type%22%3A%22fontawesome%22%2C%22icon_fontawesome%22%3A%22fa%20fa-vk%22%2C%22icon_pe7stroke%22%3A%22pe-7s-album%22%2C%22icon_linea%22%3A%22icon-basic-accelerator%22%7D%5D&#8221;][\/vc_column][\/vc_row]","protected":false},"author":1,"featured_media":0,"parent":0,"menu_order":0,"comment_status":"closed","ping_status":"closed","template":"","meta":[],"_links":{"self":[{"href":"https:\/\/extur.by\/de\/wp-json\/wp\/v2\/pages\/2965\/"}],"collection":[{"href":"https:\/\/extur.by\/de\/wp-json\/wp\/v2\/pages\/"}],"about":[{"href":"https:\/\/extur.by\/de\/wp-json\/wp\/v2\/types\/page\/"}],"author":[{"embeddable":true,"href":"https:\/\/extur.by\/de\/wp-json\/wp\/v2\/users\/1\/"}],"replies":[{"embeddable":true,"href":"https:\/\/extur.by\/de\/wp-json\/wp\/v2\/comments\/?post=2965"}],"version-history":[{"count":14,"href":"https:\/\/extur.by\/de\/wp-json\/wp\/v2\/pages\/2965\/revisions\/"}],"predecessor-version":[{"id":5915,"href":"https:\/\/extur.by\/de\/wp-json\/wp\/v2\/pages\/2965\/revisions\/5915\/"}],"wp:attachment":[{"href":"https:\/\/extur.by\/de\/wp-json\/wp\/v2\/media\/?parent=2965"}],"curies":[{"name":"wp","href":"https:\/\/api.w.org\/{rel}","templated":true}]}}